{"id":34781,"date":"2025-04-14T14:07:58","date_gmt":"2025-04-14T11:07:58","guid":{"rendered":"https:\/\/ynrsolar.shop\/?post_type=product&#038;p=34781"},"modified":"2025-06-09T19:44:57","modified_gmt":"2025-06-09T16:44:57","slug":"victron-12-24v-15a-mppt-solar-charge-controller","status":"publish","type":"product","link":"https:\/\/ynrsolar.shop\/index.php\/urun\/victron-12-24v-15a-mppt-solar-charge-controller\/","title":{"rendered":"Victron 12 24V 15A MPPT Solar Charge Controller"},"content":{"rendered":"<p>12\/24V 15A MPPT Solar Charge Controller, SCC075015060R, Victron<\/p>\n<p>Model No: SmartSolar MPPT 75\/15<\/p>\n<p>SmartSolar MPPT\u00a0 75\/15<\/p>\n<p>Solar \u1e62arj Cihazlar\u0131<\/p>\n<p>Solar \u015farj cihaz\u0131, g\u00fcne\u015f panellerinden gelen enerjiyi toplar ve ak\u00fclerinizde depolar. En yeni ve en h\u0131zl\u0131 teknolojiyi kullanan SmartSolar bu enerji toplama i\u015flemini maksimum seviyeye \u00e7\u0131kar\u0131r ve ak\u00fcy\u00fc en k\u0131sa s\u00fcrede tamamen \u015farj eder. SmartSolar ak\u00fcn\u00fcn sa\u011fl\u0131\u011f\u0131n\u0131 korur ve hizmet \u00f6mr\u00fcn\u00fc uzat\u0131r.<\/p>\n<p>SmartSolar \u015farj kontrol cihaz\u0131 ciddi \u00f6l\u00e7\u00fcde bitmi\u015f bir ak\u00fcy\u00fc bile yeniden \u015farj eder. H\u00fccrelerin kal\u0131c\u0131 olarak s\u00fclfatlanmamas\u0131 ve hasar g\u00f6rmemesi kayd\u0131yla 0 Volt&#8217;a kadar d\u00fc\u015fm\u00fc\u015f bir ak\u00fc voltaj\u0131yla \u00e7al\u0131\u015fabilir.<\/p>\n","protected":false},"excerpt":{"rendered":"<p>12\/24V 15A MPPT Solar Charge Controller, SCC075015060R, Victron Model No: SmartSolar MPPT 75\/15 SmartSolar MPPT\u00a0 75\/15 Solar \u1e62arj Cihazlar\u0131 Solar<\/p>\n","protected":false},"featured_media":34810,"template":"","meta":[],"pwb-brand":[670],"product_brand":[],"product_cat":[2000,1999],"product_tag":[2034],"class_list":{"0":"post-34781","1":"product","2":"type-product","3":"status-publish","4":"has-post-thumbnail","6":"pwb-brand-victron-energy","7":"product_cat-mppt-sarj-kontrol-cihazlari","8":"product_cat-sarj-kontrol-cihazlari","9":"product_tag-victron-12-24v-15a-mppt-solar-charge-controller","11":"first","12":"instock","13":"product-type-simple"},"jetpack_sharing_enabled":true,"brands":[{"id":670,"name":"Victron Energy","slug":"victron-energy"}],"_links":{"self":[{"href":"https:\/\/ynrsolar.shop\/index.php\/wp-json\/wp\/v2\/product\/34781","targetHints":{"allow":["GET"]}}],"collection":[{"href":"https:\/\/ynrsolar.shop\/index.php\/wp-json\/wp\/v2\/product"}],"about":[{"href":"https:\/\/ynrsolar.shop\/index.php\/wp-json\/wp\/v2\/types\/product"}],"version-history":[{"count":1,"href":"https:\/\/ynrsolar.shop\/index.php\/wp-json\/wp\/v2\/product\/34781\/revisions"}],"predecessor-version":[{"id":34811,"href":"https:\/\/ynrsolar.shop\/index.php\/wp-json\/wp\/v2\/product\/34781\/revisions\/34811"}],"wp:featuredmedia":[{"embeddable":true,"href":"https:\/\/ynrsolar.shop\/index.php\/wp-json\/wp\/v2\/media\/34810"}],"wp:attachment":[{"href":"https:\/\/ynrsolar.shop\/index.php\/wp-json\/wp\/v2\/media?parent=34781"}],"wp:term":[{"taxonomy":"pwb-brand","embeddable":true,"href":"https:\/\/ynrsolar.shop\/index.php\/wp-json\/wp\/v2\/pwb-brand?post=34781"},{"taxonomy":"product_brand","embeddable":true,"href":"https:\/\/ynrsolar.shop\/index.php\/wp-json\/wp\/v2\/product_brand?post=34781"},{"taxonomy":"product_cat","embeddable":true,"href":"https:\/\/ynrsolar.shop\/index.php\/wp-json\/wp\/v2\/product_cat?post=34781"},{"taxonomy":"product_tag","embeddable":true,"href":"https:\/\/ynrsolar.shop\/index.php\/wp-json\/wp\/v2\/product_tag?post=34781"}],"curies":[{"name":"wp","href":"https:\/\/api.w.org\/{rel}","templated":true}]}}