{"id":34727,"date":"2025-04-14T14:07:35","date_gmt":"2025-04-14T11:07:35","guid":{"rendered":"https:\/\/ynrsolar.shop\/?post_type=product&#038;p=34727"},"modified":"2025-06-09T19:46:09","modified_gmt":"2025-06-09T16:46:09","slug":"arcelik-100w-katlanabilir-solar-panel","status":"publish","type":"product","link":"https:\/\/ynrsolar.shop\/index.php\/urun\/arcelik-100w-katlanabilir-solar-panel\/","title":{"rendered":"Ar\u00e7elik 100W Katlanabilir Solar Panel"},"content":{"rendered":"<div class=\"item\">\n<div>\n<div class=\"v\">Maksimum G\u00fc\u00e7 (Wp)<\/div>\n<div class=\"t\">100<\/div>\n<\/div>\n<\/div>\n<div class=\"item\">\n<div>\n<div class=\"v\">\u00dcr\u00fcn Garantisi (y\u0131l)<\/div>\n<div class=\"t\">2<\/div>\n<\/div>\n<\/div>\n<div class=\"item\">\n<div>\n<div class=\"v\">DC \u00c7\u0131k\u0131\u015f<\/div>\n<div class=\"t\">DC \u00c7\u0131k\u0131\u015f<\/div>\n<\/div>\n<\/div>\n<div class=\"item\">\n<div>\n<div class=\"v\">USB \u00c7\u0131k\u0131\u015f\u0131<\/div>\n<div class=\"t\">USB \u00c7\u0131k\u0131\u015f\u0131<\/div>\n<\/div>\n<\/div>\n","protected":false},"excerpt":{"rendered":"<p>Maksimum G\u00fc\u00e7 (Wp) 100 \u00dcr\u00fcn Garantisi (y\u0131l) 2 DC \u00c7\u0131k\u0131\u015f DC \u00c7\u0131k\u0131\u015f USB \u00c7\u0131k\u0131\u015f\u0131 USB \u00c7\u0131k\u0131\u015f\u0131<\/p>\n","protected":false},"featured_media":34606,"template":"","meta":[],"pwb-brand":[246],"product_brand":[],"product_cat":[1984,1998],"product_tag":[1592],"class_list":{"0":"post-34727","1":"product","2":"type-product","3":"status-publish","4":"has-post-thumbnail","6":"pwb-brand-arcelik","7":"product_cat-gunes-paneli","8":"product_cat-katlanir-gunes-paneli","9":"product_tag-arcelik-fsb-100w-katlanabilir-solar-panel","11":"first","12":"instock","13":"product-type-simple"},"jetpack_sharing_enabled":true,"brands":[{"id":246,"name":"Ar\u00e7elik","slug":"arcelik"}],"_links":{"self":[{"href":"https:\/\/ynrsolar.shop\/index.php\/wp-json\/wp\/v2\/product\/34727","targetHints":{"allow":["GET"]}}],"collection":[{"href":"https:\/\/ynrsolar.shop\/index.php\/wp-json\/wp\/v2\/product"}],"about":[{"href":"https:\/\/ynrsolar.shop\/index.php\/wp-json\/wp\/v2\/types\/product"}],"version-history":[{"count":1,"href":"https:\/\/ynrsolar.shop\/index.php\/wp-json\/wp\/v2\/product\/34727\/revisions"}],"predecessor-version":[{"id":34772,"href":"https:\/\/ynrsolar.shop\/index.php\/wp-json\/wp\/v2\/product\/34727\/revisions\/34772"}],"wp:featuredmedia":[{"embeddable":true,"href":"https:\/\/ynrsolar.shop\/index.php\/wp-json\/wp\/v2\/media\/34606"}],"wp:attachment":[{"href":"https:\/\/ynrsolar.shop\/index.php\/wp-json\/wp\/v2\/media?parent=34727"}],"wp:term":[{"taxonomy":"pwb-brand","embeddable":true,"href":"https:\/\/ynrsolar.shop\/index.php\/wp-json\/wp\/v2\/pwb-brand?post=34727"},{"taxonomy":"product_brand","embeddable":true,"href":"https:\/\/ynrsolar.shop\/index.php\/wp-json\/wp\/v2\/product_brand?post=34727"},{"taxonomy":"product_cat","embeddable":true,"href":"https:\/\/ynrsolar.shop\/index.php\/wp-json\/wp\/v2\/product_cat?post=34727"},{"taxonomy":"product_tag","embeddable":true,"href":"https:\/\/ynrsolar.shop\/index.php\/wp-json\/wp\/v2\/product_tag?post=34727"}],"curies":[{"name":"wp","href":"https:\/\/api.w.org\/{rel}","templated":true}]}}