{"id":34719,"date":"2025-04-14T14:07:34","date_gmt":"2025-04-14T11:07:34","guid":{"rendered":"https:\/\/ynrsolar.shop\/?post_type=product&#038;p=34719"},"modified":"2025-06-09T19:47:09","modified_gmt":"2025-06-09T16:47:09","slug":"ortec-30a-pwm-sarj-kontol-cihazi","status":"publish","type":"product","link":"https:\/\/ynrsolar.shop\/index.php\/urun\/ortec-30a-pwm-sarj-kontol-cihazi\/","title":{"rendered":"Ortec 30A Pwm \u015earj Kontol Cihaz\u0131"},"content":{"rendered":"<p>Ortec \u015earj Kontol Cihaz\u0131 30A PWM<\/p>\n","protected":false},"excerpt":{"rendered":"<p>Ortec \u015earj Kontol Cihaz\u0131 30A PWM<\/p>\n","protected":false},"featured_media":34736,"template":"","meta":[],"pwb-brand":[1760],"product_brand":[],"product_cat":[2001,1999],"product_tag":[1573],"class_list":{"0":"post-34719","1":"product","2":"type-product","3":"status-publish","4":"has-post-thumbnail","6":"pwb-brand-ortec","7":"product_cat-pwm-sarj-kontrol-cihazlari","8":"product_cat-sarj-kontrol-cihazlari","9":"product_tag-ortec-sarj-kontol-cihazi-pwm","11":"first","12":"instock","13":"product-type-simple"},"jetpack_sharing_enabled":true,"brands":[{"id":1760,"name":"Ortec","slug":"ortec"}],"_links":{"self":[{"href":"https:\/\/ynrsolar.shop\/index.php\/wp-json\/wp\/v2\/product\/34719","targetHints":{"allow":["GET"]}}],"collection":[{"href":"https:\/\/ynrsolar.shop\/index.php\/wp-json\/wp\/v2\/product"}],"about":[{"href":"https:\/\/ynrsolar.shop\/index.php\/wp-json\/wp\/v2\/types\/product"}],"version-history":[{"count":1,"href":"https:\/\/ynrsolar.shop\/index.php\/wp-json\/wp\/v2\/product\/34719\/revisions"}],"predecessor-version":[{"id":34759,"href":"https:\/\/ynrsolar.shop\/index.php\/wp-json\/wp\/v2\/product\/34719\/revisions\/34759"}],"wp:featuredmedia":[{"embeddable":true,"href":"https:\/\/ynrsolar.shop\/index.php\/wp-json\/wp\/v2\/media\/34736"}],"wp:attachment":[{"href":"https:\/\/ynrsolar.shop\/index.php\/wp-json\/wp\/v2\/media?parent=34719"}],"wp:term":[{"taxonomy":"pwb-brand","embeddable":true,"href":"https:\/\/ynrsolar.shop\/index.php\/wp-json\/wp\/v2\/pwb-brand?post=34719"},{"taxonomy":"product_brand","embeddable":true,"href":"https:\/\/ynrsolar.shop\/index.php\/wp-json\/wp\/v2\/product_brand?post=34719"},{"taxonomy":"product_cat","embeddable":true,"href":"https:\/\/ynrsolar.shop\/index.php\/wp-json\/wp\/v2\/product_cat?post=34719"},{"taxonomy":"product_tag","embeddable":true,"href":"https:\/\/ynrsolar.shop\/index.php\/wp-json\/wp\/v2\/product_tag?post=34719"}],"curies":[{"name":"wp","href":"https:\/\/api.w.org\/{rel}","templated":true}]}}