{"id":34717,"date":"2025-04-14T14:07:33","date_gmt":"2025-04-14T11:07:33","guid":{"rendered":"https:\/\/ynrsolar.shop\/?post_type=product&#038;p=34717"},"modified":"2025-06-09T19:48:21","modified_gmt":"2025-06-09T16:48:21","slug":"30a-mppt-ortec-sarj-kontol-cihazi-12v-24v","status":"publish","type":"product","link":"https:\/\/ynrsolar.shop\/index.php\/urun\/30a-mppt-ortec-sarj-kontol-cihazi-12v-24v\/","title":{"rendered":"30A Mppt Ortec \u015earj Kontol Cihaz\u0131 12V 24V"},"content":{"rendered":"<table border=\"0\" width=\"332\" cellspacing=\"0\" cellpadding=\"0\">\n<tbody>\n<tr>\n<td class=\"xl63\" width=\"182\" height=\"33\">Ak\u00fc Voltaj\u0131<\/td>\n<td class=\"xl64\" width=\"150\">12V \/ 24V<\/td>\n<\/tr>\n<tr>\n<td class=\"xl63\" height=\"33\">Maksimum \u00c7al\u0131\u015fma Ak\u0131m\u0131<\/td>\n<td class=\"xl64\">30A<\/td>\n<\/tr>\n<tr>\n<td class=\"xl63\" height=\"33\">G\u00fcne\u015f Paneli Voltaj\u0131<\/td>\n<td class=\"xl64\">100V<\/td>\n<\/tr>\n<tr>\n<td class=\"xl63\" height=\"33\">\u015earj Voltaj\u0131<\/td>\n<td class=\"xl64\">13.7V \/ 27.4V<\/td>\n<\/tr>\n<tr>\n<td class=\"xl63\" height=\"33\">D\u00fc\u015f\u00fck Voltaj Korumas\u0131<\/td>\n<td class=\"xl65\">10.7V \/ 21.4<\/td>\n<\/tr>\n<tr>\n<td class=\"xl63\" height=\"33\">Boyutlar\u0131<\/td>\n<td class=\"xl64\">195*160*60mm<\/td>\n<\/tr>\n<tr>\n<td class=\"xl63\" height=\"33\">A\u011f\u0131rl\u0131k<\/td>\n<td class=\"xl64\">835gr<\/td>\n<\/tr>\n<\/tbody>\n<\/table>\n","protected":false},"excerpt":{"rendered":"<p>Ak\u00fc Voltaj\u0131 12V \/ 24V Maksimum \u00c7al\u0131\u015fma Ak\u0131m\u0131 30A G\u00fcne\u015f Paneli Voltaj\u0131 100V \u015earj Voltaj\u0131 13.7V \/ 27.4V D\u00fc\u015f\u00fck Voltaj<\/p>\n","protected":false},"featured_media":34738,"template":"","meta":[],"pwb-brand":[1760],"product_brand":[],"product_cat":[2000,1999],"product_tag":[1574],"class_list":{"0":"post-34717","1":"product","2":"type-product","3":"status-publish","4":"has-post-thumbnail","6":"pwb-brand-ortec","7":"product_cat-mppt-sarj-kontrol-cihazlari","8":"product_cat-sarj-kontrol-cihazlari","9":"product_tag-ortec-sarj-kontol-cihazi-mppt","11":"first","12":"instock","13":"product-type-simple"},"jetpack_sharing_enabled":true,"brands":[{"id":1760,"name":"Ortec","slug":"ortec"}],"_links":{"self":[{"href":"https:\/\/ynrsolar.shop\/index.php\/wp-json\/wp\/v2\/product\/34717","targetHints":{"allow":["GET"]}}],"collection":[{"href":"https:\/\/ynrsolar.shop\/index.php\/wp-json\/wp\/v2\/product"}],"about":[{"href":"https:\/\/ynrsolar.shop\/index.php\/wp-json\/wp\/v2\/types\/product"}],"version-history":[{"count":1,"href":"https:\/\/ynrsolar.shop\/index.php\/wp-json\/wp\/v2\/product\/34717\/revisions"}],"predecessor-version":[{"id":34757,"href":"https:\/\/ynrsolar.shop\/index.php\/wp-json\/wp\/v2\/product\/34717\/revisions\/34757"}],"wp:featuredmedia":[{"embeddable":true,"href":"https:\/\/ynrsolar.shop\/index.php\/wp-json\/wp\/v2\/media\/34738"}],"wp:attachment":[{"href":"https:\/\/ynrsolar.shop\/index.php\/wp-json\/wp\/v2\/media?parent=34717"}],"wp:term":[{"taxonomy":"pwb-brand","embeddable":true,"href":"https:\/\/ynrsolar.shop\/index.php\/wp-json\/wp\/v2\/pwb-brand?post=34717"},{"taxonomy":"product_brand","embeddable":true,"href":"https:\/\/ynrsolar.shop\/index.php\/wp-json\/wp\/v2\/product_brand?post=34717"},{"taxonomy":"product_cat","embeddable":true,"href":"https:\/\/ynrsolar.shop\/index.php\/wp-json\/wp\/v2\/product_cat?post=34717"},{"taxonomy":"product_tag","embeddable":true,"href":"https:\/\/ynrsolar.shop\/index.php\/wp-json\/wp\/v2\/product_tag?post=34717"}],"curies":[{"name":"wp","href":"https:\/\/api.w.org\/{rel}","templated":true}]}}