{"id":34704,"date":"2025-04-14T14:07:31","date_gmt":"2025-04-14T11:07:31","guid":{"rendered":"https:\/\/ynrsolar.shop\/?post_type=product&#038;p=34704"},"modified":"2025-06-09T19:49:30","modified_gmt":"2025-06-09T16:49:30","slug":"10a-pwm-ortec-sarj-kontol-cihazi","status":"publish","type":"product","link":"https:\/\/ynrsolar.shop\/index.php\/urun\/10a-pwm-ortec-sarj-kontol-cihazi\/","title":{"rendered":"10A Pwm Ortec \u015earj Kontol Cihaz\u0131"},"content":{"rendered":"<p>Otomatik sistem voltaj\u0131 tan\u0131ma<br \/>\nLCD ekran Kolay tu\u015flar sayesinde elle ayarlama<br \/>\n3 a\u015famal\u0131 PWM \u015farj modu<br \/>\nOtomatik s\u0131cakl\u0131k telafisi<br \/>\nAyarlanabilir \u015farj-de\u015farj kontrol parametreleri<br \/>\nAyarlanabilir \u00e7al\u0131\u015fma modu<br \/>\nAk\u00fc d\u00fc\u015f\u00fck voltaj ba\u011flant\u0131s\u0131 kesme<br \/>\nA\u015f\u0131r\u0131 ak\u0131m korumas\u0131<br \/>\nAk\u00fc ters de\u015farj korumas\u0131<br \/>\nAk\u00fc ters ba\u011flant\u0131 korumas\u0131<\/p>\n","protected":false},"excerpt":{"rendered":"<p>Otomatik sistem voltaj\u0131 tan\u0131ma LCD ekran Kolay tu\u015flar sayesinde elle ayarlama 3 a\u015famal\u0131 PWM \u015farj modu Otomatik s\u0131cakl\u0131k telafisi Ayarlanabilir<\/p>\n","protected":false},"featured_media":34736,"template":"","meta":[],"pwb-brand":[1760],"product_brand":[],"product_cat":[2001,1999],"product_tag":[1573],"class_list":{"0":"post-34704","1":"product","2":"type-product","3":"status-publish","4":"has-post-thumbnail","6":"pwb-brand-ortec","7":"product_cat-pwm-sarj-kontrol-cihazlari","8":"product_cat-sarj-kontrol-cihazlari","9":"product_tag-ortec-sarj-kontol-cihazi-pwm","11":"first","12":"instock","13":"product-type-simple"},"jetpack_sharing_enabled":true,"brands":[{"id":1760,"name":"Ortec","slug":"ortec"}],"_links":{"self":[{"href":"https:\/\/ynrsolar.shop\/index.php\/wp-json\/wp\/v2\/product\/34704","targetHints":{"allow":["GET"]}}],"collection":[{"href":"https:\/\/ynrsolar.shop\/index.php\/wp-json\/wp\/v2\/product"}],"about":[{"href":"https:\/\/ynrsolar.shop\/index.php\/wp-json\/wp\/v2\/types\/product"}],"version-history":[{"count":1,"href":"https:\/\/ynrsolar.shop\/index.php\/wp-json\/wp\/v2\/product\/34704\/revisions"}],"predecessor-version":[{"id":34737,"href":"https:\/\/ynrsolar.shop\/index.php\/wp-json\/wp\/v2\/product\/34704\/revisions\/34737"}],"wp:featuredmedia":[{"embeddable":true,"href":"https:\/\/ynrsolar.shop\/index.php\/wp-json\/wp\/v2\/media\/34736"}],"wp:attachment":[{"href":"https:\/\/ynrsolar.shop\/index.php\/wp-json\/wp\/v2\/media?parent=34704"}],"wp:term":[{"taxonomy":"pwb-brand","embeddable":true,"href":"https:\/\/ynrsolar.shop\/index.php\/wp-json\/wp\/v2\/pwb-brand?post=34704"},{"taxonomy":"product_brand","embeddable":true,"href":"https:\/\/ynrsolar.shop\/index.php\/wp-json\/wp\/v2\/product_brand?post=34704"},{"taxonomy":"product_cat","embeddable":true,"href":"https:\/\/ynrsolar.shop\/index.php\/wp-json\/wp\/v2\/product_cat?post=34704"},{"taxonomy":"product_tag","embeddable":true,"href":"https:\/\/ynrsolar.shop\/index.php\/wp-json\/wp\/v2\/product_tag?post=34704"}],"curies":[{"name":"wp","href":"https:\/\/api.w.org\/{rel}","templated":true}]}}