{"id":34703,"date":"2025-04-14T14:07:31","date_gmt":"2025-04-14T11:07:31","guid":{"rendered":"https:\/\/ynrsolar.shop\/?post_type=product&#038;p=34703"},"modified":"2025-06-09T19:49:39","modified_gmt":"2025-06-09T16:49:39","slug":"orbus-12v-3000w-tam-sinus-sarjli-inverter","status":"publish","type":"product","link":"https:\/\/ynrsolar.shop\/index.php\/urun\/orbus-12v-3000w-tam-sinus-sarjli-inverter\/","title":{"rendered":"Orbus 12V 3000W Tam Sin\u00fcs \u015earjl\u0131 \u0130nverter"},"content":{"rendered":"<p>Orbus 12V 3000W Tam Sin\u00fcs \u015earjl\u0131 \u0130nverter.<\/p>\n<p>\u015eebeke elektrik oldu\u011fu s\u00fcre boyunca \u015febekeden ald\u0131\u011f\u0131 elektrik sayesinde inverter \u00fczerine ba\u011fl\u0131 olan cihazlar\u0131 \u00e7al\u0131\u015ft\u0131r\u0131r ve ayn\u0131 zamanda sisteme dahil olan ak\u00fcleri \u015farjl\u0131 olarak bekletir. \u015eebeke elektri\u011fi kesildi\u011fi zaman inverter otomatik olarak devreye girer ve \u00fczerine ba\u011fl\u0131 olan cihazlar\u0131n \u00e7al\u0131\u015fmas\u0131na olanak tan\u0131r. Bu ge\u00e7i\u015f anl\u0131k olarak yap\u0131ld\u0131\u011f\u0131 i\u00e7in cihaz herhangi bir kesintiye u\u011framadan \u00e7al\u0131\u015fmaya devam eder. \u015eebeke elektrikler geldi\u011fi zaman inverter otomatik olarak \u00fczerine ba\u011fl\u0131 olan cihazlar\u0131 \u015febekeden \u00e7al\u0131\u015ft\u0131rmaya devam eder ve bu s\u0131rada e\u015f zamanl\u0131 olarak ak\u00fcleri \u015farj etmeye ba\u015flar. Ak\u00fc \u015farjl\u0131 bu tam sin\u00fcs inverter s\u00fcrekli ak\u00fcleri dolu tuttu\u011fu i\u00e7in elektriksiz kalmazs\u0131n\u0131z.<\/p>\n<p>Tam sin\u00fcs inverter sin\u00fcs dalgas\u0131 \u00fcretir\u00a0ve\u00a0bu\u00a0inverterler \u015febeke frekans\u0131na en yak\u0131n AC \u00e7\u0131k\u0131\u015f\u0131 verebilir.<\/p>\n<p>Modifiye sin\u00fcs inverterlerin y\u00fcksek g\u00fc\u00e7lere dayan\u0131m\u0131 olmad\u0131\u011f\u0131ndan buzdolab\u0131, \u00e7ama\u015f\u0131r makinesi, \u00fct\u00fc, klima, tv gibi her t\u00fcrl\u00fc cihaz\u0131 \u00e7al\u0131\u015ft\u0131rabilmek i\u00e7in tam sin\u00fcs inverter tercih edilmelidir.<\/p>\n<p>G\u00fcne\u015f enerjisinden yararlanarak elektrik elde edilmek istendi\u011finde en yayg\u0131n kullan\u0131lan inverter t\u00fcr\u00fc\u00a0 tam sin\u00fcs inverterler , do\u011fru ak\u0131m\u0131 alternatif ak\u0131ma d\u00f6n\u00fc\u015ft\u00fcrerek elektri\u011fin kullan\u0131labilir hale gelmesini sa\u011flar.\u00a0 G\u00fcne\u015f panelleri\u00a0sayesinde \u00fcretilen enerjiyi ev\u00a0veya i\u015f yerlerinde\u00a0yada\u00a0 istedi\u011finiz her yerde kullan\u0131lmas\u0131 tam sin\u00fcs inverter sayesinde ger\u00e7ekle\u015fir. Do\u011fru ak\u0131m ve alternatif ak\u0131m aras\u0131nda denge kurdu\u011fu i\u00e7in a\u015f\u0131r\u0131 elektrik y\u00fcklemesi nedeniyle teknik ve donan\u0131msal sorunlar\u0131n \u00e7\u0131kmas\u0131 \u00f6nlenmi\u015f olur.<\/p>\n","protected":false},"excerpt":{"rendered":"<p>Orbus 12V 3000W Tam Sin\u00fcs \u015earjl\u0131 \u0130nverter. \u015eebeke elektrik oldu\u011fu s\u00fcre boyunca \u015febekeden ald\u0131\u011f\u0131 elektrik sayesinde inverter \u00fczerine ba\u011fl\u0131 olan<\/p>\n","protected":false},"featured_media":34734,"template":"","meta":[],"pwb-brand":[210],"product_brand":[],"product_cat":[1987,1994],"product_tag":[1478,1479],"class_list":{"0":"post-34703","1":"product","2":"type-product","3":"status-publish","4":"has-post-thumbnail","6":"pwb-brand-orbus","7":"product_cat-inverterler","8":"product_cat-tam-sinus-inverter","9":"product_tag-orbus","10":"product_tag-sarjliinverter","12":"first","13":"instock","14":"product-type-simple"},"jetpack_sharing_enabled":true,"brands":[{"id":210,"name":"Orbus","slug":"orbus"}],"_links":{"self":[{"href":"https:\/\/ynrsolar.shop\/index.php\/wp-json\/wp\/v2\/product\/34703","targetHints":{"allow":["GET"]}}],"collection":[{"href":"https:\/\/ynrsolar.shop\/index.php\/wp-json\/wp\/v2\/product"}],"about":[{"href":"https:\/\/ynrsolar.shop\/index.php\/wp-json\/wp\/v2\/types\/product"}],"version-history":[{"count":1,"href":"https:\/\/ynrsolar.shop\/index.php\/wp-json\/wp\/v2\/product\/34703\/revisions"}],"predecessor-version":[{"id":34735,"href":"https:\/\/ynrsolar.shop\/index.php\/wp-json\/wp\/v2\/product\/34703\/revisions\/34735"}],"wp:featuredmedia":[{"embeddable":true,"href":"https:\/\/ynrsolar.shop\/index.php\/wp-json\/wp\/v2\/media\/34734"}],"wp:attachment":[{"href":"https:\/\/ynrsolar.shop\/index.php\/wp-json\/wp\/v2\/media?parent=34703"}],"wp:term":[{"taxonomy":"pwb-brand","embeddable":true,"href":"https:\/\/ynrsolar.shop\/index.php\/wp-json\/wp\/v2\/pwb-brand?post=34703"},{"taxonomy":"product_brand","embeddable":true,"href":"https:\/\/ynrsolar.shop\/index.php\/wp-json\/wp\/v2\/product_brand?post=34703"},{"taxonomy":"product_cat","embeddable":true,"href":"https:\/\/ynrsolar.shop\/index.php\/wp-json\/wp\/v2\/product_cat?post=34703"},{"taxonomy":"product_tag","embeddable":true,"href":"https:\/\/ynrsolar.shop\/index.php\/wp-json\/wp\/v2\/product_tag?post=34703"}],"curies":[{"name":"wp","href":"https:\/\/api.w.org\/{rel}","templated":true}]}}