{"id":34638,"date":"2025-04-14T14:07:08","date_gmt":"2025-04-14T11:07:08","guid":{"rendered":"https:\/\/ynrsolar.shop\/?post_type=product&#038;p=34638"},"modified":"2025-06-09T19:50:59","modified_gmt":"2025-06-09T16:50:59","slug":"alpex-6-2-kva-48v-6200w-on-grid-off-grid-hybrid-inverter","status":"publish","type":"product","link":"https:\/\/ynrsolar.shop\/index.php\/urun\/alpex-6-2-kva-48v-6200w-on-grid-off-grid-hybrid-inverter\/","title":{"rendered":"Alpex 6.2 Kva 48V 6200W On -Grid Off-Grid Hybrid \u0130nverter"},"content":{"rendered":"<p>On Grid\/Off Grid Hybrid \u0130nverter 48 Volt 6200 Watt + Wi-fi Mod\u00fcl<\/p>\n<p><span style=\"color: #000000;\"><span style=\"font-family: Calibri;\">ONGR\u0130D OLSUN AMA ELEKTR\u0130K SATMAYACA\u011eIM DERSEN\u0130Z\u00a0<\/span><\/span><\/p>\n<p><span style=\"color: #000000;\"><span style=\"font-family: Calibri;\">\u0130LAVE B\u0130R C\u0130HAZ ALMADAN PROGRAM AYARLARINI DE\u011e\u0130\u015eT\u0130REREK SATI\u015eA KAPATILAB\u0130L\u0130R.<\/span><\/span><\/p>\n<p><span style=\"font-size: medium;\"><span style=\"color: #000000;\"><span style=\"font-family: Calibri;\">ALPEX 6,2KW 6200 WATT H\u0130BR\u0130T \u0130NVERTER<\/span><\/span><\/span><\/p>\n<p><span style=\"font-size: medium;\"><span style=\"color: #000000;\"><span style=\"font-family: Calibri;\">MONOFAZE 6.2\u00a0KW NET AC \u00c7IKI\u015e<\/span><\/span><\/span><\/p>\n<p><span style=\"font-size: medium;\"><span style=\"color: #000000;\"><span style=\"font-family: Calibri;\">TEK TU\u015e \u0130LE FABR\u0130KA AYARLARINA D\u00d6NEB\u0130LME<\/span><\/span><\/span><\/p>\n<p><span style=\"font-size: medium;\"><span style=\"color: #000000;\"><span style=\"font-family: Calibri;\">AK\u00dc \u00d6MR\u00dcN\u00dc UZATMAK \u0130\u00c7\u0130N AKILLI P\u0130L \u015eARJ S\u0130STEM\u0130<\/span><\/span><\/span><\/p>\n<p><span style=\"font-size: medium;\"><span style=\"color: #000000;\"><span style=\"font-family: Calibri;\">LCD RENKL\u0130 B\u0130LG\u0130 EKRANI<\/span><\/span><\/span><\/p>\n<p><span style=\"font-size: medium;\"><span style=\"color: #000000;\"><span style=\"font-family: Calibri;\">TEK MPPT<\/span><\/span><\/span><\/p>\n<p><span style=\"font-size: medium;\"><span style=\"color: #000000;\"><span style=\"font-family: Calibri;\">120 AMPER MPPT SOLAR \u015eARJ KONTROL<\/span><\/span><\/span><\/p>\n<p><span style=\"font-size: medium;\"><span style=\"color: #000000;\"><span style=\"font-family: Calibri;\">100 AMPER AC \u015eARJ KONTROL<\/span><\/span><\/span><\/p>\n<p><span style=\"color: #000000; font-family: Calibri; font-size: medium;\">DC500 VOLT PANEL G\u0130R\u0130\u015e\u0130<\/span><\/p>\n<p><span style=\"font-size: medium;\"><span style=\"color: #000000;\"><span style=\"font-family: Calibri;\">ONGR\u0130D OLSUN AMA ELEKTR\u0130K SATMAYACA\u011eIM DERSEN\u0130Z\u00a0<\/span><\/span><\/span><\/p>\n<p><span style=\"font-size: medium;\"><span style=\"color: #000000;\"><span style=\"font-family: Calibri;\">\u0130LAVE B\u0130R C\u0130HAZ ALMADAN PROGRAM AYARLARINI DE\u011e\u0130\u015eT\u0130REREK SATI\u015eA KAPATILAB\u0130L\u0130R.<\/span><\/span><\/span><\/p>\n<p><span style=\"font-size: medium;\"><span style=\"color: #000000;\"><span style=\"font-family: Calibri;\">T\u00dcRK\u00c7E KULLANIM KLAVUZU MEVCUT<\/span><\/span><\/span><\/p>\n<p><span style=\"font-size: medium;\"><span style=\"color: #000000;\"><span style=\"font-family: Calibri;\">TAM S\u0130N\u00dcS<\/span><\/span><\/span><\/p>\n<p><span style=\"font-size: medium;\"><span style=\"color: #000000;\"><span style=\"font-family: Calibri;\">\u00d6Z T\u00dcKET\u0130M VE \u015eEBEKEYE ENERJ\u0130 BASAB\u0130LME\u00a0<\/span><\/span><\/span><\/p>\n<p><span style=\"font-size: medium;\"><span style=\"color: #000000;\"><span style=\"font-family: Calibri;\">AK\u00dc\u00a0\u00a0BA\u011eLANAB\u0130L\u0130R<\/span><\/span><\/span><\/p>\n<p><span style=\"color: #000000; font-family: Calibri; font-size: medium;\">AK\u00dcS\u00dcZ \u00c7ALI\u015eMA \u00d6ZELL\u0130\u011e\u0130<\/span><\/p>\n<p><span style=\"font-size: medium;\"><span style=\"color: #000000;\"><span style=\"font-family: Calibri;\">FARKLI AK\u00dc T\u0130PLER\u0130N\u0130 TANIR<\/span><\/span><\/span><\/p>\n<p><span style=\"font-size: medium;\"><span style=\"color: #000000;\"><span style=\"font-family: Calibri;\">PV, AK\u00dc VEYA \u015eEBEKE \u00d6NCEL\u0130KL\u0130 TANIMLANAB\u0130L\u0130R<\/span><\/span><\/span><\/p>\n<p><span style=\"font-size: medium;\"><span style=\"color: #000000;\"><span style=\"font-family: Calibri;\">PROGRAMLANAB\u0130L\u0130R \u00c7OKLU \u00c7ALI\u015eMA MODU (ONGR\u0130D, OFFGR\u0130D VEYA\u00a0AK\u00dcL\u00dc ONGR\u0130D)<\/span><\/span><\/span><\/p>\n<p><span style=\"font-size: medium;\"><span style=\"color: #000000;\"><span style=\"font-family: Calibri;\">DAH\u0130L\u0130 ZAMANLAYICI<\/span><\/span><\/span><\/p>\n<p><span style=\"font-size: medium;\"><span style=\"color: #000000;\"><span style=\"font-family: Calibri;\">\u00c7OKLU HABERLE\u015eME SE\u00c7ENE\u011e\u0130\u00a0<\/span><\/span><\/span><\/p>\n<p><span style=\"font-size: medium;\"><span style=\"color: #000000;\"><span style=\"font-family: Calibri;\">GER\u00c7EK ZAMANLI DURUM G\u00d6STERGES\u0130 VE KONTROL\u00dc \u0130\u00c7\u0130N \u00dcCRETS\u0130Z YAZILIM<\/span><\/span><\/span><\/p>\n<p><span style=\"font-size: medium;\"><span style=\"color: #000000;\"><span style=\"font-family: Calibri;\">G\u00dcNE\u015e VEYA AK\u00dc YETERS\u0130Z OLDU\u011eUNDA \u015eEBEKEDEN ELEKTR\u0130K ALAB\u0130L\u0130R.<\/span><\/span><\/span><\/p>\n","protected":false},"excerpt":{"rendered":"<p>On Grid\/Off Grid Hybrid \u0130nverter 48 Volt 6200 Watt + Wi-fi Mod\u00fcl ONGR\u0130D OLSUN AMA ELEKTR\u0130K SATMAYACA\u011eIM DERSEN\u0130Z\u00a0 \u0130LAVE B\u0130R<\/p>\n","protected":false},"featured_media":34684,"template":"","meta":[],"pwb-brand":[161],"product_brand":[],"product_cat":[1988,1987,1991,1989],"product_tag":[1568],"class_list":{"0":"post-34638","1":"product","2":"type-product","3":"status-publish","4":"has-post-thumbnail","6":"pwb-brand-alpex","7":"product_cat-hibrit-inverterler","8":"product_cat-inverterler","9":"product_cat-off-grid-inverterler","10":"product_cat-on-grid-inverterler","11":"product_tag-alpex-6200w-akilli-inverter","13":"first","14":"instock","15":"product-type-simple"},"jetpack_sharing_enabled":true,"brands":[{"id":161,"name":"Alpex","slug":"alpex"}],"_links":{"self":[{"href":"https:\/\/ynrsolar.shop\/index.php\/wp-json\/wp\/v2\/product\/34638","targetHints":{"allow":["GET"]}}],"collection":[{"href":"https:\/\/ynrsolar.shop\/index.php\/wp-json\/wp\/v2\/product"}],"about":[{"href":"https:\/\/ynrsolar.shop\/index.php\/wp-json\/wp\/v2\/types\/product"}],"version-history":[{"count":1,"href":"https:\/\/ynrsolar.shop\/index.php\/wp-json\/wp\/v2\/product\/34638\/revisions"}],"predecessor-version":[{"id":34685,"href":"https:\/\/ynrsolar.shop\/index.php\/wp-json\/wp\/v2\/product\/34638\/revisions\/34685"}],"wp:featuredmedia":[{"embeddable":true,"href":"https:\/\/ynrsolar.shop\/index.php\/wp-json\/wp\/v2\/media\/34684"}],"wp:attachment":[{"href":"https:\/\/ynrsolar.shop\/index.php\/wp-json\/wp\/v2\/media?parent=34638"}],"wp:term":[{"taxonomy":"pwb-brand","embeddable":true,"href":"https:\/\/ynrsolar.shop\/index.php\/wp-json\/wp\/v2\/pwb-brand?post=34638"},{"taxonomy":"product_brand","embeddable":true,"href":"https:\/\/ynrsolar.shop\/index.php\/wp-json\/wp\/v2\/product_brand?post=34638"},{"taxonomy":"product_cat","embeddable":true,"href":"https:\/\/ynrsolar.shop\/index.php\/wp-json\/wp\/v2\/product_cat?post=34638"},{"taxonomy":"product_tag","embeddable":true,"href":"https:\/\/ynrsolar.shop\/index.php\/wp-json\/wp\/v2\/product_tag?post=34638"}],"curies":[{"name":"wp","href":"https:\/\/api.w.org\/{rel}","templated":true}]}}