{"id":34633,"date":"2025-04-14T14:07:07","date_gmt":"2025-04-14T11:07:07","guid":{"rendered":"https:\/\/ynrsolar.shop\/?post_type=product&#038;p=34633"},"modified":"2025-06-09T19:52:33","modified_gmt":"2025-06-09T16:52:33","slug":"lexron-600w-12v-modifiye-sinus-inverter","status":"publish","type":"product","link":"https:\/\/ynrsolar.shop\/index.php\/urun\/lexron-600w-12v-modifiye-sinus-inverter\/","title":{"rendered":"Lexron 600W-12V Modifiye Sin\u00fcs \u0130nverter"},"content":{"rendered":"<div>\n<table border=\"0\" width=\"238\" cellspacing=\"0\" cellpadding=\"0\">\n<tbody>\n<tr>\n<td class=\"xl65\" width=\"152\" height=\"26\">Demeraj G\u00fcc\u00fc<\/td>\n<td class=\"xl66\" width=\"86\">1200 W<\/td>\n<\/tr>\n<tr>\n<td class=\"xl67\" width=\"152\" height=\"26\">Giri\u015f Gerilimi<\/td>\n<td class=\"xl68\" width=\"86\">12 VDC<\/td>\n<\/tr>\n<tr>\n<td class=\"xl65\" width=\"152\" height=\"26\">\u00c7\u0131k\u0131\u015f Gerilimi<\/td>\n<td class=\"xl66\" width=\"86\">220 VDC<\/td>\n<\/tr>\n<tr>\n<td class=\"xl67\" width=\"152\" height=\"26\">Verim<\/td>\n<td class=\"xl69\" width=\"86\">90%<\/td>\n<\/tr>\n<tr>\n<td class=\"xl65\" width=\"152\" height=\"26\">Frekans<\/td>\n<td class=\"xl66\" width=\"86\">50\/60Hz<\/td>\n<\/tr>\n<tr>\n<td class=\"xl67\" width=\"152\" height=\"26\">D\u00fc\u015f\u00fck Voltaj Kapamas\u0131<\/td>\n<td class=\"xl68\" width=\"86\">Var<\/td>\n<\/tr>\n<tr>\n<td class=\"xl70\" width=\"152\" height=\"26\">A\u015f\u0131r\u0131 Y\u00fck Kapamas\u0131<\/td>\n<td class=\"xl71\" width=\"86\">Var<\/td>\n<\/tr>\n<tr>\n<td class=\"xl67\" width=\"152\" height=\"26\">Termal Kapama<\/td>\n<td class=\"xl68\" width=\"86\">Var<\/td>\n<\/tr>\n<tr>\n<td class=\"xl70\" width=\"152\" height=\"26\">K\u0131sa Devre Kapamas\u0131<\/td>\n<td class=\"xl72\" width=\"86\">Var<\/td>\n<\/tr>\n<tr>\n<td class=\"xl67\" width=\"152\" height=\"26\">Boyut(Cm)<\/td>\n<td class=\"xl68\" width=\"86\">16*11.2*5.8<\/td>\n<\/tr>\n<tr>\n<td class=\"xl70\" width=\"152\" height=\"26\">A\u011f\u0131rl\u0131k(kg)<\/td>\n<td class=\"xl71\" width=\"86\">0.93<\/td>\n<\/tr>\n<\/tbody>\n<\/table>\n<\/div>\n<div><\/div>\n","protected":false},"excerpt":{"rendered":"<p>Demeraj G\u00fcc\u00fc 1200 W Giri\u015f Gerilimi 12 VDC \u00c7\u0131k\u0131\u015f Gerilimi 220 VDC Verim 90% Frekans 50\/60Hz D\u00fc\u015f\u00fck Voltaj Kapamas\u0131 Var<\/p>\n","protected":false},"featured_media":34674,"template":"","meta":[],"pwb-brand":[294],"product_brand":[],"product_cat":[1987,1992],"product_tag":[1564],"class_list":{"0":"post-34633","1":"product","2":"type-product","3":"status-publish","4":"has-post-thumbnail","6":"pwb-brand-lexron","7":"product_cat-inverterler","8":"product_cat-modifiye-sinus-inverterler","9":"product_tag-lexron-600w-12v-modifiye-sinus-inverter","11":"first","12":"instock","13":"product-type-simple"},"jetpack_sharing_enabled":true,"brands":[{"id":294,"name":"Lexron","slug":"lexron"}],"_links":{"self":[{"href":"https:\/\/ynrsolar.shop\/index.php\/wp-json\/wp\/v2\/product\/34633","targetHints":{"allow":["GET"]}}],"collection":[{"href":"https:\/\/ynrsolar.shop\/index.php\/wp-json\/wp\/v2\/product"}],"about":[{"href":"https:\/\/ynrsolar.shop\/index.php\/wp-json\/wp\/v2\/types\/product"}],"version-history":[{"count":1,"href":"https:\/\/ynrsolar.shop\/index.php\/wp-json\/wp\/v2\/product\/34633\/revisions"}],"predecessor-version":[{"id":34675,"href":"https:\/\/ynrsolar.shop\/index.php\/wp-json\/wp\/v2\/product\/34633\/revisions\/34675"}],"wp:featuredmedia":[{"embeddable":true,"href":"https:\/\/ynrsolar.shop\/index.php\/wp-json\/wp\/v2\/media\/34674"}],"wp:attachment":[{"href":"https:\/\/ynrsolar.shop\/index.php\/wp-json\/wp\/v2\/media?parent=34633"}],"wp:term":[{"taxonomy":"pwb-brand","embeddable":true,"href":"https:\/\/ynrsolar.shop\/index.php\/wp-json\/wp\/v2\/pwb-brand?post=34633"},{"taxonomy":"product_brand","embeddable":true,"href":"https:\/\/ynrsolar.shop\/index.php\/wp-json\/wp\/v2\/product_brand?post=34633"},{"taxonomy":"product_cat","embeddable":true,"href":"https:\/\/ynrsolar.shop\/index.php\/wp-json\/wp\/v2\/product_cat?post=34633"},{"taxonomy":"product_tag","embeddable":true,"href":"https:\/\/ynrsolar.shop\/index.php\/wp-json\/wp\/v2\/product_tag?post=34633"}],"curies":[{"name":"wp","href":"https:\/\/api.w.org\/{rel}","templated":true}]}}