{"id":34631,"date":"2025-04-14T14:07:07","date_gmt":"2025-04-14T11:07:07","guid":{"rendered":"https:\/\/ynrsolar.shop\/?post_type=product&#038;p=34631"},"modified":"2025-06-09T19:52:24","modified_gmt":"2025-06-09T16:52:24","slug":"lexron-2000w-12v-modifiye-sinus-inverter","status":"publish","type":"product","link":"https:\/\/ynrsolar.shop\/index.php\/urun\/lexron-2000w-12v-modifiye-sinus-inverter\/","title":{"rendered":"Lexron 2000W-12V Modifiye Sin\u00fcs \u0130nverter"},"content":{"rendered":"<table border=\"0\" width=\"238\" cellspacing=\"0\" cellpadding=\"0\">\n<tbody>\n<tr>\n<td class=\"xl65\" width=\"152\" height=\"19\">Demeraj G\u00fcc\u00fc<\/td>\n<td class=\"xl66\" width=\"86\">4000 W<\/td>\n<\/tr>\n<tr>\n<td class=\"xl67\" width=\"152\" height=\"19\">Giri\u015f Gerilimi<\/td>\n<td class=\"xl68\" width=\"86\">12 V<\/td>\n<\/tr>\n<tr>\n<td class=\"xl65\" width=\"152\" height=\"19\">\u00c7\u0131k\u0131\u015f Gerilimi<\/td>\n<td class=\"xl66\" width=\"86\">220 V<\/td>\n<\/tr>\n<tr>\n<td class=\"xl67\" width=\"152\" height=\"19\">Verim<\/td>\n<td class=\"xl69\" width=\"86\">90%<\/td>\n<\/tr>\n<tr>\n<td class=\"xl65\" width=\"152\" height=\"19\">Frekans<\/td>\n<td class=\"xl66\" width=\"86\">50 Hz\/60 Hz<\/td>\n<\/tr>\n<tr>\n<td class=\"xl67\" width=\"152\" height=\"19\">D\u00fc\u015f\u00fck Voltaj Kapamas\u0131<\/td>\n<td class=\"xl68\" width=\"86\">Var<\/td>\n<\/tr>\n<tr>\n<td class=\"xl70\" width=\"152\" height=\"19\">A\u015f\u0131r\u0131 Y\u00fck Kapamas\u0131<\/td>\n<td class=\"xl71\" width=\"86\">Var<\/td>\n<\/tr>\n<tr>\n<td class=\"xl67\" width=\"152\" height=\"19\">Termal Kapama<\/td>\n<td class=\"xl68\" width=\"86\">Var<\/td>\n<\/tr>\n<tr>\n<td class=\"xl70\" width=\"152\" height=\"19\">K\u0131sa Devre Kapamas\u0131<\/td>\n<td class=\"xl72\" width=\"86\">Var<\/td>\n<\/tr>\n<tr>\n<td class=\"xl67\" width=\"152\" height=\"19\">Boyut(cm)<\/td>\n<td class=\"xl68\" width=\"86\">32*16.7*92<\/td>\n<\/tr>\n<tr>\n<td class=\"xl70\" width=\"152\" height=\"19\">A\u011f\u0131rl\u0131k(kg)<\/td>\n<td class=\"xl71\" width=\"86\">3,7<\/td>\n<\/tr>\n<\/tbody>\n<\/table>\n<div><\/div>\n","protected":false},"excerpt":{"rendered":"<p>Demeraj G\u00fcc\u00fc 4000 W Giri\u015f Gerilimi 12 V \u00c7\u0131k\u0131\u015f Gerilimi 220 V Verim 90% Frekans 50 Hz\/60 Hz D\u00fc\u015f\u00fck Voltaj<\/p>\n","protected":false},"featured_media":34669,"template":"","meta":[],"pwb-brand":[294],"product_brand":[],"product_cat":[1987,1992],"product_tag":[1562],"class_list":{"0":"post-34631","1":"product","2":"type-product","3":"status-publish","4":"has-post-thumbnail","6":"pwb-brand-lexron","7":"product_cat-inverterler","8":"product_cat-modifiye-sinus-inverterler","9":"product_tag-lexron-2000w-12v-modifiye-sinus-inverter","11":"first","12":"instock","13":"product-type-simple"},"jetpack_sharing_enabled":true,"brands":[{"id":294,"name":"Lexron","slug":"lexron"}],"_links":{"self":[{"href":"https:\/\/ynrsolar.shop\/index.php\/wp-json\/wp\/v2\/product\/34631","targetHints":{"allow":["GET"]}}],"collection":[{"href":"https:\/\/ynrsolar.shop\/index.php\/wp-json\/wp\/v2\/product"}],"about":[{"href":"https:\/\/ynrsolar.shop\/index.php\/wp-json\/wp\/v2\/types\/product"}],"version-history":[{"count":1,"href":"https:\/\/ynrsolar.shop\/index.php\/wp-json\/wp\/v2\/product\/34631\/revisions"}],"predecessor-version":[{"id":34671,"href":"https:\/\/ynrsolar.shop\/index.php\/wp-json\/wp\/v2\/product\/34631\/revisions\/34671"}],"wp:featuredmedia":[{"embeddable":true,"href":"https:\/\/ynrsolar.shop\/index.php\/wp-json\/wp\/v2\/media\/34669"}],"wp:attachment":[{"href":"https:\/\/ynrsolar.shop\/index.php\/wp-json\/wp\/v2\/media?parent=34631"}],"wp:term":[{"taxonomy":"pwb-brand","embeddable":true,"href":"https:\/\/ynrsolar.shop\/index.php\/wp-json\/wp\/v2\/pwb-brand?post=34631"},{"taxonomy":"product_brand","embeddable":true,"href":"https:\/\/ynrsolar.shop\/index.php\/wp-json\/wp\/v2\/product_brand?post=34631"},{"taxonomy":"product_cat","embeddable":true,"href":"https:\/\/ynrsolar.shop\/index.php\/wp-json\/wp\/v2\/product_cat?post=34631"},{"taxonomy":"product_tag","embeddable":true,"href":"https:\/\/ynrsolar.shop\/index.php\/wp-json\/wp\/v2\/product_tag?post=34631"}],"curies":[{"name":"wp","href":"https:\/\/api.w.org\/{rel}","templated":true}]}}