{"id":34566,"date":"2025-04-14T14:06:43","date_gmt":"2025-04-14T11:06:43","guid":{"rendered":"https:\/\/ynrsolar.shop\/?post_type=product&#038;p=34566"},"modified":"2025-06-09T19:54:42","modified_gmt":"2025-06-09T16:54:42","slug":"dmr-tech-110w-esnek-flexible-panel","status":"publish","type":"product","link":"https:\/\/ynrsolar.shop\/index.php\/urun\/dmr-tech-110w-esnek-flexible-panel\/","title":{"rendered":"Dmr Tech 110W Esnek Flexible Panel"},"content":{"rendered":"<p>Dmr Tech\u2019in yeni nesil esnek panel modeli, kaliteli ETFE polimer ve y\u00fcksek verimli back contact h\u00fccreleri ile \u00fcretilmi\u015ftir. Bu sayede Dmr Tech esnek paneller, standart g\u00fcne\u015f panellerine k\u0131yasla ultra hafif, ince, y\u00fcksek performansl\u0131 ve hepsinden \u00f6nemlisi esnek bir yap\u0131ya sahiptir. Maksimum 30 dereceye kadar esnemesi ve hafif olmas\u0131yla her y\u00fczeye m\u00fckemmel uyum sa\u011flar. 110Wp ve 170Wp g\u00fc\u00e7 se\u00e7eneklerinde sunulan CW Enerji Esnek Panel Serisi, tekne, karavan, \u00e7at\u0131 gibi bir\u00e7ok uygulama alan\u0131nda kullan\u0131m avantaj\u0131na sahiptir.<\/p>\n<p>Esnek panellerde tercih edilen IBC G\u00fcne\u015f h\u00fccreleri bak\u0131r tabana in\u015fa edilen bir h\u00fccre tipidir. Dmr Tech Flexi Paneller b\u00fck\u00fcld\u00fc\u011f\u00fcnde veya nemli bir ortamda b\u0131rak\u0131ld\u0131\u011f\u0131nda, geleneksel g\u00fcne\u015f panellerine nazaran k\u0131r\u0131lma ve korozyon nedeniyle olu\u015fan g\u00fc\u00e7 kay\u0131plar\u0131na kar\u015f\u0131 daha dayan\u0131kl\u0131d\u0131r. Bu sayede Dmr Tech Esnek Paneller y\u00fcksek g\u00fc\u00e7 \u00e7\u0131k\u0131\u015f\u0131 ve h\u00fccre sa\u011flaml\u0131\u011f\u0131yla birlikte kullan\u0131c\u0131lar\u0131n en \u00f6nemli enerji \u00e7\u00f6z\u00fcmlerinden biridir.<\/p>\n<p><strong>Prizma Y\u00fczey<\/strong><br \/>\nPrizma y\u00fczey sayesinde maksimum \u0131\u015f\u0131k emilimi<\/p>\n<p><strong>ETFE ile M\u00fckemmel I\u015f\u0131k Ge\u00e7irgenli\u011fi<\/strong><br \/>\nDaha y\u00fcksek \u0131\u015f\u0131k ge\u00e7irgenli\u011fi, korozyon direnci, \u00e7al\u0131\u015fma s\u0131cakl\u0131k aral\u0131\u011f\u0131<\/p>\n<p><strong>IBC H\u00fccre Teknolojisi<\/strong><br \/>\nY\u00fcksek verimli arka kontak ba\u011flant\u0131l\u0131, esnek ve dayan\u0131kl\u0131 h\u00fccre mimarisi<\/p>\n<p><strong>Esnek Tasar\u0131m<\/strong><br \/>\nMaximum 30 dereceye kadar b\u00fck\u00fclme \u00f6zelli\u011fi<\/p>\n<p><strong>Ultra Hafif<\/strong><br \/>\n2mm kal\u0131nl\u0131\u011f\u0131nda ultra ince ve dayan\u0131kl\u0131 tasar\u0131m<\/p>\n<p><strong>IP68 Koruma S\u0131n\u0131f\u0131<\/strong><br \/>\nIP68 ba\u011flant\u0131 kutusu ile suya kar\u015f\u0131 dayan\u0131kl\u0131l\u0131k<\/p>\n<p><strong>2 Y\u0131l \u00dcr\u00fcn Garantisi<\/strong><\/p>\n","protected":false},"excerpt":{"rendered":"<p>Dmr Tech\u2019in yeni nesil esnek panel modeli, kaliteli ETFE polimer ve y\u00fcksek verimli back contact h\u00fccreleri ile \u00fcretilmi\u015ftir. Bu sayede<\/p>\n","protected":false},"featured_media":34316,"template":"","meta":[],"pwb-brand":[1755],"product_brand":[],"product_cat":[1997,1984],"product_tag":[1550],"class_list":{"0":"post-34566","1":"product","2":"type-product","3":"status-publish","4":"has-post-thumbnail","6":"pwb-brand-dmr-tech","7":"product_cat-flexible-esnek-gunes-panelleri","8":"product_cat-gunes-paneli","9":"product_tag-dmr-tech-110w-esnek-flexible-panel","11":"first","12":"instock","13":"product-type-simple"},"jetpack_sharing_enabled":true,"brands":[{"id":1755,"name":"Dmr Tech","slug":"dmr-tech"}],"_links":{"self":[{"href":"https:\/\/ynrsolar.shop\/index.php\/wp-json\/wp\/v2\/product\/34566","targetHints":{"allow":["GET"]}}],"collection":[{"href":"https:\/\/ynrsolar.shop\/index.php\/wp-json\/wp\/v2\/product"}],"about":[{"href":"https:\/\/ynrsolar.shop\/index.php\/wp-json\/wp\/v2\/types\/product"}],"version-history":[{"count":1,"href":"https:\/\/ynrsolar.shop\/index.php\/wp-json\/wp\/v2\/product\/34566\/revisions"}],"predecessor-version":[{"id":34647,"href":"https:\/\/ynrsolar.shop\/index.php\/wp-json\/wp\/v2\/product\/34566\/revisions\/34647"}],"wp:featuredmedia":[{"embeddable":true,"href":"https:\/\/ynrsolar.shop\/index.php\/wp-json\/wp\/v2\/media\/34316"}],"wp:attachment":[{"href":"https:\/\/ynrsolar.shop\/index.php\/wp-json\/wp\/v2\/media?parent=34566"}],"wp:term":[{"taxonomy":"pwb-brand","embeddable":true,"href":"https:\/\/ynrsolar.shop\/index.php\/wp-json\/wp\/v2\/pwb-brand?post=34566"},{"taxonomy":"product_brand","embeddable":true,"href":"https:\/\/ynrsolar.shop\/index.php\/wp-json\/wp\/v2\/product_brand?post=34566"},{"taxonomy":"product_cat","embeddable":true,"href":"https:\/\/ynrsolar.shop\/index.php\/wp-json\/wp\/v2\/product_cat?post=34566"},{"taxonomy":"product_tag","embeddable":true,"href":"https:\/\/ynrsolar.shop\/index.php\/wp-json\/wp\/v2\/product_tag?post=34566"}],"curies":[{"name":"wp","href":"https:\/\/api.w.org\/{rel}","templated":true}]}}