{"id":34565,"date":"2025-04-14T14:06:42","date_gmt":"2025-04-14T11:06:42","guid":{"rendered":"https:\/\/ynrsolar.shop\/?post_type=product&#038;p=34565"},"modified":"2025-06-09T19:54:58","modified_gmt":"2025-06-09T16:54:58","slug":"elektrozirve-12-24v-20a-mppt-solar-charge-controller","status":"publish","type":"product","link":"https:\/\/ynrsolar.shop\/index.php\/urun\/elektrozirve-12-24v-20a-mppt-solar-charge-controller\/","title":{"rendered":"Elektrozirve 12 24V 20A MPPT Solar Charge Controller"},"content":{"rendered":"<h6 class=\"product_title entry-title\">Electrozirve MC Serisi MPPT Solar \u015earj Kontrol Cihaz\u0131<\/h6>\n<div class=\"short-dsc\">\n<div class=\"short-dsc-txt\">\n<div class=\"woocommerce-product-details__short-description\">\n<h6>MPPT cihazlar\u0131, g\u00fcne\u015f panellerinden en y\u00fcksek enerji verimlili\u011fini sa\u011flamak i\u00e7in tasarlanm\u0131\u015f ak\u0131ll\u0131 \u015farj kontrol\u00f6rleridir. Bu cihazlar, g\u00fcne\u015f panellerinin \u00fcretkenli\u011fini s\u00fcrekli izler ve de\u011fi\u015fen \u0131\u015f\u0131k ko\u015fullar\u0131na g\u00f6re en y\u00fcksek g\u00fc\u00e7 noktas\u0131n\u0131 takip ederek enerji \u00fcretimini optimize eder. Bu sayede daha fazla enerji elde edilir ve enerji depolama sistemlerinin verimlili\u011fi art\u0131r\u0131l\u0131r.<\/h6>\n<p>20 Amper \/ 100V PV Giri\u015f \/ 12V-24V<\/p>\n<\/div>\n<\/div>\n<\/div>\n","protected":false},"excerpt":{"rendered":"<p>Electrozirve MC Serisi MPPT Solar \u015earj Kontrol Cihaz\u0131 MPPT cihazlar\u0131, g\u00fcne\u015f panellerinden en y\u00fcksek enerji verimlili\u011fini sa\u011flamak i\u00e7in tasarlanm\u0131\u015f ak\u0131ll\u0131<\/p>\n","protected":false},"featured_media":34617,"template":"","meta":[],"pwb-brand":[1762],"product_brand":[],"product_cat":[2000,1999],"product_tag":[1549],"class_list":{"0":"post-34565","1":"product","2":"type-product","3":"status-publish","4":"has-post-thumbnail","6":"pwb-brand-elektrozirve","7":"product_cat-mppt-sarj-kontrol-cihazlari","8":"product_cat-sarj-kontrol-cihazlari","9":"product_tag-elektrozirve-12-24v-20a-mppt-solar-charge-controller","11":"first","12":"instock","13":"product-type-simple"},"jetpack_sharing_enabled":true,"brands":[{"id":1762,"name":"Elektrozirve","slug":"elektrozirve"}],"_links":{"self":[{"href":"https:\/\/ynrsolar.shop\/index.php\/wp-json\/wp\/v2\/product\/34565","targetHints":{"allow":["GET"]}}],"collection":[{"href":"https:\/\/ynrsolar.shop\/index.php\/wp-json\/wp\/v2\/product"}],"about":[{"href":"https:\/\/ynrsolar.shop\/index.php\/wp-json\/wp\/v2\/types\/product"}],"version-history":[{"count":1,"href":"https:\/\/ynrsolar.shop\/index.php\/wp-json\/wp\/v2\/product\/34565\/revisions"}],"predecessor-version":[{"id":34618,"href":"https:\/\/ynrsolar.shop\/index.php\/wp-json\/wp\/v2\/product\/34565\/revisions\/34618"}],"wp:featuredmedia":[{"embeddable":true,"href":"https:\/\/ynrsolar.shop\/index.php\/wp-json\/wp\/v2\/media\/34617"}],"wp:attachment":[{"href":"https:\/\/ynrsolar.shop\/index.php\/wp-json\/wp\/v2\/media?parent=34565"}],"wp:term":[{"taxonomy":"pwb-brand","embeddable":true,"href":"https:\/\/ynrsolar.shop\/index.php\/wp-json\/wp\/v2\/pwb-brand?post=34565"},{"taxonomy":"product_brand","embeddable":true,"href":"https:\/\/ynrsolar.shop\/index.php\/wp-json\/wp\/v2\/product_brand?post=34565"},{"taxonomy":"product_cat","embeddable":true,"href":"https:\/\/ynrsolar.shop\/index.php\/wp-json\/wp\/v2\/product_cat?post=34565"},{"taxonomy":"product_tag","embeddable":true,"href":"https:\/\/ynrsolar.shop\/index.php\/wp-json\/wp\/v2\/product_tag?post=34565"}],"curies":[{"name":"wp","href":"https:\/\/api.w.org\/{rel}","templated":true}]}}