{"id":34547,"date":"2025-04-14T14:06:06","date_gmt":"2025-04-14T11:06:06","guid":{"rendered":"https:\/\/ynrsolar.shop\/?post_type=product&#038;p=34547"},"modified":"2025-06-09T19:55:39","modified_gmt":"2025-06-09T16:55:39","slug":"tommatech-150w-halfcut-multibusbar-gunes-paneli","status":"publish","type":"product","link":"https:\/\/ynrsolar.shop\/index.php\/urun\/tommatech-150w-halfcut-multibusbar-gunes-paneli\/","title":{"rendered":"TommaTech 150W HalfCut MultiBusbar G\u00fcne\u015f Paneli"},"content":{"rendered":"<h2>TommaTech 150Wp 48PM M6 HC-MB G\u00fcne\u015f Paneli<\/h2>\n<p><b>Y\u00fcksek D\u00f6n\u00fc\u015f\u00fcm Verimlili\u011fi<br \/>\nY\u00fcksek Panel Verimlili\u011fi Sayesinde, Y\u00fcksek G\u00fc\u00e7 \u00c7\u0131k\u0131\u015f\u0131n\u0131 Garanti Eder<\/b><\/p>\n<p><b>Kendi Kendini Temizleyen ve Yans\u0131may\u0131 Azaltan Cam<br \/>\nCam \u00dczerindeki \u00d6zel Kaplama Y\u00fczey Tozunu Azalt\u0131r<\/b><\/p>\n<p><b>D\u00fc\u015f\u00fck I\u015f\u0131n\u0131mda Y\u00fcksek Verimlilik<br \/>\nSabah ve Bulutlu Hava Ko\u015fullar\u0131nda Dahi Y\u00fcksek Panel Verimlili\u011fi<\/b><\/p>\n<p><b>M\u00fckemmel Dayan\u0131m Kapasitesi<br \/>\n2400 Pa R\u00fczgar Y\u00fck\u00fc, 5400 Pa Kar Y\u00fck\u00fcne Kar\u015f\u0131 Dayan\u0131m<\/b><\/p>\n<p><b>0~+5Wp Pozitif G\u00fc\u00e7 Tolerans\u0131<\/b><\/p>\n<p><b>*15 Y\u0131l Malzeme Garantisi<br \/>\n*30 Y\u0131l Performans Garantisi<\/b><\/p>\n<p>Y\u00fcksek Panel Verimlili\u011fi<br \/>\n\u00d6zel Kaplamal\u0131, Toz Tutmayan ve Yans\u0131may\u0131 Azaltan Cam<br \/>\nD\u00fc\u015f\u00fck I\u015f\u0131n\u0131mda Y\u00fcksek Verimlilik<br \/>\nM\u00fckemmel Dayan\u0131m Kapasitesi 2400 Pa R\u00fczgar Y\u00fck\u00fc, 5400 Pa Kar Y\u00fck\u00fc<br \/>\n0~+5Wp Pozitif G\u00fc\u00e7 Tolerans\u0131<br \/>\nKolay Kurulum<br \/>\n2 Y\u0131l \u00dcr\u00fcn Garantisi<\/p>\n","protected":false},"excerpt":{"rendered":"<p>TommaTech 150Wp 48PM M6 HC-MB G\u00fcne\u015f Paneli Y\u00fcksek D\u00f6n\u00fc\u015f\u00fcm Verimlili\u011fi Y\u00fcksek Panel Verimlili\u011fi Sayesinde, Y\u00fcksek G\u00fc\u00e7 \u00c7\u0131k\u0131\u015f\u0131n\u0131 Garanti Eder Kendi<\/p>\n","protected":false},"featured_media":34269,"template":"","meta":[],"pwb-brand":[518],"product_brand":[],"product_cat":[1984,1986],"product_tag":[1531],"class_list":{"0":"post-34547","1":"product","2":"type-product","3":"status-publish","4":"has-post-thumbnail","6":"pwb-brand-tommatech","7":"product_cat-gunes-paneli","8":"product_cat-mono-kristal-gunes-panelleri","9":"product_tag-tommatech-48pm-m6-hc-mb-gunes-paneli","11":"first","12":"instock","13":"product-type-simple"},"jetpack_sharing_enabled":true,"brands":[{"id":518,"name":"Tommatech","slug":"tommatech"}],"_links":{"self":[{"href":"https:\/\/ynrsolar.shop\/index.php\/wp-json\/wp\/v2\/product\/34547","targetHints":{"allow":["GET"]}}],"collection":[{"href":"https:\/\/ynrsolar.shop\/index.php\/wp-json\/wp\/v2\/product"}],"about":[{"href":"https:\/\/ynrsolar.shop\/index.php\/wp-json\/wp\/v2\/types\/product"}],"version-history":[{"count":1,"href":"https:\/\/ynrsolar.shop\/index.php\/wp-json\/wp\/v2\/product\/34547\/revisions"}],"predecessor-version":[{"id":34605,"href":"https:\/\/ynrsolar.shop\/index.php\/wp-json\/wp\/v2\/product\/34547\/revisions\/34605"}],"wp:featuredmedia":[{"embeddable":true,"href":"https:\/\/ynrsolar.shop\/index.php\/wp-json\/wp\/v2\/media\/34269"}],"wp:attachment":[{"href":"https:\/\/ynrsolar.shop\/index.php\/wp-json\/wp\/v2\/media?parent=34547"}],"wp:term":[{"taxonomy":"pwb-brand","embeddable":true,"href":"https:\/\/ynrsolar.shop\/index.php\/wp-json\/wp\/v2\/pwb-brand?post=34547"},{"taxonomy":"product_brand","embeddable":true,"href":"https:\/\/ynrsolar.shop\/index.php\/wp-json\/wp\/v2\/product_brand?post=34547"},{"taxonomy":"product_cat","embeddable":true,"href":"https:\/\/ynrsolar.shop\/index.php\/wp-json\/wp\/v2\/product_cat?post=34547"},{"taxonomy":"product_tag","embeddable":true,"href":"https:\/\/ynrsolar.shop\/index.php\/wp-json\/wp\/v2\/product_tag?post=34547"}],"curies":[{"name":"wp","href":"https:\/\/api.w.org\/{rel}","templated":true}]}}