{"id":34532,"date":"2025-04-14T14:06:02","date_gmt":"2025-04-14T11:06:02","guid":{"rendered":"https:\/\/ynrsolar.shop\/?post_type=product&#038;p=34532"},"modified":"2025-06-09T19:58:18","modified_gmt":"2025-06-09T16:58:18","slug":"suneng-470watt-multibusbar-halfcutpm-gunes-paneli","status":"publish","type":"product","link":"https:\/\/ynrsolar.shop\/index.php\/urun\/suneng-470watt-multibusbar-halfcutpm-gunes-paneli\/","title":{"rendered":"Suneng 470Watt MultiBusbar HalfCutPM G\u00fcne\u015f Paneli"},"content":{"rendered":"<h2>Suneng 470Watt MultiBusbar Half\/CutPM G\u00fcne\u015f Paneli<\/h2>\n<ul>\n<li>Y\u00fcksek D\u00f6n\u00fc\u015f\u00fcm Verimlili\u011fi<\/li>\n<li>Kendi Kendini Temizleyen ve Yans\u0131may\u0131 Azaltan Cam<\/li>\n<li>D\u00fc\u015f\u00fck I\u015f\u0131n\u0131mda Y\u00fcksek Verimlilik<\/li>\n<li>M\u00fckemmel Dayan\u0131m Kapasitesi<\/li>\n<li>Kolay Kurulum<\/li>\n<\/ul>\n<p><strong>*2 Y\u0131l \u00dcr\u00fcn Garantisi<br \/>\n*10 Y\u0131l Performans Garantisi<\/strong><\/p>\n<p>Suneng 470Watt MultiBusbar Half\/CutPM G\u00fcne\u015f Paneli<\/p>\n<p><strong>AMBAR \u0130LE G\u00d6NDER\u0130M SA\u011eLANMAKTADIR&#8230;<\/strong><\/p>\n","protected":false},"excerpt":{"rendered":"<p>Suneng 470Watt MultiBusbar Half\/CutPM G\u00fcne\u015f Paneli Y\u00fcksek D\u00f6n\u00fc\u015f\u00fcm Verimlili\u011fi Kendi Kendini Temizleyen ve Yans\u0131may\u0131 Azaltan Cam D\u00fc\u015f\u00fck I\u015f\u0131n\u0131mda Y\u00fcksek Verimlilik<\/p>\n","protected":false},"featured_media":34498,"template":"","meta":[],"pwb-brand":[456],"product_brand":[],"product_cat":[1984,1985],"product_tag":[1756],"class_list":{"0":"post-34532","1":"product","2":"type-product","3":"status-publish","4":"has-post-thumbnail","6":"pwb-brand-suneng","7":"product_cat-gunes-paneli","8":"product_cat-half-cut-gunes-panelleri","9":"product_tag-suneng-470watt-multibusbar-half-cutpm-gunes-paneli","11":"first","12":"instock","13":"product-type-simple"},"jetpack_sharing_enabled":true,"brands":[{"id":456,"name":"Suneng","slug":"suneng"}],"_links":{"self":[{"href":"https:\/\/ynrsolar.shop\/index.php\/wp-json\/wp\/v2\/product\/34532","targetHints":{"allow":["GET"]}}],"collection":[{"href":"https:\/\/ynrsolar.shop\/index.php\/wp-json\/wp\/v2\/product"}],"about":[{"href":"https:\/\/ynrsolar.shop\/index.php\/wp-json\/wp\/v2\/types\/product"}],"version-history":[{"count":1,"href":"https:\/\/ynrsolar.shop\/index.php\/wp-json\/wp\/v2\/product\/34532\/revisions"}],"predecessor-version":[{"id":34580,"href":"https:\/\/ynrsolar.shop\/index.php\/wp-json\/wp\/v2\/product\/34532\/revisions\/34580"}],"wp:featuredmedia":[{"embeddable":true,"href":"https:\/\/ynrsolar.shop\/index.php\/wp-json\/wp\/v2\/media\/34498"}],"wp:attachment":[{"href":"https:\/\/ynrsolar.shop\/index.php\/wp-json\/wp\/v2\/media?parent=34532"}],"wp:term":[{"taxonomy":"pwb-brand","embeddable":true,"href":"https:\/\/ynrsolar.shop\/index.php\/wp-json\/wp\/v2\/pwb-brand?post=34532"},{"taxonomy":"product_brand","embeddable":true,"href":"https:\/\/ynrsolar.shop\/index.php\/wp-json\/wp\/v2\/product_brand?post=34532"},{"taxonomy":"product_cat","embeddable":true,"href":"https:\/\/ynrsolar.shop\/index.php\/wp-json\/wp\/v2\/product_cat?post=34532"},{"taxonomy":"product_tag","embeddable":true,"href":"https:\/\/ynrsolar.shop\/index.php\/wp-json\/wp\/v2\/product_tag?post=34532"}],"curies":[{"name":"wp","href":"https:\/\/api.w.org\/{rel}","templated":true}]}}