{"id":34496,"date":"2025-04-14T14:05:40","date_gmt":"2025-04-14T11:05:40","guid":{"rendered":"https:\/\/ynrsolar.shop\/?post_type=product&#038;p=34496"},"modified":"2025-06-09T19:58:48","modified_gmt":"2025-06-09T16:58:48","slug":"solplanet-50k-lt-hibrit-invertor","status":"publish","type":"product","link":"https:\/\/ynrsolar.shop\/index.php\/urun\/solplanet-50k-lt-hibrit-invertor\/","title":{"rendered":"SolPlanet 50K LT Hibrit \u0130nvert\u00f6r"},"content":{"rendered":"<div class=\"block-column block-column__width-large--4 block-column__width-tablet--12\">\n<div id=\"\" class=\"wrapper wrapper__spacing-bottom-large--20\">\n<div class=\"block-heading\">\n<h2 class=\"heading heading__align--left heading__color--shaft heading__size--small block-heading__heading\"><strong>Basit kurulum<\/strong><\/h2>\n<\/div>\n<\/div>\n<div id=\"\" class=\"wrapper wrapper__spacing-bottom-large--0\">\n<p class=\"paragraph paragraph__color--dove paragraph__align--left paragraph__size--default block-paragraph__paragraph\">ASW 45-60K LT-G3 Serisi invert\u00f6rlerimiz, kompakt, duvara monte tasar\u0131mlar\u0131 ve aletsiz DC ba\u011flant\u0131lar\u0131 nedeniyle montajc\u0131lar i\u00e7in kurmak bir zevktir. Montaj braketini g\u00fcvenli bir \u015fekilde tak\u0131n, invert\u00f6rleri braketin \u00fczerine kayd\u0131r\u0131n (ve sabitleyin), ard\u0131ndan ba\u011flant\u0131lar\u0131 tak\u0131n ve hemen hemen i\u015finiz bitti! Ve t\u00fcm \u00fcr\u00fcnlerimizde oldu\u011fu gibi, kullan\u0131c\u0131 dostu Solplanet Uygulamam\u0131z da h\u0131zl\u0131 ve kolay bir \u015fekilde kurulum yapman\u0131z\u0131 sa\u011flayacakt\u0131r.<\/p>\n<\/div>\n<\/div>\n<div class=\"block-column block-column__width-large--4 block-column__width-tablet--12\">\n<div id=\"\" class=\"wrapper wrapper__spacing-bottom-large--20\">\n<div id=\"\" class=\"wrapper__anchor\"><strong><span style=\"color: #1b1919; font-size: 24px;\">Y\u00fcksek g\u00fcvenilirlik<\/span><\/strong><\/div>\n<\/div>\n<div id=\"\" class=\"wrapper wrapper__spacing-bottom-large--0\">\n<p class=\"paragraph paragraph__color--dove paragraph__align--left paragraph__size--default block-paragraph__paragraph\">ASW 45-60K LT-G3 Serisinin a\u015f\u0131r\u0131 gerilim korumas\u0131, entegre DC anahtarlar ve IP66 derecesi gibi geli\u015fmi\u015f \u00f6zellikleri, onu \u00e7ok \u00e7e\u015fitli kurulum senaryolar\u0131 i\u00e7in uygun hale getirir. Yeni sigortas\u0131z tasar\u0131m\u0131m\u0131z ekipman ar\u0131zas\u0131 olas\u0131l\u0131\u011f\u0131n\u0131 azalt\u0131r, g\u00fcvenilirli\u011fi art\u0131r\u0131r ve genel bak\u0131m maliyetlerini azaltmaya yard\u0131mc\u0131 olurken, IP66 dereceli tasar\u0131m, \u00fcnitenin d\u0131\u015f mekana monte edildi\u011finde bile g\u00fcvenilir kald\u0131\u011f\u0131 anlam\u0131na gelir.<\/p>\n<\/div>\n<\/div>\n<div class=\"block-column block-column__width-large--4 block-column__width-tablet--12\">\n<div id=\"\" class=\"wrapper wrapper__spacing-bottom-large--20\">\n<div id=\"\" class=\"wrapper__anchor\"><strong><span style=\"color: #1b1919; font-size: 24px;\">Daha b\u00fcy\u00fck enerji verimi<\/span><\/strong><\/div>\n<\/div>\n<div id=\"\" class=\"wrapper wrapper__spacing-bottom-large--0\">\n<p class=\"paragraph paragraph__color--dove paragraph__align--left paragraph__size--default block-paragraph__paragraph\">ASW 45-60K LT-G3 Serisi, olas\u0131 %150 PV dizisi a\u015f\u0131r\u0131 boyutland\u0131rmas\u0131 sayesinde daha y\u00fcksek enerji verimi sa\u011flayabilir. 5 MPPT\u2019ye kadar ve dize ba\u015f\u0131na maksimum 20 A giri\u015f ak\u0131m\u0131 ile Akrep \u00fc\u00e7 fazl\u0131 invert\u00f6rlerimizden herhangi biri, \u00e7ok fazla elektrik \u00fcretmesi gereken b\u00fcy\u00fck PV kurulumlar\u0131 i\u00e7in m\u00fckemmeldir. Ayr\u0131ca, g\u00f6lgeli veya ideal olmayan \u00e7evre ko\u015fullar\u0131nda geli\u015fmi\u015f enerji \u00fcretimi i\u00e7in Solplanet\u2019in ShadeSol teknolojisini entegre ederler.<\/p>\n<\/div>\n<\/div>\n","protected":false},"excerpt":{"rendered":"<p>Basit kurulum ASW 45-60K LT-G3 Serisi invert\u00f6rlerimiz, kompakt, duvara monte tasar\u0131mlar\u0131 ve aletsiz DC ba\u011flant\u0131lar\u0131 nedeniyle montajc\u0131lar i\u00e7in kurmak bir<\/p>\n","protected":false},"featured_media":34578,"template":"","meta":[],"pwb-brand":[429],"product_brand":[],"product_cat":[1988,1987],"product_tag":[1509],"class_list":{"0":"post-34496","1":"product","2":"type-product","3":"status-publish","4":"has-post-thumbnail","6":"pwb-brand-solplanet","7":"product_cat-hibrit-inverterler","8":"product_cat-inverterler","9":"product_tag-asw-50k-lt-g3-invertor","11":"first","12":"instock","13":"product-type-simple"},"jetpack_sharing_enabled":true,"brands":[{"id":429,"name":"Solplanet","slug":"solplanet"}],"_links":{"self":[{"href":"https:\/\/ynrsolar.shop\/index.php\/wp-json\/wp\/v2\/product\/34496","targetHints":{"allow":["GET"]}}],"collection":[{"href":"https:\/\/ynrsolar.shop\/index.php\/wp-json\/wp\/v2\/product"}],"about":[{"href":"https:\/\/ynrsolar.shop\/index.php\/wp-json\/wp\/v2\/types\/product"}],"version-history":[{"count":1,"href":"https:\/\/ynrsolar.shop\/index.php\/wp-json\/wp\/v2\/product\/34496\/revisions"}],"predecessor-version":[{"id":34579,"href":"https:\/\/ynrsolar.shop\/index.php\/wp-json\/wp\/v2\/product\/34496\/revisions\/34579"}],"wp:featuredmedia":[{"embeddable":true,"href":"https:\/\/ynrsolar.shop\/index.php\/wp-json\/wp\/v2\/media\/34578"}],"wp:attachment":[{"href":"https:\/\/ynrsolar.shop\/index.php\/wp-json\/wp\/v2\/media?parent=34496"}],"wp:term":[{"taxonomy":"pwb-brand","embeddable":true,"href":"https:\/\/ynrsolar.shop\/index.php\/wp-json\/wp\/v2\/pwb-brand?post=34496"},{"taxonomy":"product_brand","embeddable":true,"href":"https:\/\/ynrsolar.shop\/index.php\/wp-json\/wp\/v2\/product_brand?post=34496"},{"taxonomy":"product_cat","embeddable":true,"href":"https:\/\/ynrsolar.shop\/index.php\/wp-json\/wp\/v2\/product_cat?post=34496"},{"taxonomy":"product_tag","embeddable":true,"href":"https:\/\/ynrsolar.shop\/index.php\/wp-json\/wp\/v2\/product_tag?post=34496"}],"curies":[{"name":"wp","href":"https:\/\/api.w.org\/{rel}","templated":true}]}}