{"id":34495,"date":"2025-04-14T14:05:40","date_gmt":"2025-04-14T11:05:40","guid":{"rendered":"https:\/\/ynrsolar.shop\/?post_type=product&#038;p=34495"},"modified":"2025-06-09T19:58:57","modified_gmt":"2025-06-09T16:58:57","slug":"havensis-dc-dc-aku-sarj-cihazi-tek-yon","status":"publish","type":"product","link":"https:\/\/ynrsolar.shop\/index.php\/urun\/havensis-dc-dc-aku-sarj-cihazi-tek-yon\/","title":{"rendered":"Havensis DC DC Ak\u00fc \u015earj Cihaz\u0131 Tek Y\u00f6n"},"content":{"rendered":"<p><strong>T\u00fcm Parametreler Programlanabilir<\/strong><\/p>\n<ul>\n<li>Ak\u00fc \u015farj algoritmas\u0131 (yap\u0131land\u0131r\u0131labilir)<\/li>\n<li>T\u00fcm Alternat\u00f6rler ile (Euro5 ve Euro6 dahil) Uyumlu: Motor \u00e7al\u0131\u015fma\/durma otomatik alg\u0131lar<\/li>\n<li>3 kademeli uyarlanabilir \u015farj algoritmas\u0131: Bulk -Absorption-Float<\/li>\n<li>Kur\u015fun asit ak\u00fcler i\u00e7in, d\u00fc\u015f\u00fck de\u015farj i\u015flemlerinin yap\u0131ld\u0131\u011f\u0131 durumlarda ak\u00fcn\u00fcn a\u015f\u0131r\u0131 \u015farj olmas\u0131n\u0131 engellemek i\u00e7in emilim s\u00fcresinin k\u0131sa tutulmas\u0131 \u00f6nemlidir. Derin de\u015farjdan sonra, emilim s\u00fcresi ak\u00fcn\u00fcn tamamen tekrar \u015farj edilmesini sa\u011flamak i\u00e7in otomatik olarak artt\u0131r\u0131l\u0131r.<\/li>\n<li>Lityum ak\u00fcler i\u00e7in emilim\/denge \u015farj\u00a0s\u00fcresi sabit olup 2 saattir.<\/li>\n<li>T\u00fcm voltaj kademeleri ve ak\u0131m s\u0131n\u0131rlama ekran \u00fczerinden ayarlanabilir.<\/li>\n<li>Motor \u00e7al\u0131\u015ft\u0131\u011f\u0131n\u0131 alg\u0131lar ve sonra ya\u015fam ak\u00fclerini \u015farja ba\u015flar ve motor durdu\u011funda \u015farj\u0131 keser, mar\u015f ak\u00fcs\u00fcn\u00fc bitirmez\/korur.<\/li>\n<\/ul>\n<p><strong>Ekran\/Kontrol Panosu Ba\u011flant\u0131s\u0131<\/strong><\/p>\n<ul>\n<li>Ekran ile cihazdan ba\u011f\u0131ms\u0131z kontrol ve ayar yap\u0131labilir<\/li>\n<li>T\u00fcm modeller k\u0131sa devre korumal\u0131d\u0131r ve \u00e7\u0131k\u0131\u015f ak\u0131m\u0131n\u0131 art\u0131rmak i\u00e7in paralel ba\u011flanabilir<\/li>\n<li>S\u0131n\u0131rs\u0131z say\u0131da cihaz paralel ba\u011flanabilir.<\/li>\n<li>Y\u00fcksek s\u0131cakl\u0131k korumal\u0131<\/li>\n<li>\u00c7\u0131k\u0131\u015f ak\u0131m\u0131, y\u00fcksek ortam s\u0131cakl\u0131\u011f\u0131nda d\u00fc\u015fer.<\/li>\n<li>Vidal\u0131 terminaller<\/li>\n<li>Kurulum i\u00e7in \u00f6zel bir alet gerekli de\u011fildir. Kolayl\u0131kla Montaj yap\u0131labilir.<\/li>\n<li>Ters Ba\u011flant\u0131 Giri\u015f\/\u00c7\u0131k\u0131\u015f Sigortas\u0131 (De\u011fi\u015ftirilebilir)<\/li>\n<\/ul>\n<p><strong>Tek cihaz<\/strong><\/p>\n<ul>\n<li>Giri\u015f:12V | \u00c7\u0131k\u0131\u015f:12V &#8211; 30A<\/li>\n<li>Giri\u015f:24V | \u00c7\u0131k\u0131\u015f:12V &#8211; 30A<\/li>\n<li>Giri\u015f:12V | \u00c7\u0131k\u0131\u015f:24V &#8211; 15A<\/li>\n<li>Giri\u015f:24V | \u00c7\u0131k\u0131\u015f:24V &#8211; 30A<\/li>\n<\/ul>\n<p>olarak her fonksiyonda \u00e7al\u0131\u015fabilmektedir.<\/p>\n","protected":false},"excerpt":{"rendered":"<p>T\u00fcm Parametreler Programlanabilir Ak\u00fc \u015farj algoritmas\u0131 (yap\u0131land\u0131r\u0131labilir) T\u00fcm Alternat\u00f6rler ile (Euro5 ve Euro6 dahil) Uyumlu: Motor \u00e7al\u0131\u015fma\/durma otomatik alg\u0131lar 3<\/p>\n","protected":false},"featured_media":34576,"template":"","meta":[],"pwb-brand":[1762],"product_brand":[],"product_cat":[2014,2000,1999],"product_tag":[2022],"class_list":{"0":"post-34495","1":"product","2":"type-product","3":"status-publish","4":"has-post-thumbnail","6":"pwb-brand-elektrozirve","7":"product_cat-aku-sarj-cihazlari","8":"product_cat-mppt-sarj-kontrol-cihazlari","9":"product_cat-sarj-kontrol-cihazlari","10":"product_tag-havensis-dc-dc-aku-sarj-cihazi-tek-yon","12":"first","13":"instock","14":"product-type-simple"},"jetpack_sharing_enabled":true,"brands":[{"id":1762,"name":"Elektrozirve","slug":"elektrozirve"}],"_links":{"self":[{"href":"https:\/\/ynrsolar.shop\/index.php\/wp-json\/wp\/v2\/product\/34495","targetHints":{"allow":["GET"]}}],"collection":[{"href":"https:\/\/ynrsolar.shop\/index.php\/wp-json\/wp\/v2\/product"}],"about":[{"href":"https:\/\/ynrsolar.shop\/index.php\/wp-json\/wp\/v2\/types\/product"}],"version-history":[{"count":1,"href":"https:\/\/ynrsolar.shop\/index.php\/wp-json\/wp\/v2\/product\/34495\/revisions"}],"predecessor-version":[{"id":34577,"href":"https:\/\/ynrsolar.shop\/index.php\/wp-json\/wp\/v2\/product\/34495\/revisions\/34577"}],"wp:featuredmedia":[{"embeddable":true,"href":"https:\/\/ynrsolar.shop\/index.php\/wp-json\/wp\/v2\/media\/34576"}],"wp:attachment":[{"href":"https:\/\/ynrsolar.shop\/index.php\/wp-json\/wp\/v2\/media?parent=34495"}],"wp:term":[{"taxonomy":"pwb-brand","embeddable":true,"href":"https:\/\/ynrsolar.shop\/index.php\/wp-json\/wp\/v2\/pwb-brand?post=34495"},{"taxonomy":"product_brand","embeddable":true,"href":"https:\/\/ynrsolar.shop\/index.php\/wp-json\/wp\/v2\/product_brand?post=34495"},{"taxonomy":"product_cat","embeddable":true,"href":"https:\/\/ynrsolar.shop\/index.php\/wp-json\/wp\/v2\/product_cat?post=34495"},{"taxonomy":"product_tag","embeddable":true,"href":"https:\/\/ynrsolar.shop\/index.php\/wp-json\/wp\/v2\/product_tag?post=34495"}],"curies":[{"name":"wp","href":"https:\/\/api.w.org\/{rel}","templated":true}]}}