{"id":34479,"date":"2025-04-14T14:05:37","date_gmt":"2025-04-14T11:05:37","guid":{"rendered":"https:\/\/ynrsolar.shop\/?post_type=product&#038;p=34479"},"modified":"2025-06-09T20:02:09","modified_gmt":"2025-06-09T17:02:09","slug":"mexxsun-48v-8000w-akilli-inverter","status":"publish","type":"product","link":"https:\/\/ynrsolar.shop\/index.php\/urun\/mexxsun-48v-8000w-akilli-inverter\/","title":{"rendered":"Mexxsun 48V 8000W Ak\u0131ll\u0131 \u0130nverter"},"content":{"rendered":"","protected":false},"excerpt":{"rendered":"<div class=\"product-info-row\"><span class=\"product-info-row-title\">Marka<\/span> <span class=\"product-info-row-seperator\">:<\/span> <span class=\"product-info-row-value\"> MEXXSUN <\/span><\/div>\n<div class=\"product-info-row\"><span class=\"product-info-row-title\">\u00dcr\u00fcn Kodu<\/span> <span class=\"product-info-row-seperator\">:<\/span> <span class=\"product-info-row-value\">NV080.48TAMX.001<\/span><\/div>\n<div class=\"product-info-row\"><span class=\"product-info-row-title\">Miktar Tipi<\/span> <span class=\"product-info-row-seperator\">:<\/span> <span class=\"product-info-row-value\">Adet<\/span><\/div>\n","protected":false},"featured_media":34515,"template":"","meta":[],"pwb-brand":[347],"product_brand":[],"product_cat":[1990,1987,1991],"product_tag":[587],"class_list":{"0":"post-34479","1":"product","2":"type-product","3":"status-publish","4":"has-post-thumbnail","6":"pwb-brand-mexxsun","7":"product_cat-akilli-inverterler","8":"product_cat-inverterler","9":"product_cat-off-grid-inverterler","10":"product_tag-tam-sinus-akilli-48v-8000w-twin-max-8000","12":"first","13":"instock","14":"product-type-simple"},"jetpack_sharing_enabled":true,"brands":[{"id":347,"name":"Mexxsun","slug":"mexxsun"}],"_links":{"self":[{"href":"https:\/\/ynrsolar.shop\/index.php\/wp-json\/wp\/v2\/product\/34479","targetHints":{"allow":["GET"]}}],"collection":[{"href":"https:\/\/ynrsolar.shop\/index.php\/wp-json\/wp\/v2\/product"}],"about":[{"href":"https:\/\/ynrsolar.shop\/index.php\/wp-json\/wp\/v2\/types\/product"}],"version-history":[{"count":1,"href":"https:\/\/ynrsolar.shop\/index.php\/wp-json\/wp\/v2\/product\/34479\/revisions"}],"predecessor-version":[{"id":34516,"href":"https:\/\/ynrsolar.shop\/index.php\/wp-json\/wp\/v2\/product\/34479\/revisions\/34516"}],"wp:featuredmedia":[{"embeddable":true,"href":"https:\/\/ynrsolar.shop\/index.php\/wp-json\/wp\/v2\/media\/34515"}],"wp:attachment":[{"href":"https:\/\/ynrsolar.shop\/index.php\/wp-json\/wp\/v2\/media?parent=34479"}],"wp:term":[{"taxonomy":"pwb-brand","embeddable":true,"href":"https:\/\/ynrsolar.shop\/index.php\/wp-json\/wp\/v2\/pwb-brand?post=34479"},{"taxonomy":"product_brand","embeddable":true,"href":"https:\/\/ynrsolar.shop\/index.php\/wp-json\/wp\/v2\/product_brand?post=34479"},{"taxonomy":"product_cat","embeddable":true,"href":"https:\/\/ynrsolar.shop\/index.php\/wp-json\/wp\/v2\/product_cat?post=34479"},{"taxonomy":"product_tag","embeddable":true,"href":"https:\/\/ynrsolar.shop\/index.php\/wp-json\/wp\/v2\/product_tag?post=34479"}],"curies":[{"name":"wp","href":"https:\/\/api.w.org\/{rel}","templated":true}]}}