{"id":34472,"date":"2025-04-14T14:05:36","date_gmt":"2025-04-14T11:05:36","guid":{"rendered":"https:\/\/ynrsolar.shop\/?post_type=product&#038;p=34472"},"modified":"2025-06-09T20:03:00","modified_gmt":"2025-06-09T17:03:00","slug":"tommatech-new-1k-12v-1faz-akilli-inverter","status":"publish","type":"product","link":"https:\/\/ynrsolar.shop\/index.php\/urun\/tommatech-new-1k-12v-1faz-akilli-inverter\/","title":{"rendered":"TommaTech New 1K 12V 1Faz Ak\u0131ll\u0131 \u0130nverter"},"content":{"rendered":"<h2>TommaTech New 1K 12V 1Faz Ak\u0131ll\u0131 \u0130nverter<\/h2>\n<p>24 ay garantili, s\u0131f\u0131r \u00fcr\u00fcn.<\/p>\n<ul>\n<li>Saf sin\u00fcs dalgal\u0131 g\u00fcne\u015f inverteri<\/li>\n<li>\u00c7\u0131k\u0131\u015f g\u00fc\u00e7 fakt\u00f6r\u00fc 1<\/li>\n<li>Se\u00e7ilebilir y\u00fcksek g\u00fc\u00e7l\u00fc \u015farj ak\u0131m\u0131<\/li>\n<li>Geni\u015f DC giri\u015f aral\u0131\u011f\u0131<\/li>\n<li>Ev aletleri ve ki\u015fisel bilgisayarlar i\u00e7in se\u00e7ilebilir giri\u015f voltaj\u0131 aral\u0131\u011f\u0131<\/li>\n<li>LCD ayar\u0131 arac\u0131l\u0131\u011f\u0131yla yap\u0131land\u0131r\u0131labilir AC \/ Solar giri\u015f \u00f6nceli\u011fi<\/li>\n<li>\u015eebeke voltaj\u0131 veya jenerat\u00f6r g\u00fcc\u00fcyle uyumlu<\/li>\n<li>AC d\u00fczelirken otomatik yeniden ba\u015flatma<\/li>\n<li>A\u015f\u0131r\u0131 y\u00fck ve k\u0131sa devre korumas\u0131<\/li>\n<li>Optimize edilmi\u015f pil performans\u0131 i\u00e7in ak\u0131ll\u0131 pil \u015farj cihaz\u0131 tasar\u0131m\u0131<\/li>\n<li>So\u011fuk ba\u015flatma i\u015flevi<\/li>\n<li>Dayan\u0131kl\u0131 \u0130nverter<\/li>\n<\/ul>\n","protected":false},"excerpt":{"rendered":"<p>TommaTech New 1K 12V 1Faz Ak\u0131ll\u0131 \u0130nverter 24 ay garantili, s\u0131f\u0131r \u00fcr\u00fcn. Saf sin\u00fcs dalgal\u0131 g\u00fcne\u015f inverteri \u00c7\u0131k\u0131\u015f g\u00fc\u00e7 fakt\u00f6r\u00fc<\/p>\n","protected":false},"featured_media":33915,"template":"","meta":[],"pwb-brand":[518],"product_brand":[],"product_cat":[1990,1987,1991],"product_tag":[1480],"class_list":{"0":"post-34472","1":"product","2":"type-product","3":"status-publish","4":"has-post-thumbnail","6":"pwb-brand-tommatech","7":"product_cat-akilli-inverterler","8":"product_cat-inverterler","9":"product_cat-off-grid-inverterler","10":"product_tag-tommatech-new-1k-12v-1faz-akilli-inverter","12":"first","13":"instock","14":"product-type-simple"},"jetpack_sharing_enabled":true,"brands":[{"id":518,"name":"Tommatech","slug":"tommatech"}],"_links":{"self":[{"href":"https:\/\/ynrsolar.shop\/index.php\/wp-json\/wp\/v2\/product\/34472","targetHints":{"allow":["GET"]}}],"collection":[{"href":"https:\/\/ynrsolar.shop\/index.php\/wp-json\/wp\/v2\/product"}],"about":[{"href":"https:\/\/ynrsolar.shop\/index.php\/wp-json\/wp\/v2\/types\/product"}],"version-history":[{"count":1,"href":"https:\/\/ynrsolar.shop\/index.php\/wp-json\/wp\/v2\/product\/34472\/revisions"}],"predecessor-version":[{"id":34504,"href":"https:\/\/ynrsolar.shop\/index.php\/wp-json\/wp\/v2\/product\/34472\/revisions\/34504"}],"wp:featuredmedia":[{"embeddable":true,"href":"https:\/\/ynrsolar.shop\/index.php\/wp-json\/wp\/v2\/media\/33915"}],"wp:attachment":[{"href":"https:\/\/ynrsolar.shop\/index.php\/wp-json\/wp\/v2\/media?parent=34472"}],"wp:term":[{"taxonomy":"pwb-brand","embeddable":true,"href":"https:\/\/ynrsolar.shop\/index.php\/wp-json\/wp\/v2\/pwb-brand?post=34472"},{"taxonomy":"product_brand","embeddable":true,"href":"https:\/\/ynrsolar.shop\/index.php\/wp-json\/wp\/v2\/product_brand?post=34472"},{"taxonomy":"product_cat","embeddable":true,"href":"https:\/\/ynrsolar.shop\/index.php\/wp-json\/wp\/v2\/product_cat?post=34472"},{"taxonomy":"product_tag","embeddable":true,"href":"https:\/\/ynrsolar.shop\/index.php\/wp-json\/wp\/v2\/product_tag?post=34472"}],"curies":[{"name":"wp","href":"https:\/\/api.w.org\/{rel}","templated":true}]}}