{"id":34471,"date":"2025-04-14T14:05:36","date_gmt":"2025-04-14T11:05:36","guid":{"rendered":"https:\/\/ynrsolar.shop\/?post_type=product&#038;p=34471"},"modified":"2025-06-09T20:02:52","modified_gmt":"2025-06-09T17:02:52","slug":"orbus-12v-2000w-tam-sinus-sarjli-inverter","status":"publish","type":"product","link":"https:\/\/ynrsolar.shop\/index.php\/urun\/orbus-12v-2000w-tam-sinus-sarjli-inverter\/","title":{"rendered":"Orbus 12V 2000w Tam Sin\u00fcs \u015earjl\u0131 \u0130nverter"},"content":{"rendered":"<ul>\n<li>G\u00fc\u00e7 Kapasitesi: 2000 Watt<\/li>\n<li>Giri\u015f Voltaj\u0131: 12V DC<\/li>\n<li>\u00c7\u0131k\u0131\u015f Voltaj\u0131: 220-230V AC<\/li>\n<li>Dalga Tipi: Tam Sin\u00fcs<\/li>\n<\/ul>\n","protected":false},"excerpt":{"rendered":"<p>G\u00fc\u00e7 Kapasitesi: 2000 Watt Giri\u015f Voltaj\u0131: 12V DC \u00c7\u0131k\u0131\u015f Voltaj\u0131: 220-230V AC Dalga Tipi: Tam Sin\u00fcs<\/p>\n","protected":false},"featured_media":34502,"template":"","meta":[],"pwb-brand":[210],"product_brand":[],"product_cat":[1987,2005],"product_tag":[1478,1479],"class_list":{"0":"post-34471","1":"product","2":"type-product","3":"status-publish","4":"has-post-thumbnail","6":"pwb-brand-orbus","7":"product_cat-inverterler","8":"product_cat-tam-sinus-sarjli-inverter","9":"product_tag-orbus","10":"product_tag-sarjliinverter","12":"first","13":"instock","14":"product-type-simple"},"jetpack_sharing_enabled":true,"brands":[{"id":210,"name":"Orbus","slug":"orbus"}],"_links":{"self":[{"href":"https:\/\/ynrsolar.shop\/index.php\/wp-json\/wp\/v2\/product\/34471","targetHints":{"allow":["GET"]}}],"collection":[{"href":"https:\/\/ynrsolar.shop\/index.php\/wp-json\/wp\/v2\/product"}],"about":[{"href":"https:\/\/ynrsolar.shop\/index.php\/wp-json\/wp\/v2\/types\/product"}],"version-history":[{"count":1,"href":"https:\/\/ynrsolar.shop\/index.php\/wp-json\/wp\/v2\/product\/34471\/revisions"}],"predecessor-version":[{"id":34503,"href":"https:\/\/ynrsolar.shop\/index.php\/wp-json\/wp\/v2\/product\/34471\/revisions\/34503"}],"wp:featuredmedia":[{"embeddable":true,"href":"https:\/\/ynrsolar.shop\/index.php\/wp-json\/wp\/v2\/media\/34502"}],"wp:attachment":[{"href":"https:\/\/ynrsolar.shop\/index.php\/wp-json\/wp\/v2\/media?parent=34471"}],"wp:term":[{"taxonomy":"pwb-brand","embeddable":true,"href":"https:\/\/ynrsolar.shop\/index.php\/wp-json\/wp\/v2\/pwb-brand?post=34471"},{"taxonomy":"product_brand","embeddable":true,"href":"https:\/\/ynrsolar.shop\/index.php\/wp-json\/wp\/v2\/product_brand?post=34471"},{"taxonomy":"product_cat","embeddable":true,"href":"https:\/\/ynrsolar.shop\/index.php\/wp-json\/wp\/v2\/product_cat?post=34471"},{"taxonomy":"product_tag","embeddable":true,"href":"https:\/\/ynrsolar.shop\/index.php\/wp-json\/wp\/v2\/product_tag?post=34471"}],"curies":[{"name":"wp","href":"https:\/\/api.w.org\/{rel}","templated":true}]}}