{"id":34357,"date":"2025-04-14T14:04:39","date_gmt":"2025-04-14T11:04:39","guid":{"rendered":"https:\/\/ynrsolar.shop\/?post_type=product&#038;p=34357"},"modified":"2025-06-09T20:08:23","modified_gmt":"2025-06-09T17:08:23","slug":"pantec-410watt-monokristal-perc-solar-gunes-paneli","status":"publish","type":"product","link":"https:\/\/ynrsolar.shop\/index.php\/urun\/pantec-410watt-monokristal-perc-solar-gunes-paneli\/","title":{"rendered":"Pantec 410Watt Monokristal Perc Solar G\u00fcne\u015f Paneli"},"content":{"rendered":"<p>T\u00fcrkiye &#8216; de y\u00fcksek kaliteli makinelerde ve hassas proses uygulanarak \u00fcretilmektedir.<\/p>\n<p>G\u00fcne\u015f h\u00fccresi olarak Mono Big Cell A class\u00a0 &#8221; A kalite h\u00fccreler kullan\u0131lmaktad\u0131r.<\/p>\n<p>Toplam 72 h\u00fccreden olu\u015fan g\u00fcne\u015f panelimiz b\u00fct\u00fcn testleri yap\u0131larak m\u00fc\u015fterilerimize sunulmaktad\u0131r.<\/p>\n<p>G\u00fcne\u015f panelleri 25 y\u0131l ve \u00fczerinde bir \u00f6mre sahiptir.\u00a0 Kaliteli eva , cam, backshet, \u00e7er\u00e7eve, cunction bux kullan\u0131larak \u00f6mr\u00fc uzat\u0131lm\u0131\u015ft\u0131r.\u00a0 20 Y\u0131l % 80 verimlilik garantisi mevcuttur.<\/p>\n<p>Lineer \u00e7al\u0131\u015fma \u00f6mr\u00fc 25-30 y\u0131ld\u0131r<\/p>\n<p><strong>NOT: B\u00dcY\u00dcK PANELLER AMBAR \u0130LE G\u00d6NDER\u0130LMEKTED\u0130R<\/strong><\/p>\n<p>410 Watt Solar Panel \u00d6zellikleri<br \/>\nG\u00fc\u00e7\u00a0 \u00a0 \u00a0 \u00a0 \u00a0 \u00a0 \u00a0 \u00a0 \u00a0 \u00a0 \u00a0 \u00a0 \u00a0 \u00a0 \u00a0 \u00a0 \u00a0 \u00a0 \u00a0 : \u00a0\u00a0 \u00a0410W<br \/>\nH\u00fccre Say\u0131s\u0131\u00a0 \u00a0 \u00a0 \u00a0 \u00a0 \u00a0 \u00a0 \u00a0 \u00a0 \u00a0 \u00a0 \u00a0 : \u00a0\u00a0 \u00a072<br \/>\nA\u00e7\u0131k Devre Voltaj\u0131 (Voc) \u00a0\u00a0 \u00a0: \u00a0\u00a0 \u00a049,70V<br \/>\nMaks. Voltaj (Vmp)\u00a0 \u00a0 \u00a0 \u00a0 \u00a0 \u00a0 \u00a0: \u00a0\u00a0 \u00a041,42V<br \/>\nK\u0131sa Devre Ak\u0131m\u0131 (Isc)\u00a0 \u00a0 \u00a0 \u00a0: \u00a0\u00a0 \u00a010,44A<br \/>\nMaks. Ak\u0131m (Imp)\u00a0 \u00a0 \u00a0 \u00a0 \u00a0 \u00a0 \u00a0 : \u00a0\u00a0 \u00a09,90A<br \/>\nMaks. Sistem Voltaj\u0131\u00a0 \u00a0 \u00a0 \u00a0 \u00a0 :\u00a0 \u00a0 \u00a0 1000V<\/p>\n<p>Mekanik \u00d6zellikler<br \/>\nMod\u00fcl \u00d6l\u00e7\u00fcleri (mm) \u00a0\u00a0 \u00a0: \u00a0\u00a0 \u00a01987*1001*35<br \/>\nA\u011f\u0131rl\u0131k \u00a0\u00a0 \u00a0: \u00a0\u00a0 \u00a022kg<\/p>\n","protected":false},"excerpt":{"rendered":"<p>T\u00fcrkiye &#8216; de y\u00fcksek kaliteli makinelerde ve hassas proses uygulanarak \u00fcretilmektedir. G\u00fcne\u015f h\u00fccresi olarak Mono Big Cell A class\u00a0 &#8221;<\/p>\n","protected":false},"featured_media":34302,"template":"","meta":[],"pwb-brand":[315],"product_brand":[],"product_cat":[1984,1986],"product_tag":[1433,1434,1435],"class_list":{"0":"post-34357","1":"product","2":"type-product","3":"status-publish","4":"has-post-thumbnail","6":"pwb-brand-pantec","7":"product_cat-gunes-paneli","8":"product_cat-mono-kristal-gunes-panelleri","9":"product_tag-410w","10":"product_tag-410w-gunes-paneli","11":"product_tag-pantec-solar-mono-perc-400-w-gunes-paneli","13":"first","14":"instock","15":"product-type-simple"},"jetpack_sharing_enabled":true,"brands":[{"id":315,"name":"Pantec","slug":"pantec"}],"_links":{"self":[{"href":"https:\/\/ynrsolar.shop\/index.php\/wp-json\/wp\/v2\/product\/34357","targetHints":{"allow":["GET"]}}],"collection":[{"href":"https:\/\/ynrsolar.shop\/index.php\/wp-json\/wp\/v2\/product"}],"about":[{"href":"https:\/\/ynrsolar.shop\/index.php\/wp-json\/wp\/v2\/types\/product"}],"version-history":[{"count":1,"href":"https:\/\/ynrsolar.shop\/index.php\/wp-json\/wp\/v2\/product\/34357\/revisions"}],"predecessor-version":[{"id":34405,"href":"https:\/\/ynrsolar.shop\/index.php\/wp-json\/wp\/v2\/product\/34357\/revisions\/34405"}],"wp:featuredmedia":[{"embeddable":true,"href":"https:\/\/ynrsolar.shop\/index.php\/wp-json\/wp\/v2\/media\/34302"}],"wp:attachment":[{"href":"https:\/\/ynrsolar.shop\/index.php\/wp-json\/wp\/v2\/media?parent=34357"}],"wp:term":[{"taxonomy":"pwb-brand","embeddable":true,"href":"https:\/\/ynrsolar.shop\/index.php\/wp-json\/wp\/v2\/pwb-brand?post=34357"},{"taxonomy":"product_brand","embeddable":true,"href":"https:\/\/ynrsolar.shop\/index.php\/wp-json\/wp\/v2\/product_brand?post=34357"},{"taxonomy":"product_cat","embeddable":true,"href":"https:\/\/ynrsolar.shop\/index.php\/wp-json\/wp\/v2\/product_cat?post=34357"},{"taxonomy":"product_tag","embeddable":true,"href":"https:\/\/ynrsolar.shop\/index.php\/wp-json\/wp\/v2\/product_tag?post=34357"}],"curies":[{"name":"wp","href":"https:\/\/api.w.org\/{rel}","templated":true}]}}