{"id":34356,"date":"2025-04-14T14:04:38","date_gmt":"2025-04-14T11:04:38","guid":{"rendered":"https:\/\/ynrsolar.shop\/?post_type=product&#038;p=34356"},"modified":"2025-06-09T20:09:29","modified_gmt":"2025-06-09T17:09:29","slug":"pantec-340-watt-monokristal-perc-solar-gunes-paneli","status":"publish","type":"product","link":"https:\/\/ynrsolar.shop\/index.php\/urun\/pantec-340-watt-monokristal-perc-solar-gunes-paneli\/","title":{"rendered":"Pantec 340 Watt Monokristal Perc Solar G\u00fcne\u015f Paneli"},"content":{"rendered":"<p>Teknik \u00d6zellikler:<\/p>\n<ul>\n<li>G\u00fc\u00e7 \u00c7\u0131k\u0131\u015f\u0131: 340 Watt<\/li>\n<li>H\u00fccre Tipi: Monokristal (Single-Crystalline) Perc Teknolojisi<\/li>\n<li>Maksimum Sistem Gerilimi: 1000 VDC<\/li>\n<li>Maksimum Seri \u015earj Ak\u0131m\u0131: 10 A<\/li>\n<li>Maksimum Paralel \u015earj Ak\u0131m\u0131: 10 A<\/li>\n<li>A\u00e7\u0131k Devre Gerilimi (Voc): Yakla\u015f\u0131k 40,8 V<\/li>\n<li>K\u0131sa Devre Ak\u0131m\u0131 (Isc): Yakla\u015f\u0131k 10,2 A<\/li>\n<li>Maksimum G\u00fc\u00e7 Gerilimi (Vmp): Yakla\u015f\u0131k 34,1 V<\/li>\n<li>Maksimum G\u00fc\u00e7 Ak\u0131m\u0131 (Imp): Yakla\u015f\u0131k 9,99 A<\/li>\n<li>Verimlilik: %19,5 &#8211; %20,3<\/li>\n<li>A\u011f\u0131rl\u0131k: Yakla\u015f\u0131k 20,5 kg<\/li>\n<li>\u00c7er\u00e7eve Malzemesi: Al\u00fcminyum Ala\u015f\u0131m\u0131<\/li>\n<li>Kablo Uzunlu\u011fu: Yakla\u015f\u0131k 1000 mm<\/li>\n<li>Ba\u011flant\u0131 Terminalleri: MC4 Uyumlu<\/li>\n<\/ul>\n","protected":false},"excerpt":{"rendered":"<p>Teknik \u00d6zellikler: G\u00fc\u00e7 \u00c7\u0131k\u0131\u015f\u0131: 340 Watt H\u00fccre Tipi: Monokristal (Single-Crystalline) Perc Teknolojisi Maksimum Sistem Gerilimi: 1000 VDC Maksimum Seri \u015earj<\/p>\n","protected":false},"featured_media":34302,"template":"","meta":[],"pwb-brand":[315],"product_brand":[],"product_cat":[1984,1986],"product_tag":[1432],"class_list":{"0":"post-34356","1":"product","2":"type-product","3":"status-publish","4":"has-post-thumbnail","6":"pwb-brand-pantec","7":"product_cat-gunes-paneli","8":"product_cat-mono-kristal-gunes-panelleri","9":"product_tag-pantec-solar-mono-perc-320w-gunes-paneli","11":"first","12":"instock","13":"product-type-simple"},"jetpack_sharing_enabled":true,"brands":[{"id":315,"name":"Pantec","slug":"pantec"}],"_links":{"self":[{"href":"https:\/\/ynrsolar.shop\/index.php\/wp-json\/wp\/v2\/product\/34356","targetHints":{"allow":["GET"]}}],"collection":[{"href":"https:\/\/ynrsolar.shop\/index.php\/wp-json\/wp\/v2\/product"}],"about":[{"href":"https:\/\/ynrsolar.shop\/index.php\/wp-json\/wp\/v2\/types\/product"}],"version-history":[{"count":1,"href":"https:\/\/ynrsolar.shop\/index.php\/wp-json\/wp\/v2\/product\/34356\/revisions"}],"predecessor-version":[{"id":34404,"href":"https:\/\/ynrsolar.shop\/index.php\/wp-json\/wp\/v2\/product\/34356\/revisions\/34404"}],"wp:featuredmedia":[{"embeddable":true,"href":"https:\/\/ynrsolar.shop\/index.php\/wp-json\/wp\/v2\/media\/34302"}],"wp:attachment":[{"href":"https:\/\/ynrsolar.shop\/index.php\/wp-json\/wp\/v2\/media?parent=34356"}],"wp:term":[{"taxonomy":"pwb-brand","embeddable":true,"href":"https:\/\/ynrsolar.shop\/index.php\/wp-json\/wp\/v2\/pwb-brand?post=34356"},{"taxonomy":"product_brand","embeddable":true,"href":"https:\/\/ynrsolar.shop\/index.php\/wp-json\/wp\/v2\/product_brand?post=34356"},{"taxonomy":"product_cat","embeddable":true,"href":"https:\/\/ynrsolar.shop\/index.php\/wp-json\/wp\/v2\/product_cat?post=34356"},{"taxonomy":"product_tag","embeddable":true,"href":"https:\/\/ynrsolar.shop\/index.php\/wp-json\/wp\/v2\/product_tag?post=34356"}],"curies":[{"name":"wp","href":"https:\/\/api.w.org\/{rel}","templated":true}]}}