{"id":34351,"date":"2025-04-14T14:04:37","date_gmt":"2025-04-14T11:04:37","guid":{"rendered":"https:\/\/ynrsolar.shop\/?post_type=product&#038;p=34351"},"modified":"2025-06-09T20:09:48","modified_gmt":"2025-06-09T17:09:48","slug":"havensis-30a-mppt-solar-sarj-kontrol","status":"publish","type":"product","link":"https:\/\/ynrsolar.shop\/index.php\/urun\/havensis-30a-mppt-solar-sarj-kontrol\/","title":{"rendered":"Havensis 30A MPPT Solar \u015earj Kontrol"},"content":{"rendered":"<h2>30A MPPT Solar \u015earj Kontrol<\/h2>\n<p>30A MPPT Solar \u015earj Kontrol<\/p>\n<p>12\/24 volt Ak\u00fc \u015earj\u0131<\/p>\n<p>\u00c7ok Noktal\u0131 Geli\u015fmi\u015f MPPT algoritmas\u0131 %99,6 MPP izleme Verimi<\/p>\n<p>Senkron Do\u011frultucu Tasar\u0131m\u0131 ile %98&#8217;e kadar D\u00f6n\u00fc\u015ft\u00fcr\u00fcc\u00fc Verimi<\/p>\n<p>\u015earj g\u00fcc\u00fc ve Ak\u0131m S\u0131n\u0131rlama Fonksiyonu<\/p>\n<p>Do\u011fal So\u011futma, Fans\u0131z Dizayn<\/p>\n<p>T\u00fcm Parametreler Programlanabilir<\/p>\n<p>Tamamen Bitmi\u015f Ak\u00fcleri bile Yeniden \u015earj Edebilir<\/p>\n<p>30Amper&#8217;e kadar \u015earj Ak\u0131m\u0131, 20A Y\u00fck \u00c7\u0131k\u0131\u015f Ak\u0131m\u0131<\/p>\n<p>S\u0131cakl\u0131\u011fa ba\u011fl\u0131 G\u00fc\u00e7 Azaltma Fonksiyonu<\/p>\n<p>PV ve Batarya Ters Ba\u011flant\u0131 Koruma<\/p>\n<p>RS232\/RS-485 Modbus RTU Protokol\u00fc Deste\u011fi(Opsiyonel)<\/p>\n","protected":false},"excerpt":{"rendered":"<p>30A MPPT Solar \u015earj Kontrol 30A MPPT Solar \u015earj Kontrol 12\/24 volt Ak\u00fc \u015earj\u0131 \u00c7ok Noktal\u0131 Geli\u015fmi\u015f MPPT algoritmas\u0131 %99,6<\/p>\n","protected":false},"featured_media":34394,"template":"","meta":[],"pwb-brand":[232],"product_brand":[],"product_cat":[2000,1999],"product_tag":[497],"class_list":{"0":"post-34351","1":"product","2":"type-product","3":"status-publish","4":"has-post-thumbnail","6":"pwb-brand-havensis","7":"product_cat-mppt-sarj-kontrol-cihazlari","8":"product_cat-sarj-kontrol-cihazlari","9":"product_tag-30a-mppt-solar-sarj-kontrol","11":"first","12":"instock","13":"product-type-simple"},"jetpack_sharing_enabled":true,"brands":[{"id":232,"name":"Havensis","slug":"havensis"}],"_links":{"self":[{"href":"https:\/\/ynrsolar.shop\/index.php\/wp-json\/wp\/v2\/product\/34351","targetHints":{"allow":["GET"]}}],"collection":[{"href":"https:\/\/ynrsolar.shop\/index.php\/wp-json\/wp\/v2\/product"}],"about":[{"href":"https:\/\/ynrsolar.shop\/index.php\/wp-json\/wp\/v2\/types\/product"}],"version-history":[{"count":1,"href":"https:\/\/ynrsolar.shop\/index.php\/wp-json\/wp\/v2\/product\/34351\/revisions"}],"predecessor-version":[{"id":34395,"href":"https:\/\/ynrsolar.shop\/index.php\/wp-json\/wp\/v2\/product\/34351\/revisions\/34395"}],"wp:featuredmedia":[{"embeddable":true,"href":"https:\/\/ynrsolar.shop\/index.php\/wp-json\/wp\/v2\/media\/34394"}],"wp:attachment":[{"href":"https:\/\/ynrsolar.shop\/index.php\/wp-json\/wp\/v2\/media?parent=34351"}],"wp:term":[{"taxonomy":"pwb-brand","embeddable":true,"href":"https:\/\/ynrsolar.shop\/index.php\/wp-json\/wp\/v2\/pwb-brand?post=34351"},{"taxonomy":"product_brand","embeddable":true,"href":"https:\/\/ynrsolar.shop\/index.php\/wp-json\/wp\/v2\/product_brand?post=34351"},{"taxonomy":"product_cat","embeddable":true,"href":"https:\/\/ynrsolar.shop\/index.php\/wp-json\/wp\/v2\/product_cat?post=34351"},{"taxonomy":"product_tag","embeddable":true,"href":"https:\/\/ynrsolar.shop\/index.php\/wp-json\/wp\/v2\/product_tag?post=34351"}],"curies":[{"name":"wp","href":"https:\/\/api.w.org\/{rel}","templated":true}]}}