{"id":34350,"date":"2025-04-14T14:04:37","date_gmt":"2025-04-14T11:04:37","guid":{"rendered":"https:\/\/ynrsolar.shop\/?post_type=product&#038;p=34350"},"modified":"2025-06-09T20:09:57","modified_gmt":"2025-06-09T17:09:57","slug":"tommatech-3-6k-24v-mppt-akilli-inverter","status":"publish","type":"product","link":"https:\/\/ynrsolar.shop\/index.php\/urun\/tommatech-3-6k-24v-mppt-akilli-inverter\/","title":{"rendered":"TommaTech 3.6K 24V MPPT Ak\u0131ll\u0131 \u0130nverter"},"content":{"rendered":"<div class=\"sitecontainer\">\n<div class=\"pagecont productpage\">\n<div class=\"pagecontent\">\n<div class=\"container productcont pt-5\">\n<div class=\"row\">\n<div class=\"col-12 col-sm-12 col-md-6 col-lg-6 col-xl-6 col-xxl-6\">\n<div class=\"editocontent\">\n<div class=\"teknikdoc\">\n<div class=\"editorcontent mb-4\"><\/div>\n<\/div>\n<\/div>\n<\/div>\n<\/div>\n<\/div>\n<div class=\"productteknik-cont\">\n<div class=\"productteknik-inner\">\n<div class=\"container\">\n<div class=\"row\">\n<div class=\"col-12\">\n<div class=\"urund-tabs mt-2 bg-white\">\n<div class=\"tab-content\">\n<div id=\"tblTeknikDetay\" class=\"tab-pane fade show active\" role=\"tabpanel\" aria-labelledby=\"tblTeknikDetay-tab\">\n<div class=\"row gx-2 gy-2\">\n<div class=\"col-6 col-sm-4 col-md-4 col-lg-3 col-xl-3 col-xxl-3\">\n<div class=\"specbox\">\n<div class=\"specbody\">\n<p>2 Y\u0131l \u00dcr\u00fcn Garantisi, 5 Y\u0131l Par\u00e7a Garantisi Bulunmaktad\u0131r.<\/p>\n<ul>\n<li>RGB \u0131\u015f\u0131kl\u0131 \u00f6zelle\u015ftirilebilir LED durum \u00e7ubu\u011fu<\/li>\n<li>Bataryadan ba\u011f\u0131ms\u0131z tasar\u0131m<\/li>\n<li>Mobil izleme i\u00e7in dahili wifi (Android \/ IOS Uygulamalar\u0131 mevcuttur)<\/li>\n<li>USB On-the-Go i\u015flevini destekler<\/li>\n<li>BMS i\u00e7in ayr\u0131lm\u0131\u015f ileti\u015fim portu (RS485, CAN-BUS veya RS232)<\/li>\n<li>Bak\u0131m kolayl\u0131\u011f\u0131 i\u00e7in de\u011fistirilebilir fan tasar\u0131m\u0131<\/li>\n<li>Pilden ba\u011f\u0131ms\u0131z tasar\u0131m<\/li>\n<li>Yap\u0131land\u0131r\u0131labilir AC \/ PV \u00e7\u0131k\u0131\u015f kullan\u0131m zamanlay\u0131c\u0131s\u0131 ve \u00f6nceliklendirme<\/li>\n<li>Se\u00e7ilebilir y\u00fcksek g\u00fc\u00e7l\u00fc \u015farj ak\u0131m\u0131<\/li>\n<li>Ev aletleri ve ki\u015fisel bilgisayarlar i\u00e7in se\u00e7ilebilir giri\u015f voltaj aral\u0131\u011f\u0131<\/li>\n<li>Besleme kayna\u011f\u0131 olarak \u015eebeke ve Jenerat\u00f6r deste\u011fi ile \u00e7al\u0131\u015fmas\u0131 uyumlu<\/li>\n<li>Yerle\u015fik toz \u00f6nleme kiti<\/li>\n<li>DC fan, LED ampul, y\u00f6nlendirici vb. i\u00e7in iste\u011fe ba\u011fl\u0131 DC \u00e7\u0131k\u0131\u015f\u0131<\/li>\n<li>6 \u00fcniteye kadar paralel \u00e7al\u0131\u015fma yaln\u0131zca 7,2kVA i\u00e7in mevcuttur.<\/li>\n<\/ul>\n<\/div>\n<\/div>\n<\/div>\n<\/div>\n<\/div>\n<\/div>\n<\/div>\n<\/div>\n<\/div>\n<\/div>\n<\/div>\n<\/div>\n<\/div>\n<div class=\"similarcont\">\n<div class=\"container\">\n<div class=\"row\">\n<div class=\"col-12\">\n<h3 class=\"similarblock-title\"><\/h3>\n<div class=\"similarcont-inner\">\n<div id=\"similarslide\" class=\"swiper-container similarslide swiper-container-initialized swiper-container-horizontal swiper-container-pointer-events\">\n<div id=\"swiper-wrapper-25bc9de14a13de85\" class=\"swiper-wrapper\" aria-live=\"off\">\n<div class=\"swiper-slide\" role=\"group\" data-swiper-slide-index=\"0\" aria-label=\"5 \/ 19\">\n<div class=\"productloop-cont\">\n<h5><\/h5>\n<\/div>\n<\/div>\n<\/div>\n<\/div>\n<\/div>\n<\/div>\n<\/div>\n<\/div>\n<\/div>\n<\/div>\n<\/div>\n","protected":false},"excerpt":{"rendered":"<p>2 Y\u0131l \u00dcr\u00fcn Garantisi, 5 Y\u0131l Par\u00e7a Garantisi Bulunmaktad\u0131r. RGB \u0131\u015f\u0131kl\u0131 \u00f6zelle\u015ftirilebilir LED durum \u00e7ubu\u011fu Bataryadan ba\u011f\u0131ms\u0131z tasar\u0131m Mobil izleme<\/p>\n","protected":false},"featured_media":33913,"template":"","meta":[],"pwb-brand":[518],"product_brand":[],"product_cat":[1990,1987,1991],"product_tag":[1968],"class_list":{"0":"post-34350","1":"product","2":"type-product","3":"status-publish","4":"has-post-thumbnail","6":"pwb-brand-tommatech","7":"product_cat-akilli-inverterler","8":"product_cat-inverterler","9":"product_cat-off-grid-inverterler","10":"product_tag-tommatech-3-6k-24v-mppt-akilli-inverter","12":"first","13":"instock","14":"product-type-simple"},"jetpack_sharing_enabled":true,"brands":[{"id":518,"name":"Tommatech","slug":"tommatech"}],"_links":{"self":[{"href":"https:\/\/ynrsolar.shop\/index.php\/wp-json\/wp\/v2\/product\/34350","targetHints":{"allow":["GET"]}}],"collection":[{"href":"https:\/\/ynrsolar.shop\/index.php\/wp-json\/wp\/v2\/product"}],"about":[{"href":"https:\/\/ynrsolar.shop\/index.php\/wp-json\/wp\/v2\/types\/product"}],"version-history":[{"count":1,"href":"https:\/\/ynrsolar.shop\/index.php\/wp-json\/wp\/v2\/product\/34350\/revisions"}],"predecessor-version":[{"id":34393,"href":"https:\/\/ynrsolar.shop\/index.php\/wp-json\/wp\/v2\/product\/34350\/revisions\/34393"}],"wp:featuredmedia":[{"embeddable":true,"href":"https:\/\/ynrsolar.shop\/index.php\/wp-json\/wp\/v2\/media\/33913"}],"wp:attachment":[{"href":"https:\/\/ynrsolar.shop\/index.php\/wp-json\/wp\/v2\/media?parent=34350"}],"wp:term":[{"taxonomy":"pwb-brand","embeddable":true,"href":"https:\/\/ynrsolar.shop\/index.php\/wp-json\/wp\/v2\/pwb-brand?post=34350"},{"taxonomy":"product_brand","embeddable":true,"href":"https:\/\/ynrsolar.shop\/index.php\/wp-json\/wp\/v2\/product_brand?post=34350"},{"taxonomy":"product_cat","embeddable":true,"href":"https:\/\/ynrsolar.shop\/index.php\/wp-json\/wp\/v2\/product_cat?post=34350"},{"taxonomy":"product_tag","embeddable":true,"href":"https:\/\/ynrsolar.shop\/index.php\/wp-json\/wp\/v2\/product_tag?post=34350"}],"curies":[{"name":"wp","href":"https:\/\/api.w.org\/{rel}","templated":true}]}}