{"id":34347,"date":"2025-04-14T14:04:37","date_gmt":"2025-04-14T11:04:37","guid":{"rendered":"https:\/\/ynrsolar.shop\/?post_type=product&#038;p=34347"},"modified":"2025-04-14T14:04:52","modified_gmt":"2025-04-14T11:04:52","slug":"solis-2kw-monofaze-ongrid-inverter","status":"publish","type":"product","link":"https:\/\/ynrsolar.shop\/index.php\/urun\/solis-2kw-monofaze-ongrid-inverter\/","title":{"rendered":"Solis 2kW Monofaze OnGrid Inverter"},"content":{"rendered":"<p>%98.7 Maks. Verimlilik<br \/>\n16A\u2019e kadar dizi ak\u0131m deste\u011fi<br \/>\nHarici g\u00fc\u00e7 kontrol cihaz\u0131 deste\u011fi<br \/>\nGeni\u015f gerilim \u00e7al\u0131\u015fma aral\u0131\u011f\u0131 ve d\u00fc\u015f\u00fck devreye girme gerilimi<br \/>\nRS485, W\u0130F\u0130 ve GPRS deste\u011fi<br \/>\nSolisCloud ile uzaktan g\u00fcncelleme ve kontrol deste\u011fi<br \/>\nAFCI (DC ark ar\u0131zas\u0131 devre korumas\u0131) yang\u0131n riskini proaktif olarak azalt\u0131r<br \/>\nSorunlu \u015febeke sistemleri i\u00e7in otomatik gerilim sabitleme teknolojisi<br \/>\nKompakt tasar\u0131m, montaj ve bak\u0131m kolayl\u0131\u011f\u0131<br \/>\n%150 den fazla Do\u011fru Ak\u0131m\/Alternatif Ak\u0131m oran\u0131<br \/>\nY\u00fcksek g\u00fc\u00e7l\u00fc mod\u00fcl deste\u011fi ile daha d\u00fc\u015f\u00fck montaj maliyeti<\/p>\n","protected":false},"excerpt":{"rendered":"<p>%98.7 Maks. Verimlilik 16A\u2019e kadar dizi ak\u0131m deste\u011fi Harici g\u00fc\u00e7 kontrol cihaz\u0131 deste\u011fi Geni\u015f gerilim \u00e7al\u0131\u015fma aral\u0131\u011f\u0131 ve d\u00fc\u015f\u00fck devreye<\/p>\n","protected":false},"featured_media":34388,"template":"","meta":[],"pwb-brand":[405],"product_brand":[],"product_cat":[1987,1989],"product_tag":[1426],"class_list":{"0":"post-34347","1":"product","2":"type-product","3":"status-publish","4":"has-post-thumbnail","6":"pwb-brand-solis","7":"product_cat-inverterler","8":"product_cat-on-grid-inverterler","9":"product_tag-solis-2-kw-monofaze-on-grid-inverter","11":"first","12":"outofstock","13":"purchasable","14":"product-type-simple"},"jetpack_sharing_enabled":true,"brands":[{"id":405,"name":"Solis","slug":"solis"}],"_links":{"self":[{"href":"https:\/\/ynrsolar.shop\/index.php\/wp-json\/wp\/v2\/product\/34347","targetHints":{"allow":["GET"]}}],"collection":[{"href":"https:\/\/ynrsolar.shop\/index.php\/wp-json\/wp\/v2\/product"}],"about":[{"href":"https:\/\/ynrsolar.shop\/index.php\/wp-json\/wp\/v2\/types\/product"}],"version-history":[{"count":1,"href":"https:\/\/ynrsolar.shop\/index.php\/wp-json\/wp\/v2\/product\/34347\/revisions"}],"predecessor-version":[{"id":34389,"href":"https:\/\/ynrsolar.shop\/index.php\/wp-json\/wp\/v2\/product\/34347\/revisions\/34389"}],"wp:featuredmedia":[{"embeddable":true,"href":"https:\/\/ynrsolar.shop\/index.php\/wp-json\/wp\/v2\/media\/34388"}],"wp:attachment":[{"href":"https:\/\/ynrsolar.shop\/index.php\/wp-json\/wp\/v2\/media?parent=34347"}],"wp:term":[{"taxonomy":"pwb-brand","embeddable":true,"href":"https:\/\/ynrsolar.shop\/index.php\/wp-json\/wp\/v2\/pwb-brand?post=34347"},{"taxonomy":"product_brand","embeddable":true,"href":"https:\/\/ynrsolar.shop\/index.php\/wp-json\/wp\/v2\/product_brand?post=34347"},{"taxonomy":"product_cat","embeddable":true,"href":"https:\/\/ynrsolar.shop\/index.php\/wp-json\/wp\/v2\/product_cat?post=34347"},{"taxonomy":"product_tag","embeddable":true,"href":"https:\/\/ynrsolar.shop\/index.php\/wp-json\/wp\/v2\/product_tag?post=34347"}],"curies":[{"name":"wp","href":"https:\/\/api.w.org\/{rel}","templated":true}]}}