{"id":34296,"date":"2025-04-14T14:04:13","date_gmt":"2025-04-14T11:04:13","guid":{"rendered":"https:\/\/ynrsolar.shop\/?post_type=product&#038;p=34296"},"modified":"2025-06-09T20:12:07","modified_gmt":"2025-06-09T17:12:07","slug":"deye-100kw-ongrid-trifaze-inverter","status":"publish","type":"product","link":"https:\/\/ynrsolar.shop\/index.php\/urun\/deye-100kw-ongrid-trifaze-inverter\/","title":{"rendered":"Deye 100KW OnGrid Trifaze \u0130nverter"},"content":{"rendered":"<div>Max. DC Input Power (kW): 150<\/div>\n<div>Max. DC Input Voltage (V): 1000<\/div>\n<div>Start-up DC Input Voltage (V): 250<\/div>\n<div>MPPT Operating Range (V): 200-850<\/div>\n<div>Max. DC Input Current (A): 40+40+40+40+40+40<\/div>\n<div>Number of MPPT \/ Strings per MPPT: 6\/4<\/div>\n<div>Size (mm): 838W\u00d7577H\u00d7323D<\/div>\n<div>Weight (kg) : 73.7<\/div>\n<div><\/div>\n<div>\n<p>Max %98,3 Varan Verimlilik<br \/>\n120-850 MPPT Voltaj Aral\u0131\u011f\u0131<br \/>\nAC ve DC Ak\u0131m Korumas\u0131<br \/>\nDC Ters Polarite Korumas\u0131<br \/>\nUzaktan Yaz\u0131l\u0131m y\u00fckleme<br \/>\nUzaktan Parametre kontrol<br \/>\nVoltaj Dalgalanma Korumas\u0131<\/p>\n<\/div>\n","protected":false},"excerpt":{"rendered":"<p>Max. DC Input Power (kW): 150 Max. DC Input Voltage (V): 1000 Start-up DC Input Voltage (V): 250 MPPT Operating<\/p>\n","protected":false},"featured_media":34366,"template":"","meta":[],"pwb-brand":[248],"product_brand":[],"product_cat":[1987,1989],"product_tag":[1415],"class_list":{"0":"post-34296","1":"product","2":"type-product","3":"status-publish","4":"has-post-thumbnail","6":"pwb-brand-deye","7":"product_cat-inverterler","8":"product_cat-on-grid-inverterler","9":"product_tag-deye-100kw-on-grid-trifaze-inverter","11":"first","12":"instock","13":"product-type-simple"},"jetpack_sharing_enabled":true,"brands":[{"id":248,"name":"Deye","slug":"deye"}],"_links":{"self":[{"href":"https:\/\/ynrsolar.shop\/index.php\/wp-json\/wp\/v2\/product\/34296","targetHints":{"allow":["GET"]}}],"collection":[{"href":"https:\/\/ynrsolar.shop\/index.php\/wp-json\/wp\/v2\/product"}],"about":[{"href":"https:\/\/ynrsolar.shop\/index.php\/wp-json\/wp\/v2\/types\/product"}],"version-history":[{"count":1,"href":"https:\/\/ynrsolar.shop\/index.php\/wp-json\/wp\/v2\/product\/34296\/revisions"}],"predecessor-version":[{"id":34370,"href":"https:\/\/ynrsolar.shop\/index.php\/wp-json\/wp\/v2\/product\/34296\/revisions\/34370"}],"wp:featuredmedia":[{"embeddable":true,"href":"https:\/\/ynrsolar.shop\/index.php\/wp-json\/wp\/v2\/media\/34366"}],"wp:attachment":[{"href":"https:\/\/ynrsolar.shop\/index.php\/wp-json\/wp\/v2\/media?parent=34296"}],"wp:term":[{"taxonomy":"pwb-brand","embeddable":true,"href":"https:\/\/ynrsolar.shop\/index.php\/wp-json\/wp\/v2\/pwb-brand?post=34296"},{"taxonomy":"product_brand","embeddable":true,"href":"https:\/\/ynrsolar.shop\/index.php\/wp-json\/wp\/v2\/product_brand?post=34296"},{"taxonomy":"product_cat","embeddable":true,"href":"https:\/\/ynrsolar.shop\/index.php\/wp-json\/wp\/v2\/product_cat?post=34296"},{"taxonomy":"product_tag","embeddable":true,"href":"https:\/\/ynrsolar.shop\/index.php\/wp-json\/wp\/v2\/product_tag?post=34296"}],"curies":[{"name":"wp","href":"https:\/\/api.w.org\/{rel}","templated":true}]}}