{"id":34295,"date":"2025-04-14T14:04:12","date_gmt":"2025-04-14T11:04:12","guid":{"rendered":"https:\/\/ynrsolar.shop\/?post_type=product&#038;p=34295"},"modified":"2025-06-09T20:12:50","modified_gmt":"2025-06-09T17:12:50","slug":"deye-80kw-trifaze-ongrid-inverter","status":"publish","type":"product","link":"https:\/\/ynrsolar.shop\/index.php\/urun\/deye-80kw-trifaze-ongrid-inverter\/","title":{"rendered":"Deye 80KW Trifaze Ongrid Inverter"},"content":{"rendered":"<p>80KW TRIFAZ ONGRID \u0130NVERTER<\/p>\n<p>2YIL GARANT\u0130L\u0130<br \/>\n%98.3 VERIM<br \/>\nM\u0130N\u0130MUM 250VOLT PV G\u0130R\u0130\u015e<br \/>\n200V-850VOLT GEN\u0130\u015e PV VOLTAJ ARALI\u011eI<\/p>\n<p>DAH\u0130L\u0130 AKIM SENS\u00d6R\u00dc \u0130LE \u015eEBEKEYE ENERJ\u0130 VERMEDEN ANLIK 80KW YA KADAR ENERJ\u0130N\u0130Z\u0130 SA\u011eLAYAB\u0130L\u0130RS\u0130N\u0130Z.<\/p>\n<p>W\u0130F\u0130 \u0130LE UZAKTAN \u0130ZLEME \u00d6ZELL\u0130\u011e\u0130<\/p>\n<p>Max %98,3 Varan Verimlilik<br \/>\n120-850 MPPT Voltaj Aral\u0131\u011f\u0131<br \/>\nAC ve DC Ak\u0131m Korumas\u0131<br \/>\nDC Ters Polarite Korumas\u0131<br \/>\nUzaktan Yaz\u0131l\u0131m y\u00fckleme<br \/>\nUzaktan Parametre kontrol<br \/>\nVoltaj Dalgalanma Korumas\u0131<\/p>\n","protected":false},"excerpt":{"rendered":"<p>80KW TRIFAZ ONGRID \u0130NVERTER 2YIL GARANT\u0130L\u0130 %98.3 VERIM M\u0130N\u0130MUM 250VOLT PV G\u0130R\u0130\u015e 200V-850VOLT GEN\u0130\u015e PV VOLTAJ ARALI\u011eI DAH\u0130L\u0130 AKIM SENS\u00d6R\u00dc<\/p>\n","protected":false},"featured_media":34368,"template":"","meta":[],"pwb-brand":[248],"product_brand":[],"product_cat":[1987,1989],"product_tag":[1414],"class_list":{"0":"post-34295","1":"product","2":"type-product","3":"status-publish","4":"has-post-thumbnail","6":"pwb-brand-deye","7":"product_cat-inverterler","8":"product_cat-on-grid-inverterler","9":"product_tag-deye-80kw-on-grid-trifaze-inverter","11":"first","12":"instock","13":"product-type-simple"},"jetpack_sharing_enabled":true,"brands":[{"id":248,"name":"Deye","slug":"deye"}],"_links":{"self":[{"href":"https:\/\/ynrsolar.shop\/index.php\/wp-json\/wp\/v2\/product\/34295","targetHints":{"allow":["GET"]}}],"collection":[{"href":"https:\/\/ynrsolar.shop\/index.php\/wp-json\/wp\/v2\/product"}],"about":[{"href":"https:\/\/ynrsolar.shop\/index.php\/wp-json\/wp\/v2\/types\/product"}],"version-history":[{"count":1,"href":"https:\/\/ynrsolar.shop\/index.php\/wp-json\/wp\/v2\/product\/34295\/revisions"}],"predecessor-version":[{"id":34369,"href":"https:\/\/ynrsolar.shop\/index.php\/wp-json\/wp\/v2\/product\/34295\/revisions\/34369"}],"wp:featuredmedia":[{"embeddable":true,"href":"https:\/\/ynrsolar.shop\/index.php\/wp-json\/wp\/v2\/media\/34368"}],"wp:attachment":[{"href":"https:\/\/ynrsolar.shop\/index.php\/wp-json\/wp\/v2\/media?parent=34295"}],"wp:term":[{"taxonomy":"pwb-brand","embeddable":true,"href":"https:\/\/ynrsolar.shop\/index.php\/wp-json\/wp\/v2\/pwb-brand?post=34295"},{"taxonomy":"product_brand","embeddable":true,"href":"https:\/\/ynrsolar.shop\/index.php\/wp-json\/wp\/v2\/product_brand?post=34295"},{"taxonomy":"product_cat","embeddable":true,"href":"https:\/\/ynrsolar.shop\/index.php\/wp-json\/wp\/v2\/product_cat?post=34295"},{"taxonomy":"product_tag","embeddable":true,"href":"https:\/\/ynrsolar.shop\/index.php\/wp-json\/wp\/v2\/product_tag?post=34295"}],"curies":[{"name":"wp","href":"https:\/\/api.w.org\/{rel}","templated":true}]}}