{"id":34287,"date":"2025-04-14T14:04:10","date_gmt":"2025-04-14T11:04:10","guid":{"rendered":"https:\/\/ynrsolar.shop\/?post_type=product&#038;p=34287"},"modified":"2025-06-09T20:28:23","modified_gmt":"2025-06-09T17:28:23","slug":"carspa-1200w-24v-modifiye-sinus-inverter","status":"publish","type":"product","link":"https:\/\/ynrsolar.shop\/index.php\/urun\/carspa-1200w-24v-modifiye-sinus-inverter\/","title":{"rendered":"Carspa 1200W 24V Modifiye Sin\u00fcs \u0130nverter"},"content":{"rendered":"<p>Demeraj G\u00fcc\u00fc 2400W<br \/>\n%90 Efektif Verimlilik<br \/>\nD\u00fc\u015f\u00fck Voltaj Korumal\u0131<br \/>\nA\u015f\u0131r\u0131 Y\u00fck Korumal\u0131<br \/>\nOtomatik Termal Kaplama<\/p>\n","protected":false},"excerpt":{"rendered":"<p>Demeraj G\u00fcc\u00fc 2400W %90 Efektif Verimlilik D\u00fc\u015f\u00fck Voltaj Korumal\u0131 A\u015f\u0131r\u0131 Y\u00fck Korumal\u0131 Otomatik Termal Kaplama<\/p>\n","protected":false},"featured_media":34329,"template":"","meta":[],"pwb-brand":[247],"product_brand":[],"product_cat":[1987,1992],"product_tag":[1407],"class_list":{"0":"post-34287","1":"product","2":"type-product","3":"status-publish","4":"has-post-thumbnail","6":"pwb-brand-carspa","7":"product_cat-inverterler","8":"product_cat-modifiye-sinus-inverterler","9":"product_tag-carspa-1200w-24v-modifiye-sinus-inverter","11":"first","12":"instock","13":"product-type-simple"},"jetpack_sharing_enabled":true,"brands":[{"id":247,"name":"Carspa","slug":"carspa"}],"_links":{"self":[{"href":"https:\/\/ynrsolar.shop\/index.php\/wp-json\/wp\/v2\/product\/34287","targetHints":{"allow":["GET"]}}],"collection":[{"href":"https:\/\/ynrsolar.shop\/index.php\/wp-json\/wp\/v2\/product"}],"about":[{"href":"https:\/\/ynrsolar.shop\/index.php\/wp-json\/wp\/v2\/types\/product"}],"version-history":[{"count":1,"href":"https:\/\/ynrsolar.shop\/index.php\/wp-json\/wp\/v2\/product\/34287\/revisions"}],"predecessor-version":[{"id":34330,"href":"https:\/\/ynrsolar.shop\/index.php\/wp-json\/wp\/v2\/product\/34287\/revisions\/34330"}],"wp:featuredmedia":[{"embeddable":true,"href":"https:\/\/ynrsolar.shop\/index.php\/wp-json\/wp\/v2\/media\/34329"}],"wp:attachment":[{"href":"https:\/\/ynrsolar.shop\/index.php\/wp-json\/wp\/v2\/media?parent=34287"}],"wp:term":[{"taxonomy":"pwb-brand","embeddable":true,"href":"https:\/\/ynrsolar.shop\/index.php\/wp-json\/wp\/v2\/pwb-brand?post=34287"},{"taxonomy":"product_brand","embeddable":true,"href":"https:\/\/ynrsolar.shop\/index.php\/wp-json\/wp\/v2\/product_brand?post=34287"},{"taxonomy":"product_cat","embeddable":true,"href":"https:\/\/ynrsolar.shop\/index.php\/wp-json\/wp\/v2\/product_cat?post=34287"},{"taxonomy":"product_tag","embeddable":true,"href":"https:\/\/ynrsolar.shop\/index.php\/wp-json\/wp\/v2\/product_tag?post=34287"}],"curies":[{"name":"wp","href":"https:\/\/api.w.org\/{rel}","templated":true}]}}