{"id":34285,"date":"2025-04-14T14:04:10","date_gmt":"2025-04-14T11:04:10","guid":{"rendered":"https:\/\/ynrsolar.shop\/?post_type=product&#038;p=34285"},"modified":"2025-06-09T20:28:42","modified_gmt":"2025-06-09T17:28:42","slug":"carspa-1000w-24v-tam-sinus-inverter","status":"publish","type":"product","link":"https:\/\/ynrsolar.shop\/index.php\/urun\/carspa-1000w-24v-tam-sinus-inverter\/","title":{"rendered":"Carspa 1000W 24V Tam Sin\u00fcs \u0130nverter"},"content":{"rendered":"<p>2000W DEMERAJ G\u00dcC\u00dc<br \/>\nTAM S\u0130N\u00dcS<br \/>\nD\u00dc\u015e\u00dcK VOLTAJ KORUMASI<br \/>\nA\u015eIRI Y\u00dcK KORUMASI<br \/>\nTERMAL KORUMA<br \/>\n%90 VER\u0130M<\/p>\n","protected":false},"excerpt":{"rendered":"<p>2000W DEMERAJ G\u00dcC\u00dc TAM S\u0130N\u00dcS D\u00dc\u015e\u00dcK VOLTAJ KORUMASI A\u015eIRI Y\u00dcK KORUMASI TERMAL KORUMA %90 VER\u0130M<\/p>\n","protected":false},"featured_media":34326,"template":"","meta":[],"pwb-brand":[247],"product_brand":[],"product_cat":[1987,1994],"product_tag":[1404],"class_list":{"0":"post-34285","1":"product","2":"type-product","3":"status-publish","4":"has-post-thumbnail","6":"pwb-brand-carspa","7":"product_cat-inverterler","8":"product_cat-tam-sinus-inverter","9":"product_tag-carspa-1000w-24v-tam-sinus-inverter","11":"first","12":"instock","13":"product-type-simple"},"jetpack_sharing_enabled":true,"brands":[{"id":247,"name":"Carspa","slug":"carspa"}],"_links":{"self":[{"href":"https:\/\/ynrsolar.shop\/index.php\/wp-json\/wp\/v2\/product\/34285","targetHints":{"allow":["GET"]}}],"collection":[{"href":"https:\/\/ynrsolar.shop\/index.php\/wp-json\/wp\/v2\/product"}],"about":[{"href":"https:\/\/ynrsolar.shop\/index.php\/wp-json\/wp\/v2\/types\/product"}],"version-history":[{"count":1,"href":"https:\/\/ynrsolar.shop\/index.php\/wp-json\/wp\/v2\/product\/34285\/revisions"}],"predecessor-version":[{"id":34327,"href":"https:\/\/ynrsolar.shop\/index.php\/wp-json\/wp\/v2\/product\/34285\/revisions\/34327"}],"wp:featuredmedia":[{"embeddable":true,"href":"https:\/\/ynrsolar.shop\/index.php\/wp-json\/wp\/v2\/media\/34326"}],"wp:attachment":[{"href":"https:\/\/ynrsolar.shop\/index.php\/wp-json\/wp\/v2\/media?parent=34285"}],"wp:term":[{"taxonomy":"pwb-brand","embeddable":true,"href":"https:\/\/ynrsolar.shop\/index.php\/wp-json\/wp\/v2\/pwb-brand?post=34285"},{"taxonomy":"product_brand","embeddable":true,"href":"https:\/\/ynrsolar.shop\/index.php\/wp-json\/wp\/v2\/product_brand?post=34285"},{"taxonomy":"product_cat","embeddable":true,"href":"https:\/\/ynrsolar.shop\/index.php\/wp-json\/wp\/v2\/product_cat?post=34285"},{"taxonomy":"product_tag","embeddable":true,"href":"https:\/\/ynrsolar.shop\/index.php\/wp-json\/wp\/v2\/product_tag?post=34285"}],"curies":[{"name":"wp","href":"https:\/\/api.w.org\/{rel}","templated":true}]}}