{"id":34234,"date":"2025-04-14T14:03:45","date_gmt":"2025-04-14T11:03:45","guid":{"rendered":"https:\/\/ynrsolar.shop\/?post_type=product&#038;p=34234"},"modified":"2025-06-09T20:30:53","modified_gmt":"2025-06-09T17:30:53","slug":"lexron-36-cell-42w-polykristal-gunes-paneli","status":"publish","type":"product","link":"https:\/\/ynrsolar.shop\/index.php\/urun\/lexron-36-cell-42w-polykristal-gunes-paneli\/","title":{"rendered":"Lexron 36 Cell 42W Polykristal G\u00fcne\u015f Paneli"},"content":{"rendered":"<p>Sertifika: CE , IEC<br \/>\nY\u00fcksek G\u00fc\u00e7l\u00fc Model<br \/>\nPozitif Tolerans<br \/>\nY\u00fcksek Performans<br \/>\nY\u00fcksek Dayan\u0131m<br \/>\nKolay Kurulum<br \/>\n10 Y\u0131l \u00dcr\u00fcn &#8211; 30 Y\u0131l Performans Garantisi<\/p>\n","protected":false},"excerpt":{"rendered":"<p>Sertifika: CE , IEC Y\u00fcksek G\u00fc\u00e7l\u00fc Model Pozitif Tolerans Y\u00fcksek Performans Y\u00fcksek Dayan\u0131m Kolay Kurulum 10 Y\u0131l \u00dcr\u00fcn &#8211; 30<\/p>\n","protected":false},"featured_media":34306,"template":"","meta":[],"pwb-brand":[294],"product_brand":[],"product_cat":[1984,2010],"product_tag":[1388],"class_list":{"0":"post-34234","1":"product","2":"type-product","3":"status-publish","4":"has-post-thumbnail","6":"pwb-brand-lexron","7":"product_cat-gunes-paneli","8":"product_cat-poly-kristal-gunes-panelleri","9":"product_tag-lexron-36-cell-42w-polykristal-gunes-paneli","11":"first","12":"instock","13":"product-type-simple"},"jetpack_sharing_enabled":true,"brands":[{"id":294,"name":"Lexron","slug":"lexron"}],"_links":{"self":[{"href":"https:\/\/ynrsolar.shop\/index.php\/wp-json\/wp\/v2\/product\/34234","targetHints":{"allow":["GET"]}}],"collection":[{"href":"https:\/\/ynrsolar.shop\/index.php\/wp-json\/wp\/v2\/product"}],"about":[{"href":"https:\/\/ynrsolar.shop\/index.php\/wp-json\/wp\/v2\/types\/product"}],"version-history":[{"count":1,"href":"https:\/\/ynrsolar.shop\/index.php\/wp-json\/wp\/v2\/product\/34234\/revisions"}],"predecessor-version":[{"id":34307,"href":"https:\/\/ynrsolar.shop\/index.php\/wp-json\/wp\/v2\/product\/34234\/revisions\/34307"}],"wp:featuredmedia":[{"embeddable":true,"href":"https:\/\/ynrsolar.shop\/index.php\/wp-json\/wp\/v2\/media\/34306"}],"wp:attachment":[{"href":"https:\/\/ynrsolar.shop\/index.php\/wp-json\/wp\/v2\/media?parent=34234"}],"wp:term":[{"taxonomy":"pwb-brand","embeddable":true,"href":"https:\/\/ynrsolar.shop\/index.php\/wp-json\/wp\/v2\/pwb-brand?post=34234"},{"taxonomy":"product_brand","embeddable":true,"href":"https:\/\/ynrsolar.shop\/index.php\/wp-json\/wp\/v2\/product_brand?post=34234"},{"taxonomy":"product_cat","embeddable":true,"href":"https:\/\/ynrsolar.shop\/index.php\/wp-json\/wp\/v2\/product_cat?post=34234"},{"taxonomy":"product_tag","embeddable":true,"href":"https:\/\/ynrsolar.shop\/index.php\/wp-json\/wp\/v2\/product_tag?post=34234"}],"curies":[{"name":"wp","href":"https:\/\/api.w.org\/{rel}","templated":true}]}}