{"id":34232,"date":"2025-04-14T14:03:44","date_gmt":"2025-04-14T11:03:44","guid":{"rendered":"https:\/\/ynrsolar.shop\/?post_type=product&#038;p=34232"},"modified":"2025-06-09T20:31:26","modified_gmt":"2025-06-09T17:31:26","slug":"lexron-360w-monokristal-gunes-paneli","status":"publish","type":"product","link":"https:\/\/ynrsolar.shop\/index.php\/urun\/lexron-360w-monokristal-gunes-paneli\/","title":{"rendered":"Lexron 360W MonoKristal G\u00fcne\u015f Paneli"},"content":{"rendered":"<table border=\"0\" width=\"400\" cellspacing=\"0\" cellpadding=\"0\">\n<tbody>\n<tr>\n<td class=\"xl66\" width=\"204\" height=\"20\">\u00dcr\u00fcn Tan\u0131m\u0131<\/td>\n<td class=\"xl66\" width=\"14\"><\/td>\n<td class=\"xl66\" width=\"182\"><\/td>\n<\/tr>\n<tr>\n<td class=\"xl66\" width=\"204\" height=\"20\">\u00dcr\u00fcn Kodu<\/td>\n<td class=\"xl66\" width=\"14\">:<\/td>\n<td class=\"xl66\" width=\"182\">LXR-360M<\/td>\n<\/tr>\n<tr>\n<td class=\"xl66\" width=\"204\" height=\"20\">Marka<\/td>\n<td class=\"xl66\" width=\"14\">:<\/td>\n<td class=\"xl66\" width=\"182\">LEXRON<\/td>\n<\/tr>\n<tr>\n<td class=\"xl67\" width=\"204\" height=\"20\">Sertifikalar<\/td>\n<td class=\"xl67\" width=\"14\">:<\/td>\n<td class=\"xl67\" width=\"182\">CE, IEC<\/td>\n<\/tr>\n<tr>\n<td class=\"xl66\" width=\"204\" height=\"20\">Elektriksel \u00d6zellikler<\/td>\n<td class=\"xl66\" width=\"14\"><\/td>\n<td class=\"xl66\" width=\"182\"><\/td>\n<\/tr>\n<tr>\n<td class=\"xl67\" width=\"204\" height=\"20\">G\u00fc\u00e7<\/td>\n<td class=\"xl67\" width=\"14\">:<\/td>\n<td class=\"xl67\" width=\"182\">360W<\/td>\n<\/tr>\n<tr>\n<td class=\"xl67\" width=\"204\" height=\"20\">H\u00fccre Say\u0131s\u0131<\/td>\n<td class=\"xl67\" width=\"14\">:<\/td>\n<td class=\"xl67\" width=\"182\">60<\/td>\n<\/tr>\n<tr>\n<td class=\"xl67\" width=\"204\" height=\"20\">A\u00e7\u0131k Devre Voltaj\u0131 (Voc)<\/td>\n<td class=\"xl67\" width=\"14\">:<\/td>\n<td class=\"xl65\">42,12V<\/td>\n<\/tr>\n<tr>\n<td class=\"xl67\" width=\"204\" height=\"20\">Maks. Voltaj (Vmp)<\/td>\n<td class=\"xl67\" width=\"14\">:<\/td>\n<td class=\"xl65\">35,10V<\/td>\n<\/tr>\n<tr>\n<td class=\"xl67\" width=\"204\" height=\"20\">K\u0131sa Devre Ak\u0131m\u0131 (Isc)<\/td>\n<td class=\"xl67\" width=\"14\">:<\/td>\n<td class=\"xl65\">10,82A<\/td>\n<\/tr>\n<tr>\n<td class=\"xl67\" width=\"204\" height=\"20\">Maks. Ak\u0131m (Imp)<\/td>\n<td class=\"xl67\" width=\"14\">:<\/td>\n<td class=\"xl65\">10,26A<\/td>\n<\/tr>\n<tr>\n<td class=\"xl67\" width=\"204\" height=\"20\">Maks. Sistem Voltaj\u0131<\/td>\n<td class=\"xl67\" width=\"14\">:<\/td>\n<td class=\"xl65\">1000V<\/td>\n<\/tr>\n<tr>\n<td class=\"xl68\" height=\"20\">Mekanik \u00d6zellikler<\/td>\n<td class=\"xl68\"><\/td>\n<td class=\"xl66\" width=\"182\"><\/td>\n<\/tr>\n<tr>\n<td class=\"xl67\" width=\"204\" height=\"20\">Mod\u00fcl \u00d6l\u00e7\u00fcleri (mm)<\/td>\n<td class=\"xl67\" width=\"14\">:<\/td>\n<td class=\"xl69\">1666*1001*35<\/td>\n<\/tr>\n<tr>\n<td class=\"xl67\" width=\"204\" height=\"20\">A\u011f\u0131rl\u0131k<\/td>\n<td class=\"xl67\" width=\"14\">:<\/td>\n<td class=\"xl67\" width=\"182\">19kg<\/td>\n<\/tr>\n<tr>\n<td class=\"xl71\" colspan=\"3\" height=\"20\">Standart Test Ko\u015fullar\u0131: Am=1.5 E=1000W\/m2 Tc=25\u2103<\/td>\n<\/tr>\n<\/tbody>\n<\/table>\n<p>&nbsp;<\/p>\n<p>Sertifika: CE , IEC<br \/>\nY\u00fcksek G\u00fc\u00e7l\u00fc Model<br \/>\nPozitif Tolerans<br \/>\nY\u00fcksek Performans<br \/>\nY\u00fcksek Dayan\u0131m<br \/>\nKolay Kurulum<br \/>\n10 Y\u0131l \u00dcr\u00fcn &#8211; 30 Y\u0131l Performans Garantisi<\/p>\n","protected":false},"excerpt":{"rendered":"<p>\u00dcr\u00fcn Tan\u0131m\u0131 \u00dcr\u00fcn Kodu : LXR-360M Marka : LEXRON Sertifikalar : CE, IEC Elektriksel \u00d6zellikler G\u00fc\u00e7 : 360W H\u00fccre Say\u0131s\u0131<\/p>\n","protected":false},"featured_media":34302,"template":"","meta":[],"pwb-brand":[294],"product_brand":[],"product_cat":[1984,1986],"product_tag":[1383],"class_list":{"0":"post-34232","1":"product","2":"type-product","3":"status-publish","4":"has-post-thumbnail","6":"pwb-brand-lexron","7":"product_cat-gunes-paneli","8":"product_cat-mono-kristal-gunes-panelleri","9":"product_tag-lexron-60-cell-350w-monoperc-gunes-paneli","11":"first","12":"instock","13":"product-type-simple"},"jetpack_sharing_enabled":true,"brands":[{"id":294,"name":"Lexron","slug":"lexron"}],"_links":{"self":[{"href":"https:\/\/ynrsolar.shop\/index.php\/wp-json\/wp\/v2\/product\/34232","targetHints":{"allow":["GET"]}}],"collection":[{"href":"https:\/\/ynrsolar.shop\/index.php\/wp-json\/wp\/v2\/product"}],"about":[{"href":"https:\/\/ynrsolar.shop\/index.php\/wp-json\/wp\/v2\/types\/product"}],"version-history":[{"count":1,"href":"https:\/\/ynrsolar.shop\/index.php\/wp-json\/wp\/v2\/product\/34232\/revisions"}],"predecessor-version":[{"id":34303,"href":"https:\/\/ynrsolar.shop\/index.php\/wp-json\/wp\/v2\/product\/34232\/revisions\/34303"}],"wp:featuredmedia":[{"embeddable":true,"href":"https:\/\/ynrsolar.shop\/index.php\/wp-json\/wp\/v2\/media\/34302"}],"wp:attachment":[{"href":"https:\/\/ynrsolar.shop\/index.php\/wp-json\/wp\/v2\/media?parent=34232"}],"wp:term":[{"taxonomy":"pwb-brand","embeddable":true,"href":"https:\/\/ynrsolar.shop\/index.php\/wp-json\/wp\/v2\/pwb-brand?post=34232"},{"taxonomy":"product_brand","embeddable":true,"href":"https:\/\/ynrsolar.shop\/index.php\/wp-json\/wp\/v2\/product_brand?post=34232"},{"taxonomy":"product_cat","embeddable":true,"href":"https:\/\/ynrsolar.shop\/index.php\/wp-json\/wp\/v2\/product_cat?post=34232"},{"taxonomy":"product_tag","embeddable":true,"href":"https:\/\/ynrsolar.shop\/index.php\/wp-json\/wp\/v2\/product_tag?post=34232"}],"curies":[{"name":"wp","href":"https:\/\/api.w.org\/{rel}","templated":true}]}}