{"id":34227,"date":"2025-04-14T14:03:42","date_gmt":"2025-04-14T11:03:42","guid":{"rendered":"https:\/\/ynrsolar.shop\/?post_type=product&#038;p=34227"},"modified":"2025-06-09T20:32:59","modified_gmt":"2025-06-09T17:32:59","slug":"25w-monokristal-gunes-paneli","status":"publish","type":"product","link":"https:\/\/ynrsolar.shop\/index.php\/urun\/25w-monokristal-gunes-paneli\/","title":{"rendered":"25W MonoKristal G\u00fcne\u015f Paneli"},"content":{"rendered":"<p>Sertifika: CE , IEC<br \/>\nY\u00fcksek G\u00fc\u00e7l\u00fc Model<br \/>\nPozitif Tolerans<br \/>\nY\u00fcksek Performans<br \/>\nY\u00fcksek Dayan\u0131m<br \/>\nKolay Kurulum<br \/>\n10 Y\u0131l \u00dcr\u00fcn &#8211; 30 Y\u0131l Performans Garantisi<\/p>\n","protected":false},"excerpt":{"rendered":"<p>Sertifika: CE , IEC Y\u00fcksek G\u00fc\u00e7l\u00fc Model Pozitif Tolerans Y\u00fcksek Performans Y\u00fcksek Dayan\u0131m Kolay Kurulum 10 Y\u0131l \u00dcr\u00fcn &#8211; 30<\/p>\n","protected":false},"featured_media":34266,"template":"","meta":[],"pwb-brand":[294],"product_brand":[],"product_cat":[1984,1986],"product_tag":[1378],"class_list":{"0":"post-34227","1":"product","2":"type-product","3":"status-publish","4":"has-post-thumbnail","6":"pwb-brand-lexron","7":"product_cat-gunes-paneli","8":"product_cat-mono-kristal-gunes-panelleri","9":"product_tag-25w-monoperc-gunes-paneli","11":"first","12":"instock","13":"product-type-simple"},"jetpack_sharing_enabled":true,"brands":[{"id":294,"name":"Lexron","slug":"lexron"}],"_links":{"self":[{"href":"https:\/\/ynrsolar.shop\/index.php\/wp-json\/wp\/v2\/product\/34227","targetHints":{"allow":["GET"]}}],"collection":[{"href":"https:\/\/ynrsolar.shop\/index.php\/wp-json\/wp\/v2\/product"}],"about":[{"href":"https:\/\/ynrsolar.shop\/index.php\/wp-json\/wp\/v2\/types\/product"}],"version-history":[{"count":1,"href":"https:\/\/ynrsolar.shop\/index.php\/wp-json\/wp\/v2\/product\/34227\/revisions"}],"predecessor-version":[{"id":34268,"href":"https:\/\/ynrsolar.shop\/index.php\/wp-json\/wp\/v2\/product\/34227\/revisions\/34268"}],"wp:featuredmedia":[{"embeddable":true,"href":"https:\/\/ynrsolar.shop\/index.php\/wp-json\/wp\/v2\/media\/34266"}],"wp:attachment":[{"href":"https:\/\/ynrsolar.shop\/index.php\/wp-json\/wp\/v2\/media?parent=34227"}],"wp:term":[{"taxonomy":"pwb-brand","embeddable":true,"href":"https:\/\/ynrsolar.shop\/index.php\/wp-json\/wp\/v2\/pwb-brand?post=34227"},{"taxonomy":"product_brand","embeddable":true,"href":"https:\/\/ynrsolar.shop\/index.php\/wp-json\/wp\/v2\/product_brand?post=34227"},{"taxonomy":"product_cat","embeddable":true,"href":"https:\/\/ynrsolar.shop\/index.php\/wp-json\/wp\/v2\/product_cat?post=34227"},{"taxonomy":"product_tag","embeddable":true,"href":"https:\/\/ynrsolar.shop\/index.php\/wp-json\/wp\/v2\/product_tag?post=34227"}],"curies":[{"name":"wp","href":"https:\/\/api.w.org\/{rel}","templated":true}]}}