{"id":34226,"date":"2025-04-14T14:03:42","date_gmt":"2025-04-14T11:03:42","guid":{"rendered":"https:\/\/ynrsolar.shop\/?post_type=product&#038;p=34226"},"modified":"2025-06-09T20:32:47","modified_gmt":"2025-06-09T17:32:47","slug":"lexron-12w-monoperc-gunes-paneli","status":"publish","type":"product","link":"https:\/\/ynrsolar.shop\/index.php\/urun\/lexron-12w-monoperc-gunes-paneli\/","title":{"rendered":"Lexron 12W Monoperc G\u00fcne\u015f Paneli"},"content":{"rendered":"<p>Sertifika: CE , IEC<br \/>\nY\u00fcksek G\u00fc\u00e7l\u00fc Model<br \/>\nPozitif Tolerans<br \/>\nY\u00fcksek Performans<br \/>\nY\u00fcksek Dayan\u0131m<br \/>\nKolay Kurulum<br \/>\n10 Y\u0131l \u00dcr\u00fcn &#8211; 30 Y\u0131l Performans Garantisi<\/p>\n","protected":false},"excerpt":{"rendered":"<p>Sertifika: CE , IEC Y\u00fcksek G\u00fc\u00e7l\u00fc Model Pozitif Tolerans Y\u00fcksek Performans Y\u00fcksek Dayan\u0131m Kolay Kurulum 10 Y\u0131l \u00dcr\u00fcn &#8211; 30<\/p>\n","protected":false},"featured_media":34266,"template":"","meta":[],"pwb-brand":[],"product_brand":[],"product_cat":[1984,1986],"product_tag":[1377],"class_list":{"0":"post-34226","1":"product","2":"type-product","3":"status-publish","4":"has-post-thumbnail","6":"product_cat-gunes-paneli","7":"product_cat-mono-kristal-gunes-panelleri","8":"product_tag-lexron-36-cell-12w-monoperc-gunes-paneli","10":"first","11":"instock","12":"product-type-simple"},"jetpack_sharing_enabled":true,"brands":[],"_links":{"self":[{"href":"https:\/\/ynrsolar.shop\/index.php\/wp-json\/wp\/v2\/product\/34226","targetHints":{"allow":["GET"]}}],"collection":[{"href":"https:\/\/ynrsolar.shop\/index.php\/wp-json\/wp\/v2\/product"}],"about":[{"href":"https:\/\/ynrsolar.shop\/index.php\/wp-json\/wp\/v2\/types\/product"}],"version-history":[{"count":1,"href":"https:\/\/ynrsolar.shop\/index.php\/wp-json\/wp\/v2\/product\/34226\/revisions"}],"predecessor-version":[{"id":34267,"href":"https:\/\/ynrsolar.shop\/index.php\/wp-json\/wp\/v2\/product\/34226\/revisions\/34267"}],"wp:featuredmedia":[{"embeddable":true,"href":"https:\/\/ynrsolar.shop\/index.php\/wp-json\/wp\/v2\/media\/34266"}],"wp:attachment":[{"href":"https:\/\/ynrsolar.shop\/index.php\/wp-json\/wp\/v2\/media?parent=34226"}],"wp:term":[{"taxonomy":"pwb-brand","embeddable":true,"href":"https:\/\/ynrsolar.shop\/index.php\/wp-json\/wp\/v2\/pwb-brand?post=34226"},{"taxonomy":"product_brand","embeddable":true,"href":"https:\/\/ynrsolar.shop\/index.php\/wp-json\/wp\/v2\/product_brand?post=34226"},{"taxonomy":"product_cat","embeddable":true,"href":"https:\/\/ynrsolar.shop\/index.php\/wp-json\/wp\/v2\/product_cat?post=34226"},{"taxonomy":"product_tag","embeddable":true,"href":"https:\/\/ynrsolar.shop\/index.php\/wp-json\/wp\/v2\/product_tag?post=34226"}],"curies":[{"name":"wp","href":"https:\/\/api.w.org\/{rel}","templated":true}]}}