{"id":34225,"date":"2025-04-14T14:03:42","date_gmt":"2025-04-14T11:03:42","guid":{"rendered":"https:\/\/ynrsolar.shop\/?post_type=product&#038;p=34225"},"modified":"2025-06-09T20:32:38","modified_gmt":"2025-06-09T17:32:38","slug":"tescom-3kw-mppt-80a-450-vdc-akilli-inverter","status":"publish","type":"product","link":"https:\/\/ynrsolar.shop\/index.php\/urun\/tescom-3kw-mppt-80a-450-vdc-akilli-inverter\/","title":{"rendered":"Tescom 3Kw Mppt 80A 450 Vdc Ak\u0131ll\u0131 \u0130nverter"},"content":{"rendered":"<p>\u2022 \u00c7\u0131kar\u0131labilir LCD kontrol mod\u00fcl\u00fc ile \u00e7e\u015fitli kullan\u0131m \u015fekilleri,<br \/>\n\u2022 Android Uygulamas\u0131 ile entegre Bluetooth aray\u00fcz\u00fc<br \/>\n\u2022 \u0130leti\u015fim (RS-485, CAN-BUS or RS-232) for Batarya y\u00f6netim sistemi<br \/>\n\u2022 Batarya dengeleme ile kullan\u0131m \u00f6mr\u00fcn\u00fc uzat\u0131r<br \/>\n\u2022 Batarya ba\u011f\u0131ms\u0131zl\u0131\u011f\u0131 Inverter ak\u00fc ba\u011fl\u0131 olmadan y\u00fcklere PV enerjisinden veya \u015febekeden g\u00fc\u00e7 beslemeye devam edebilir.<br \/>\n\u2022 De\u011fi\u015ftirilebilir fan ile tasarlanm\u0131\u015ft\u0131r<br \/>\n\u2022 Kolay kullan\u0131m kontrol paneli LCD\u2019li<\/p>\n","protected":false},"excerpt":{"rendered":"<p>\u2022 \u00c7\u0131kar\u0131labilir LCD kontrol mod\u00fcl\u00fc ile \u00e7e\u015fitli kullan\u0131m \u015fekilleri, \u2022 Android Uygulamas\u0131 ile entegre Bluetooth aray\u00fcz\u00fc \u2022 \u0130leti\u015fim (RS-485, CAN-BUS<\/p>\n","protected":false},"featured_media":34264,"template":"","meta":[],"pwb-brand":[457],"product_brand":[],"product_cat":[1990,1987,1991],"product_tag":[1373,1374,1375,1376],"class_list":{"0":"post-34225","1":"product","2":"type-product","3":"status-publish","4":"has-post-thumbnail","6":"pwb-brand-tescom","7":"product_cat-akilli-inverterler","8":"product_cat-inverterler","9":"product_cat-off-grid-inverterler","10":"product_tag-akilli","11":"product_tag-inverter","12":"product_tag-tescom","13":"product_tag-vm-3k-5k-450-vdc","15":"first","16":"instock","17":"shipping-taxable","18":"product-type-simple"},"jetpack_sharing_enabled":true,"brands":[{"id":457,"name":"Tescom","slug":"tescom"}],"_links":{"self":[{"href":"https:\/\/ynrsolar.shop\/index.php\/wp-json\/wp\/v2\/product\/34225","targetHints":{"allow":["GET"]}}],"collection":[{"href":"https:\/\/ynrsolar.shop\/index.php\/wp-json\/wp\/v2\/product"}],"about":[{"href":"https:\/\/ynrsolar.shop\/index.php\/wp-json\/wp\/v2\/types\/product"}],"version-history":[{"count":1,"href":"https:\/\/ynrsolar.shop\/index.php\/wp-json\/wp\/v2\/product\/34225\/revisions"}],"predecessor-version":[{"id":34265,"href":"https:\/\/ynrsolar.shop\/index.php\/wp-json\/wp\/v2\/product\/34225\/revisions\/34265"}],"wp:featuredmedia":[{"embeddable":true,"href":"https:\/\/ynrsolar.shop\/index.php\/wp-json\/wp\/v2\/media\/34264"}],"wp:attachment":[{"href":"https:\/\/ynrsolar.shop\/index.php\/wp-json\/wp\/v2\/media?parent=34225"}],"wp:term":[{"taxonomy":"pwb-brand","embeddable":true,"href":"https:\/\/ynrsolar.shop\/index.php\/wp-json\/wp\/v2\/pwb-brand?post=34225"},{"taxonomy":"product_brand","embeddable":true,"href":"https:\/\/ynrsolar.shop\/index.php\/wp-json\/wp\/v2\/product_brand?post=34225"},{"taxonomy":"product_cat","embeddable":true,"href":"https:\/\/ynrsolar.shop\/index.php\/wp-json\/wp\/v2\/product_cat?post=34225"},{"taxonomy":"product_tag","embeddable":true,"href":"https:\/\/ynrsolar.shop\/index.php\/wp-json\/wp\/v2\/product_tag?post=34225"}],"curies":[{"name":"wp","href":"https:\/\/api.w.org\/{rel}","templated":true}]}}