{"id":34215,"date":"2025-04-14T14:03:39","date_gmt":"2025-04-14T11:03:39","guid":{"rendered":"https:\/\/ynrsolar.shop\/?post_type=product&#038;p=34215"},"modified":"2025-06-09T20:34:19","modified_gmt":"2025-06-09T17:34:19","slug":"tuncmatik-1kw-pwm-50a-sarj-solar-offgrid-invertor","status":"publish","type":"product","link":"https:\/\/ynrsolar.shop\/index.php\/urun\/tuncmatik-1kw-pwm-50a-sarj-solar-offgrid-invertor\/","title":{"rendered":"Tun\u00e7Matik 1kW PWM 50A \u015earj Solar Offgrid \u0130nvert\u00f6r"},"content":{"rendered":"<p>Ger\u00e7ek sin\u00fcs solar offgrid invert\u00f6r<br \/>\n\u00c7\u0131k\u0131\u015f G\u00fcc\u00fc \u00c7arpan\u0131 1<br \/>\nSe\u00e7ilebilir y\u00fcksek g\u00fc\u00e7l\u00fc \u015farj ak\u0131m\u0131<br \/>\nGeni\u015f DC giri\u015f aral\u0131\u011f\u0131<br \/>\nLCD ayar\u0131 ile ayarlanabilen \u015eebeke\/Solar giri\u015f \u00f6nceli\u011fi<br \/>\nAC \u015eebeke veya jenerat\u00f6r ile uyumlu<br \/>\nAC \u015eebeke geri geldi\u011finde otomatik devreye girme<br \/>\nEv aletleri ve bilgisayarlar i\u00e7in se\u00e7ilebilir giri\u015f voltaj\u0131 aral\u0131\u011f\u0131<br \/>\nA\u015f\u0131r\u0131 y\u00fck ve k\u0131sa devre korumas\u0131<br \/>\nEn iyi ak\u00fc performans\u0131 i\u00e7in ak\u0131ll\u0131 \u015farj devresi tasar\u0131m\u0131<br \/>\n\u015eebeke yokken ak\u00fcden \u00e7al\u0131\u015ft\u0131rabilme (Cold Start) \u00f6zelli\u011fi<br \/>\n\u0130ste\u011fe ba\u011fl\u0131 toz \u00f6nleme kiti (uyumlu modeller i\u00e7in)<\/p>\n","protected":false},"excerpt":{"rendered":"<p>Ger\u00e7ek sin\u00fcs solar offgrid invert\u00f6r \u00c7\u0131k\u0131\u015f G\u00fcc\u00fc \u00c7arpan\u0131 1 Se\u00e7ilebilir y\u00fcksek g\u00fc\u00e7l\u00fc \u015farj ak\u0131m\u0131 Geni\u015f DC giri\u015f aral\u0131\u011f\u0131 LCD ayar\u0131<\/p>\n","protected":false},"featured_media":34245,"template":"","meta":[],"pwb-brand":[672],"product_brand":[],"product_cat":[1990,1987,1991],"product_tag":[1911],"class_list":{"0":"post-34215","1":"product","2":"type-product","3":"status-publish","4":"has-post-thumbnail","6":"pwb-brand-tuncmatik","7":"product_cat-akilli-inverterler","8":"product_cat-inverterler","9":"product_cat-off-grid-inverterler","10":"product_tag-tuncmatik-1kw-pwm-50a-sarj-solar-offgrid-invertor","12":"first","13":"instock","14":"product-type-simple"},"jetpack_sharing_enabled":true,"brands":[{"id":672,"name":"Tun\u00e7matik","slug":"tuncmatik"}],"_links":{"self":[{"href":"https:\/\/ynrsolar.shop\/index.php\/wp-json\/wp\/v2\/product\/34215","targetHints":{"allow":["GET"]}}],"collection":[{"href":"https:\/\/ynrsolar.shop\/index.php\/wp-json\/wp\/v2\/product"}],"about":[{"href":"https:\/\/ynrsolar.shop\/index.php\/wp-json\/wp\/v2\/types\/product"}],"version-history":[{"count":1,"href":"https:\/\/ynrsolar.shop\/index.php\/wp-json\/wp\/v2\/product\/34215\/revisions"}],"predecessor-version":[{"id":34251,"href":"https:\/\/ynrsolar.shop\/index.php\/wp-json\/wp\/v2\/product\/34215\/revisions\/34251"}],"wp:featuredmedia":[{"embeddable":true,"href":"https:\/\/ynrsolar.shop\/index.php\/wp-json\/wp\/v2\/media\/34245"}],"wp:attachment":[{"href":"https:\/\/ynrsolar.shop\/index.php\/wp-json\/wp\/v2\/media?parent=34215"}],"wp:term":[{"taxonomy":"pwb-brand","embeddable":true,"href":"https:\/\/ynrsolar.shop\/index.php\/wp-json\/wp\/v2\/pwb-brand?post=34215"},{"taxonomy":"product_brand","embeddable":true,"href":"https:\/\/ynrsolar.shop\/index.php\/wp-json\/wp\/v2\/product_brand?post=34215"},{"taxonomy":"product_cat","embeddable":true,"href":"https:\/\/ynrsolar.shop\/index.php\/wp-json\/wp\/v2\/product_cat?post=34215"},{"taxonomy":"product_tag","embeddable":true,"href":"https:\/\/ynrsolar.shop\/index.php\/wp-json\/wp\/v2\/product_tag?post=34215"}],"curies":[{"name":"wp","href":"https:\/\/api.w.org\/{rel}","templated":true}]}}