{"id":34154,"date":"2025-04-14T14:03:16","date_gmt":"2025-04-14T11:03:16","guid":{"rendered":"https:\/\/ynrsolar.shop\/?post_type=product&#038;p=34154"},"modified":"2025-06-09T20:36:56","modified_gmt":"2025-06-09T17:36:56","slug":"alpex-2000w-24v-modifiye-sinus-inverter","status":"publish","type":"product","link":"https:\/\/ynrsolar.shop\/index.php\/urun\/alpex-2000w-24v-modifiye-sinus-inverter\/","title":{"rendered":"Alpex 2000W 24V Modifiye Sin\u00fcs \u0130nverter"},"content":{"rendered":"<p>24V 2000W MOD\u0130F\u0130YE S\u0130N\u00dcS \u0130NVERTER\u00a0 ALPEX<\/p>\n<p>Cihaz \u00d6l\u00e7\u00fcleri :\u00a0346 x 180 x 78\u00a0mm<\/p>\n<p>A\u011f\u0131rl\u0131k :\u00a03600 Gr<\/p>\n<p>24 Volt ak\u00fcn\u00fcz de ki enerjiyi 220 Volt \u015eebeke elektri\u011fine \u00e7evirir.<\/p>\n<p>Elektrik kesintilerinde veya elektri\u011fin hi\u00e7 olmad\u0131\u011f\u0131 yerde kullanabilirsiniz.<\/p>\n<p>24V ak\u00fclerden; arac\u0131n\u0131zda, evlerinizde, kamplarda, arazide,<\/p>\n<p>ba\u011f evlerinizde elektrik olmayan her yerde 220 Volt olarak kullanabilirsiniz.<\/p>\n<p>Alpex 2000 Watt 24 Volt Modifiye Sin\u00fcs \u0130nverter Cihaz<\/p>\n","protected":false},"excerpt":{"rendered":"<p>24V 2000W MOD\u0130F\u0130YE S\u0130N\u00dcS \u0130NVERTER\u00a0 ALPEX Cihaz \u00d6l\u00e7\u00fcleri :\u00a0346 x 180 x 78\u00a0mm A\u011f\u0131rl\u0131k :\u00a03600 Gr 24 Volt ak\u00fcn\u00fcz de<\/p>\n","protected":false},"featured_media":34184,"template":"","meta":[],"pwb-brand":[161],"product_brand":[],"product_cat":[1987,1992],"product_tag":[1364],"class_list":{"0":"post-34154","1":"product","2":"type-product","3":"status-publish","4":"has-post-thumbnail","6":"pwb-brand-alpex","7":"product_cat-inverterler","8":"product_cat-modifiye-sinus-inverterler","9":"product_tag-2000-watt-24-volt-modifiye-sinus-inverter-251","11":"first","12":"instock","13":"shipping-taxable","14":"product-type-simple"},"jetpack_sharing_enabled":true,"brands":[{"id":161,"name":"Alpex","slug":"alpex"}],"_links":{"self":[{"href":"https:\/\/ynrsolar.shop\/index.php\/wp-json\/wp\/v2\/product\/34154","targetHints":{"allow":["GET"]}}],"collection":[{"href":"https:\/\/ynrsolar.shop\/index.php\/wp-json\/wp\/v2\/product"}],"about":[{"href":"https:\/\/ynrsolar.shop\/index.php\/wp-json\/wp\/v2\/types\/product"}],"version-history":[{"count":1,"href":"https:\/\/ynrsolar.shop\/index.php\/wp-json\/wp\/v2\/product\/34154\/revisions"}],"predecessor-version":[{"id":34205,"href":"https:\/\/ynrsolar.shop\/index.php\/wp-json\/wp\/v2\/product\/34154\/revisions\/34205"}],"wp:featuredmedia":[{"embeddable":true,"href":"https:\/\/ynrsolar.shop\/index.php\/wp-json\/wp\/v2\/media\/34184"}],"wp:attachment":[{"href":"https:\/\/ynrsolar.shop\/index.php\/wp-json\/wp\/v2\/media?parent=34154"}],"wp:term":[{"taxonomy":"pwb-brand","embeddable":true,"href":"https:\/\/ynrsolar.shop\/index.php\/wp-json\/wp\/v2\/pwb-brand?post=34154"},{"taxonomy":"product_brand","embeddable":true,"href":"https:\/\/ynrsolar.shop\/index.php\/wp-json\/wp\/v2\/product_brand?post=34154"},{"taxonomy":"product_cat","embeddable":true,"href":"https:\/\/ynrsolar.shop\/index.php\/wp-json\/wp\/v2\/product_cat?post=34154"},{"taxonomy":"product_tag","embeddable":true,"href":"https:\/\/ynrsolar.shop\/index.php\/wp-json\/wp\/v2\/product_tag?post=34154"}],"curies":[{"name":"wp","href":"https:\/\/api.w.org\/{rel}","templated":true}]}}