{"id":34153,"date":"2025-04-14T14:03:16","date_gmt":"2025-04-14T11:03:16","guid":{"rendered":"https:\/\/ynrsolar.shop\/?post_type=product&#038;p=34153"},"modified":"2025-06-09T20:36:29","modified_gmt":"2025-06-09T17:36:29","slug":"alpex-1500w-24v-modifiye-sinus-inverter","status":"publish","type":"product","link":"https:\/\/ynrsolar.shop\/index.php\/urun\/alpex-1500w-24v-modifiye-sinus-inverter\/","title":{"rendered":"Alpex 1500W 24V Modifiye Sin\u00fcs \u0130nverter"},"content":{"rendered":"<p style=\"font-weight: 400;\">Yakens Enerji ma\u011fazam\u0131zdan Saat : 12:00 den \u00f6nce verilen sipari\u015fler\u00a0daha h\u0131zl\u0131 bir \u015fekilde haz\u0131rlan\u0131r. Sipari\u015ften \u00f6nce soru sor k\u0131sm\u0131ndan onay alabilirsiniz.<\/p>\n<p style=\"font-weight: 400;\">Sorular\u0131n\u0131z\u0131 en k\u0131sa s\u00fcrede yan\u0131tl\u0131yoruz. \u00dcr\u00fcnler ve teslimat ile ilgili sorular\u0131n\u0131z\u0131 Yakens Enerji temsilcilerimiz en k\u0131sa s\u00fcrede cevapl\u0131yoruz.<\/p>\n<p style=\"font-weight: 400;\">Size g\u00f6nderilen \u00fcr\u00fcnler kesinlikle kullan\u0131lmam\u0131\u015f s\u0131f\u0131r ambalaj\u0131nda fabrikadan teslim edilmektedir.<\/p>\n<p style=\"font-weight: 400;\">Sat\u0131\u015f sonras\u0131 Yakens Enerji uzman teknik ekibimiz taraf\u0131ndan \u00fcr\u00fcn ile ilgili sorular\u0131n\u0131z\u0131 cevapl\u0131yoruz.<\/p>\n<p style=\"font-weight: 400;\">Garanti Ko\u015fullar\u0131;T\u00fcm \u00fcr\u00fcnlerimiz ak\u00fcler hari\u00e7, 2 Y\u0131l Garanti kapsam\u0131 alt\u0131ndad\u0131r. (Sadece Ak\u00fcler 6 Ay de\u011fi\u015fim Garantilidir)<\/p>\n<p style=\"font-weight: 400;\">\u00dcr\u00fcnlerin garanti kapsam\u0131nda kalabilmesi i\u00e7in; k\u0131r\u0131lmamas\u0131, i\u00e7inin a\u00e7\u0131lmamas\u0131, tamir g\u00f6rmemesi, kullan\u0131m amac\u0131n\u0131n d\u0131\u015f\u0131nda kullan\u0131lmamas\u0131, a\u015f\u0131r\u0131 zorlanmamas\u0131, yanl\u0131\u015f ba\u011flant\u0131 ayar gibi kullan\u0131c\u0131 hatalar\u0131n\u0131n olmamas\u0131 gerekmektedir.\u00dcr\u00fcn\u00fc garanti kapsam\u0131nda servise g\u00f6nderebilmek i\u00e7in faturan\u0131z ile birlikte temsilcilerimiz ile ileti\u015fime ge\u00e7erek firmam\u0131za de\u011fil y\u00f6nlendirece\u011fi servise kargo yapman\u0131z gerekmektedir.<\/p>\n<p style=\"font-weight: 400;\">\n","protected":false},"excerpt":{"rendered":"<p>Yakens Enerji ma\u011fazam\u0131zdan Saat : 12:00 den \u00f6nce verilen sipari\u015fler\u00a0daha h\u0131zl\u0131 bir \u015fekilde haz\u0131rlan\u0131r. Sipari\u015ften \u00f6nce soru sor k\u0131sm\u0131ndan onay<\/p>\n","protected":false},"featured_media":34203,"template":"","meta":[],"pwb-brand":[161],"product_brand":[],"product_cat":[1987,1992],"product_tag":[1363],"class_list":{"0":"post-34153","1":"product","2":"type-product","3":"status-publish","4":"has-post-thumbnail","6":"pwb-brand-alpex","7":"product_cat-inverterler","8":"product_cat-modifiye-sinus-inverterler","9":"product_tag-1500-watt-24-volt-modifiye-sinus-inverter-299","11":"first","12":"instock","13":"shipping-taxable","14":"product-type-simple"},"jetpack_sharing_enabled":true,"brands":[{"id":161,"name":"Alpex","slug":"alpex"}],"_links":{"self":[{"href":"https:\/\/ynrsolar.shop\/index.php\/wp-json\/wp\/v2\/product\/34153","targetHints":{"allow":["GET"]}}],"collection":[{"href":"https:\/\/ynrsolar.shop\/index.php\/wp-json\/wp\/v2\/product"}],"about":[{"href":"https:\/\/ynrsolar.shop\/index.php\/wp-json\/wp\/v2\/types\/product"}],"version-history":[{"count":1,"href":"https:\/\/ynrsolar.shop\/index.php\/wp-json\/wp\/v2\/product\/34153\/revisions"}],"predecessor-version":[{"id":34204,"href":"https:\/\/ynrsolar.shop\/index.php\/wp-json\/wp\/v2\/product\/34153\/revisions\/34204"}],"wp:featuredmedia":[{"embeddable":true,"href":"https:\/\/ynrsolar.shop\/index.php\/wp-json\/wp\/v2\/media\/34203"}],"wp:attachment":[{"href":"https:\/\/ynrsolar.shop\/index.php\/wp-json\/wp\/v2\/media?parent=34153"}],"wp:term":[{"taxonomy":"pwb-brand","embeddable":true,"href":"https:\/\/ynrsolar.shop\/index.php\/wp-json\/wp\/v2\/pwb-brand?post=34153"},{"taxonomy":"product_brand","embeddable":true,"href":"https:\/\/ynrsolar.shop\/index.php\/wp-json\/wp\/v2\/product_brand?post=34153"},{"taxonomy":"product_cat","embeddable":true,"href":"https:\/\/ynrsolar.shop\/index.php\/wp-json\/wp\/v2\/product_cat?post=34153"},{"taxonomy":"product_tag","embeddable":true,"href":"https:\/\/ynrsolar.shop\/index.php\/wp-json\/wp\/v2\/product_tag?post=34153"}],"curies":[{"name":"wp","href":"https:\/\/api.w.org\/{rel}","templated":true}]}}