{"id":34150,"date":"2025-04-14T14:03:15","date_gmt":"2025-04-14T11:03:15","guid":{"rendered":"https:\/\/ynrsolar.shop\/?post_type=product&#038;p=34150"},"modified":"2025-06-09T20:37:54","modified_gmt":"2025-06-09T17:37:54","slug":"alpex-2000w-24v-ups-tam-sinus-inverter","status":"publish","type":"product","link":"https:\/\/ynrsolar.shop\/index.php\/urun\/alpex-2000w-24v-ups-tam-sinus-inverter\/","title":{"rendered":"Alpex 2000W 24V Ups Tam Sin\u00fcs \u0130nverter"},"content":{"rendered":"<p><strong>Tam sin\u00fcs dalga ayn\u0131 evdeki \u015febekeden ald\u0131\u011f\u0131n\u0131z \u00e7\u0131k\u0131\u015ft\u0131r. \u00c7ok temiz, d\u00fczg\u00fcn ve en iyisidir. Bu y\u00fczden t\u00fcm uygulamalarda sorunsuz olarak kullanabilirsiniz.<\/strong><\/p>\n","protected":false},"excerpt":{"rendered":"<p>Tam sin\u00fcs dalga ayn\u0131 evdeki \u015febekeden ald\u0131\u011f\u0131n\u0131z \u00e7\u0131k\u0131\u015ft\u0131r. \u00c7ok temiz, d\u00fczg\u00fcn ve en iyisidir. Bu y\u00fczden t\u00fcm uygulamalarda sorunsuz olarak<\/p>\n","protected":false},"featured_media":34184,"template":"","meta":[],"pwb-brand":[161],"product_brand":[],"product_cat":[1987,2005],"product_tag":[1360],"class_list":{"0":"post-34150","1":"product","2":"type-product","3":"status-publish","4":"has-post-thumbnail","6":"pwb-brand-alpex","7":"product_cat-inverterler","8":"product_cat-tam-sinus-sarjli-inverter","9":"product_tag-2000-watt-24-volt-ups-sebeke-sarjli-tam-sinus-inverter-20220353","11":"first","12":"instock","13":"shipping-taxable","14":"product-type-simple"},"jetpack_sharing_enabled":true,"brands":[{"id":161,"name":"Alpex","slug":"alpex"}],"_links":{"self":[{"href":"https:\/\/ynrsolar.shop\/index.php\/wp-json\/wp\/v2\/product\/34150","targetHints":{"allow":["GET"]}}],"collection":[{"href":"https:\/\/ynrsolar.shop\/index.php\/wp-json\/wp\/v2\/product"}],"about":[{"href":"https:\/\/ynrsolar.shop\/index.php\/wp-json\/wp\/v2\/types\/product"}],"version-history":[{"count":1,"href":"https:\/\/ynrsolar.shop\/index.php\/wp-json\/wp\/v2\/product\/34150\/revisions"}],"predecessor-version":[{"id":34198,"href":"https:\/\/ynrsolar.shop\/index.php\/wp-json\/wp\/v2\/product\/34150\/revisions\/34198"}],"wp:featuredmedia":[{"embeddable":true,"href":"https:\/\/ynrsolar.shop\/index.php\/wp-json\/wp\/v2\/media\/34184"}],"wp:attachment":[{"href":"https:\/\/ynrsolar.shop\/index.php\/wp-json\/wp\/v2\/media?parent=34150"}],"wp:term":[{"taxonomy":"pwb-brand","embeddable":true,"href":"https:\/\/ynrsolar.shop\/index.php\/wp-json\/wp\/v2\/pwb-brand?post=34150"},{"taxonomy":"product_brand","embeddable":true,"href":"https:\/\/ynrsolar.shop\/index.php\/wp-json\/wp\/v2\/product_brand?post=34150"},{"taxonomy":"product_cat","embeddable":true,"href":"https:\/\/ynrsolar.shop\/index.php\/wp-json\/wp\/v2\/product_cat?post=34150"},{"taxonomy":"product_tag","embeddable":true,"href":"https:\/\/ynrsolar.shop\/index.php\/wp-json\/wp\/v2\/product_tag?post=34150"}],"curies":[{"name":"wp","href":"https:\/\/api.w.org\/{rel}","templated":true}]}}