{"id":34075,"date":"2025-04-14T14:02:48","date_gmt":"2025-04-14T11:02:48","guid":{"rendered":"https:\/\/ynrsolar.shop\/?post_type=product&#038;p=34075"},"modified":"2025-06-09T20:41:46","modified_gmt":"2025-06-09T17:41:46","slug":"mexxsun-vt-10a-pwm-12v-24v","status":"publish","type":"product","link":"https:\/\/ynrsolar.shop\/index.php\/urun\/mexxsun-vt-10a-pwm-12v-24v\/","title":{"rendered":"Mexxsun Vt 10A pwm 12v 24v"},"content":{"rendered":"<div class=\"product-info-rows\">\n<div class=\"product-info-row\"><span class=\"product-info-row-title\">Marka<\/span> <span class=\"product-info-row-seperator\">:<\/span> <span class=\"product-info-row-value\"> MEXXSUN <\/span><\/div>\n<div class=\"product-info-row\"><span class=\"product-info-row-title\">\u00dcr\u00fcn Kodu<\/span> <span class=\"product-info-row-seperator\">:<\/span> <span class=\"product-info-row-value\">RG010.14PWMX.002<\/span><\/div>\n<div class=\"product-info-row\"><span class=\"product-info-row-title\">Miktar Tipi<\/span> <span class=\"product-info-row-seperator\">:<\/span> <span class=\"product-info-row-value\">Adet<\/span><\/div>\n<div class=\"product-info-row\"><span class=\"product-info-row-title\">Kategori Ad\u0131<\/span> <span class=\"product-info-row-seperator\">:<\/span> <span class=\"product-info-row-value\"> PWM \u015earj Reg\u00fclat\u00f6rleri <\/span><\/div>\n<\/div>\n","protected":false},"excerpt":{"rendered":"<p>Marka : MEXXSUN \u00dcr\u00fcn Kodu : RG010.14PWMX.002 Miktar Tipi : Adet Kategori Ad\u0131 : PWM \u015earj Reg\u00fclat\u00f6rleri<\/p>\n","protected":false},"featured_media":34124,"template":"","meta":[],"pwb-brand":[347],"product_brand":[],"product_cat":[2001,1999],"product_tag":[1333],"class_list":{"0":"post-34075","1":"product","2":"type-product","3":"status-publish","4":"has-post-thumbnail","6":"pwb-brand-mexxsun","7":"product_cat-pwm-sarj-kontrol-cihazlari","8":"product_cat-sarj-kontrol-cihazlari","9":"product_tag-pwm-10a-12-24v-at10","11":"first","12":"instock","13":"shipping-taxable","14":"product-type-simple"},"jetpack_sharing_enabled":true,"brands":[{"id":347,"name":"Mexxsun","slug":"mexxsun"}],"_links":{"self":[{"href":"https:\/\/ynrsolar.shop\/index.php\/wp-json\/wp\/v2\/product\/34075","targetHints":{"allow":["GET"]}}],"collection":[{"href":"https:\/\/ynrsolar.shop\/index.php\/wp-json\/wp\/v2\/product"}],"about":[{"href":"https:\/\/ynrsolar.shop\/index.php\/wp-json\/wp\/v2\/types\/product"}],"version-history":[{"count":1,"href":"https:\/\/ynrsolar.shop\/index.php\/wp-json\/wp\/v2\/product\/34075\/revisions"}],"predecessor-version":[{"id":34125,"href":"https:\/\/ynrsolar.shop\/index.php\/wp-json\/wp\/v2\/product\/34075\/revisions\/34125"}],"wp:featuredmedia":[{"embeddable":true,"href":"https:\/\/ynrsolar.shop\/index.php\/wp-json\/wp\/v2\/media\/34124"}],"wp:attachment":[{"href":"https:\/\/ynrsolar.shop\/index.php\/wp-json\/wp\/v2\/media?parent=34075"}],"wp:term":[{"taxonomy":"pwb-brand","embeddable":true,"href":"https:\/\/ynrsolar.shop\/index.php\/wp-json\/wp\/v2\/pwb-brand?post=34075"},{"taxonomy":"product_brand","embeddable":true,"href":"https:\/\/ynrsolar.shop\/index.php\/wp-json\/wp\/v2\/product_brand?post=34075"},{"taxonomy":"product_cat","embeddable":true,"href":"https:\/\/ynrsolar.shop\/index.php\/wp-json\/wp\/v2\/product_cat?post=34075"},{"taxonomy":"product_tag","embeddable":true,"href":"https:\/\/ynrsolar.shop\/index.php\/wp-json\/wp\/v2\/product_tag?post=34075"}],"curies":[{"name":"wp","href":"https:\/\/api.w.org\/{rel}","templated":true}]}}