{"id":34074,"date":"2025-04-14T14:02:48","date_gmt":"2025-04-14T11:02:48","guid":{"rendered":"https:\/\/ynrsolar.shop\/?post_type=product&#038;p=34074"},"modified":"2025-06-09T20:41:54","modified_gmt":"2025-06-09T17:41:54","slug":"mexxsun-8000w-twin-max-8000-tam-sinus-akilli-inverter","status":"publish","type":"product","link":"https:\/\/ynrsolar.shop\/index.php\/urun\/mexxsun-8000w-twin-max-8000-tam-sinus-akilli-inverter\/","title":{"rendered":"Mexxsun 8000W Twin MAX 8000 Tam Sin\u00fcs Ak\u0131ll\u0131 \u0130nverter"},"content":{"rendered":"<div class=\"product-info-rows\">\n<div class=\"product-info-row\"><span class=\"product-info-row-title\">Marka<\/span> <span class=\"product-info-row-seperator\">:<\/span> <span class=\"product-info-row-value\"> MEXXSUN <\/span><\/div>\n<div class=\"product-info-row\"><span class=\"product-info-row-title\">\u00dcr\u00fcn Kodu<\/span> <span class=\"product-info-row-seperator\">:<\/span> <span class=\"product-info-row-value\">NV080.48TAMX.001<\/span><\/div>\n<div class=\"product-info-row\"><span class=\"product-info-row-title\">Miktar Tipi<\/span> <span class=\"product-info-row-seperator\">:<\/span> <span class=\"product-info-row-value\">Adet<\/span><\/div>\n<div class=\"product-info-row\"><span class=\"product-info-row-title\">Kategori Ad\u0131<\/span> <span class=\"product-info-row-seperator\">:<\/span> <span class=\"product-info-row-value\"> Tam Sin\u00fcs Ak\u0131ll\u0131 \u0130nverterler <\/span><\/div>\n<\/div>\n","protected":false},"excerpt":{"rendered":"<p>Marka : MEXXSUN \u00dcr\u00fcn Kodu : NV080.48TAMX.001 Miktar Tipi : Adet Kategori Ad\u0131 : Tam Sin\u00fcs Ak\u0131ll\u0131 \u0130nverterler<\/p>\n","protected":false},"featured_media":34122,"template":"","meta":[],"pwb-brand":[347],"product_brand":[],"product_cat":[1990,1987,1991],"product_tag":[1914],"class_list":{"0":"post-34074","1":"product","2":"type-product","3":"status-publish","4":"has-post-thumbnail","6":"pwb-brand-mexxsun","7":"product_cat-akilli-inverterler","8":"product_cat-inverterler","9":"product_cat-off-grid-inverterler","10":"product_tag-mexxsun-8000w-twin-max-8000-tam-sinus-akilli-inverter","12":"first","13":"instock","14":"shipping-taxable","15":"product-type-simple"},"jetpack_sharing_enabled":true,"brands":[{"id":347,"name":"Mexxsun","slug":"mexxsun"}],"_links":{"self":[{"href":"https:\/\/ynrsolar.shop\/index.php\/wp-json\/wp\/v2\/product\/34074","targetHints":{"allow":["GET"]}}],"collection":[{"href":"https:\/\/ynrsolar.shop\/index.php\/wp-json\/wp\/v2\/product"}],"about":[{"href":"https:\/\/ynrsolar.shop\/index.php\/wp-json\/wp\/v2\/types\/product"}],"version-history":[{"count":1,"href":"https:\/\/ynrsolar.shop\/index.php\/wp-json\/wp\/v2\/product\/34074\/revisions"}],"predecessor-version":[{"id":34123,"href":"https:\/\/ynrsolar.shop\/index.php\/wp-json\/wp\/v2\/product\/34074\/revisions\/34123"}],"wp:featuredmedia":[{"embeddable":true,"href":"https:\/\/ynrsolar.shop\/index.php\/wp-json\/wp\/v2\/media\/34122"}],"wp:attachment":[{"href":"https:\/\/ynrsolar.shop\/index.php\/wp-json\/wp\/v2\/media?parent=34074"}],"wp:term":[{"taxonomy":"pwb-brand","embeddable":true,"href":"https:\/\/ynrsolar.shop\/index.php\/wp-json\/wp\/v2\/pwb-brand?post=34074"},{"taxonomy":"product_brand","embeddable":true,"href":"https:\/\/ynrsolar.shop\/index.php\/wp-json\/wp\/v2\/product_brand?post=34074"},{"taxonomy":"product_cat","embeddable":true,"href":"https:\/\/ynrsolar.shop\/index.php\/wp-json\/wp\/v2\/product_cat?post=34074"},{"taxonomy":"product_tag","embeddable":true,"href":"https:\/\/ynrsolar.shop\/index.php\/wp-json\/wp\/v2\/product_tag?post=34074"}],"curies":[{"name":"wp","href":"https:\/\/api.w.org\/{rel}","templated":true}]}}