{"id":34021,"date":"2025-04-14T14:02:20","date_gmt":"2025-04-14T11:02:20","guid":{"rendered":"https:\/\/ynrsolar.shop\/?post_type=product&#038;p=34021"},"modified":"2025-06-09T20:47:56","modified_gmt":"2025-06-09T17:47:56","slug":"orbus-12v-3000w-tam-sinus-invertor","status":"publish","type":"product","link":"https:\/\/ynrsolar.shop\/index.php\/urun\/orbus-12v-3000w-tam-sinus-invertor\/","title":{"rendered":"Orbus 12V 3000W Tam Sin\u00fcs \u0130nvert\u00f6r"},"content":{"rendered":"<p><strong>G\u00dc\u00c7:<\/strong>\u00a03000W<br \/>\n<strong>PEAK (5sn):<\/strong>\u00a06000W<br \/>\n<strong>G\u0130R\u0130\u015e VOLTAJ:<\/strong>\u00a012V DC<br \/>\n<strong>\u00c7IKI\u015e VOLTAJ:<\/strong>\u00a0220V AC<\/p>\n","protected":false},"excerpt":{"rendered":"<p>G\u00dc\u00c7:\u00a03000W PEAK (5sn):\u00a06000W G\u0130R\u0130\u015e VOLTAJ:\u00a012V DC \u00c7IKI\u015e VOLTAJ:\u00a0220V AC<\/p>\n","protected":false},"featured_media":34059,"template":"","meta":[],"pwb-brand":[210],"product_brand":[],"product_cat":[1987,1994],"product_tag":[1303],"class_list":{"0":"post-34021","1":"product","2":"type-product","3":"status-publish","4":"has-post-thumbnail","6":"pwb-brand-orbus","7":"product_cat-inverterler","8":"product_cat-tam-sinus-inverter","9":"product_tag-orbus-12v-3000w-tam-sinus-invertor","11":"first","12":"instock","13":"shipping-taxable","14":"product-type-simple"},"jetpack_sharing_enabled":true,"brands":[{"id":210,"name":"Orbus","slug":"orbus"}],"_links":{"self":[{"href":"https:\/\/ynrsolar.shop\/index.php\/wp-json\/wp\/v2\/product\/34021","targetHints":{"allow":["GET"]}}],"collection":[{"href":"https:\/\/ynrsolar.shop\/index.php\/wp-json\/wp\/v2\/product"}],"about":[{"href":"https:\/\/ynrsolar.shop\/index.php\/wp-json\/wp\/v2\/types\/product"}],"version-history":[{"count":1,"href":"https:\/\/ynrsolar.shop\/index.php\/wp-json\/wp\/v2\/product\/34021\/revisions"}],"predecessor-version":[{"id":34060,"href":"https:\/\/ynrsolar.shop\/index.php\/wp-json\/wp\/v2\/product\/34021\/revisions\/34060"}],"wp:featuredmedia":[{"embeddable":true,"href":"https:\/\/ynrsolar.shop\/index.php\/wp-json\/wp\/v2\/media\/34059"}],"wp:attachment":[{"href":"https:\/\/ynrsolar.shop\/index.php\/wp-json\/wp\/v2\/media?parent=34021"}],"wp:term":[{"taxonomy":"pwb-brand","embeddable":true,"href":"https:\/\/ynrsolar.shop\/index.php\/wp-json\/wp\/v2\/pwb-brand?post=34021"},{"taxonomy":"product_brand","embeddable":true,"href":"https:\/\/ynrsolar.shop\/index.php\/wp-json\/wp\/v2\/product_brand?post=34021"},{"taxonomy":"product_cat","embeddable":true,"href":"https:\/\/ynrsolar.shop\/index.php\/wp-json\/wp\/v2\/product_cat?post=34021"},{"taxonomy":"product_tag","embeddable":true,"href":"https:\/\/ynrsolar.shop\/index.php\/wp-json\/wp\/v2\/product_tag?post=34021"}],"curies":[{"name":"wp","href":"https:\/\/api.w.org\/{rel}","templated":true}]}}