{"id":33967,"date":"2025-04-14T14:01:56","date_gmt":"2025-04-14T11:01:56","guid":{"rendered":"https:\/\/ynrsolar.shop\/?post_type=product&#038;p=33967"},"modified":"2025-06-09T20:49:23","modified_gmt":"2025-06-09T17:49:23","slug":"orbus-12v-600w-modifiye-sinus-invertor","status":"publish","type":"product","link":"https:\/\/ynrsolar.shop\/index.php\/urun\/orbus-12v-600w-modifiye-sinus-invertor\/","title":{"rendered":"Orbus 12V 600W Modifiye Sin\u00fcs \u0130nvert\u00f6r"},"content":{"rendered":"<p style=\"font-weight: 400;\">GENEL \u00d6ZELL\u0130KLER<\/p>\n<p style=\"font-weight: 400;\">1,5 y\u0131l garanti<\/p>\n<p style=\"font-weight: 400;\">CE, ROHS, CE-LVD\/EMC onayl\u0131<\/p>\n<p style=\"font-weight: 400;\">Modifiye sin\u00fcs dalga \u00e7\u0131k\u0131\u015f\u0131<\/p>\n<p style=\"font-weight: 400;\">USB \u00e7\u0131k\u0131\u015f portu<\/p>\n<p style=\"font-weight: 400;\">On\/Off anahtar\u0131 ile elle kontrol<\/p>\n<p style=\"font-weight: 400;\">Kompakt, hafif, kolay kullan\u0131m<\/p>\n<p style=\"font-weight: 400;\">Otomatik yeniden ba\u015flatma \u00f6zelli\u011fi<\/p>\n<p style=\"font-weight: 400;\">Dayan\u0131kl\u0131l\u0131k ve maksimum \u0131s\u0131 da\u011f\u0131l\u0131m\u0131<\/p>\n<p style=\"font-weight: 400;\">Y\u00fckler do\u011frudan AC \u00e7\u0131k\u0131\u015f\u0131ndan beslenebilir<\/p>\n<p style=\"font-weight: 400;\">Ak\u00fc voltaj\u0131 ve y\u00fckleme g\u00fcc\u00fcn\u00fc g\u00f6steren dijital ekran<\/p>\n<p style=\"font-weight: 400;\">\u00d6n panelde, \u00e7al\u0131\u015fma ve ar\u0131za durumunu g\u00f6steren 2 adet led g\u00f6sterge<\/p>\n<p style=\"font-weight: 400;\">KORUMA FONKS\u0130YONLARI<\/p>\n<p style=\"font-weight: 400;\">D\u00fc\u015f\u00fck Voltaj Alarm\u0131\u00a0\u00a0\u00a0\u00a0\u00a0\u00a0\u00a09,5 \u00b10.5 V DC<\/p>\n<p style=\"font-weight: 400;\">D\u00fc\u015f\u00fck Voltaj Kapanma (LVS)\u00a0\u00a0\u00a0\u00a0\u00a010 \u00b10.5 V DC<\/p>\n<p style=\"font-weight: 400;\">LVS Sonras\u0131 Voltaj Yenileme\u00a0\u00a0\u00a0\u00a0\u00a0\u00a0\u00a011,5 ~ 12 V<\/p>\n<p style=\"font-weight: 400;\">Y\u00fcksek Voltaj\u00a0\u00a0\u00a0\u00a015 ~ 16 V DC<\/p>\n<p style=\"font-weight: 400;\">A\u015f\u0131r\u0131 S\u0131cakl\u0131k\u00a0\u00a0\u00a0\u00a0\u00a0\u00a0\u00a0\u00c7\u0131k\u0131\u015f voltaj kapanma, otomatik yeniden ba\u015flatma<\/p>\n<p style=\"font-weight: 400;\">A\u015f\u0131r\u0131 Y\u00fck\u00a0\u00a0\u00a0\u00a0\u00a0\u00a0\u00a0\u00a0\u00a0\u00a0\u00a0\u00a0\u00a0\u00a0\u00c7\u0131k\u0131\u015f voltaj kapanma, otomatik yeniden ba\u015flatma<\/p>\n<p style=\"font-weight: 400;\">\u00c7\u0131k\u0131\u015f K\u0131sa Devre\u00a0\u00a0\u00a0\u00a0\u00a0\u00a0\u00a0\u00a0\u00a0\u00a0\u00a0\u00a0\u00a0\u00a0\u00a0\u00a0Kapanma, otomatik yeniden ba\u015flatma<\/p>\n<p style=\"font-weight: 400;\">Ak\u00fc Ters Kutup\u00a0\u00a0\u00a0\u00a0\u00a0\u00a0\u00a0\u00a0\u00a0\u00a0\u00a0\u00a0\u00a0\u00a0\u00a0\u00a0Sigorta yanmas\u0131<\/p>\n<p style=\"font-weight: 400;\">De\u011fi\u015ftirilebilir Sigorta\u00a0\u00a0\u00a0\u00a0\u00a040 A x 2<\/p>\n<p style=\"font-weight: 400;\">Yumu\u015fak Ba\u015flatma\u00a0\u00a0\u00a0\u00a0\u00a0\u00a0\u00a0\u00a0\u00a0Var, 3 ~ 5 sn<\/p>\n<p style=\"font-weight: 400;\">Topraklama Ka\u00e7a\u011f\u0131\u00a0\u00a0\u00a0\u00a0\u00a0\u00a0\u00a0\u00a0\u00a0\u00a0Var<\/p>\n","protected":false},"excerpt":{"rendered":"<p>GENEL \u00d6ZELL\u0130KLER 1,5 y\u0131l garanti CE, ROHS, CE-LVD\/EMC onayl\u0131 Modifiye sin\u00fcs dalga \u00e7\u0131k\u0131\u015f\u0131 USB \u00e7\u0131k\u0131\u015f portu On\/Off anahtar\u0131 ile elle<\/p>\n","protected":false},"featured_media":34044,"template":"","meta":[],"pwb-brand":[210],"product_brand":[],"product_cat":[1987,1992],"product_tag":[544],"class_list":{"0":"post-33967","1":"product","2":"type-product","3":"status-publish","4":"has-post-thumbnail","6":"pwb-brand-orbus","7":"product_cat-inverterler","8":"product_cat-modifiye-sinus-inverterler","9":"product_tag-12v-600w-modifiye-sinus-invertor","11":"first","12":"instock","13":"shipping-taxable","14":"product-type-simple"},"jetpack_sharing_enabled":true,"brands":[{"id":210,"name":"Orbus","slug":"orbus"}],"_links":{"self":[{"href":"https:\/\/ynrsolar.shop\/index.php\/wp-json\/wp\/v2\/product\/33967","targetHints":{"allow":["GET"]}}],"collection":[{"href":"https:\/\/ynrsolar.shop\/index.php\/wp-json\/wp\/v2\/product"}],"about":[{"href":"https:\/\/ynrsolar.shop\/index.php\/wp-json\/wp\/v2\/types\/product"}],"version-history":[{"count":1,"href":"https:\/\/ynrsolar.shop\/index.php\/wp-json\/wp\/v2\/product\/33967\/revisions"}],"predecessor-version":[{"id":34045,"href":"https:\/\/ynrsolar.shop\/index.php\/wp-json\/wp\/v2\/product\/33967\/revisions\/34045"}],"wp:featuredmedia":[{"embeddable":true,"href":"https:\/\/ynrsolar.shop\/index.php\/wp-json\/wp\/v2\/media\/34044"}],"wp:attachment":[{"href":"https:\/\/ynrsolar.shop\/index.php\/wp-json\/wp\/v2\/media?parent=33967"}],"wp:term":[{"taxonomy":"pwb-brand","embeddable":true,"href":"https:\/\/ynrsolar.shop\/index.php\/wp-json\/wp\/v2\/pwb-brand?post=33967"},{"taxonomy":"product_brand","embeddable":true,"href":"https:\/\/ynrsolar.shop\/index.php\/wp-json\/wp\/v2\/product_brand?post=33967"},{"taxonomy":"product_cat","embeddable":true,"href":"https:\/\/ynrsolar.shop\/index.php\/wp-json\/wp\/v2\/product_cat?post=33967"},{"taxonomy":"product_tag","embeddable":true,"href":"https:\/\/ynrsolar.shop\/index.php\/wp-json\/wp\/v2\/product_tag?post=33967"}],"curies":[{"name":"wp","href":"https:\/\/api.w.org\/{rel}","templated":true}]}}