{"id":33966,"date":"2025-04-14T14:01:56","date_gmt":"2025-04-14T11:01:56","guid":{"rendered":"https:\/\/ynrsolar.shop\/?post_type=product&#038;p=33966"},"modified":"2025-06-09T20:49:32","modified_gmt":"2025-06-09T17:49:32","slug":"orbus-12v-300w-modifiye-sinus-invertor","status":"publish","type":"product","link":"https:\/\/ynrsolar.shop\/index.php\/urun\/orbus-12v-300w-modifiye-sinus-invertor\/","title":{"rendered":"Orbus 12V 300W Modifiye Sin\u00fcs \u0130nvert\u00f6r"},"content":{"rendered":"<div class=\"left margin_top font_small\">\n<p><strong>G\u00dc\u00c7:<\/strong> 300W<br \/>\n<strong>PEAK (5sn):<\/strong> 600W<br \/>\n<strong>G\u0130R\u0130\u015e VOLTAJ:<\/strong> 12V DC<br \/>\n<strong>\u00c7IKI\u015e VOLTAJ:<\/strong> 220V AC<br \/>\n<strong>KARE DALGA<\/strong><\/p>\n<\/div>\n","protected":false},"excerpt":{"rendered":"<p>G\u00dc\u00c7: 300W PEAK (5sn): 600W G\u0130R\u0130\u015e VOLTAJ: 12V DC \u00c7IKI\u015e VOLTAJ: 220V AC KARE DALGA<\/p>\n","protected":false},"featured_media":34042,"template":"","meta":[],"pwb-brand":[210],"product_brand":[],"product_cat":[1987,1992],"product_tag":[545],"class_list":{"0":"post-33966","1":"product","2":"type-product","3":"status-publish","4":"has-post-thumbnail","6":"pwb-brand-orbus","7":"product_cat-inverterler","8":"product_cat-modifiye-sinus-inverterler","9":"product_tag-12v-300w-modifiye-sinus-invertor","11":"first","12":"instock","13":"shipping-taxable","14":"product-type-simple"},"jetpack_sharing_enabled":true,"brands":[{"id":210,"name":"Orbus","slug":"orbus"}],"_links":{"self":[{"href":"https:\/\/ynrsolar.shop\/index.php\/wp-json\/wp\/v2\/product\/33966","targetHints":{"allow":["GET"]}}],"collection":[{"href":"https:\/\/ynrsolar.shop\/index.php\/wp-json\/wp\/v2\/product"}],"about":[{"href":"https:\/\/ynrsolar.shop\/index.php\/wp-json\/wp\/v2\/types\/product"}],"version-history":[{"count":1,"href":"https:\/\/ynrsolar.shop\/index.php\/wp-json\/wp\/v2\/product\/33966\/revisions"}],"predecessor-version":[{"id":34043,"href":"https:\/\/ynrsolar.shop\/index.php\/wp-json\/wp\/v2\/product\/33966\/revisions\/34043"}],"wp:featuredmedia":[{"embeddable":true,"href":"https:\/\/ynrsolar.shop\/index.php\/wp-json\/wp\/v2\/media\/34042"}],"wp:attachment":[{"href":"https:\/\/ynrsolar.shop\/index.php\/wp-json\/wp\/v2\/media?parent=33966"}],"wp:term":[{"taxonomy":"pwb-brand","embeddable":true,"href":"https:\/\/ynrsolar.shop\/index.php\/wp-json\/wp\/v2\/pwb-brand?post=33966"},{"taxonomy":"product_brand","embeddable":true,"href":"https:\/\/ynrsolar.shop\/index.php\/wp-json\/wp\/v2\/product_brand?post=33966"},{"taxonomy":"product_cat","embeddable":true,"href":"https:\/\/ynrsolar.shop\/index.php\/wp-json\/wp\/v2\/product_cat?post=33966"},{"taxonomy":"product_tag","embeddable":true,"href":"https:\/\/ynrsolar.shop\/index.php\/wp-json\/wp\/v2\/product_tag?post=33966"}],"curies":[{"name":"wp","href":"https:\/\/api.w.org\/{rel}","templated":true}]}}