{"id":33965,"date":"2025-04-14T14:01:56","date_gmt":"2025-04-14T11:01:56","guid":{"rendered":"https:\/\/ynrsolar.shop\/?post_type=product&#038;p=33965"},"modified":"2025-06-09T20:49:40","modified_gmt":"2025-06-09T17:49:40","slug":"orbus-lityum-lifepo4-aku-48v-100ah-48kwh","status":"publish","type":"product","link":"https:\/\/ynrsolar.shop\/index.php\/urun\/orbus-lityum-lifepo4-aku-48v-100ah-48kwh\/","title":{"rendered":"Orbus Lityum LifePo4 Ak\u00fc 48v 100ah 4,8kwh"},"content":{"rendered":"<p><b>\u00dcr\u00fcn Garantisi Ve \u00d6zellikleri<\/b><\/p>\n<p><b>* \u00dcr\u00fcn Garanti S\u00fcresi :<\/b>\u00a05+5 Y\u0131l<\/p>\n<p><b>* Ak\u00fc \u00d6zelli\u011fi :<\/b>\u00a0Lityum LifePo4<\/p>\n<p><b>* Ak\u00fc Modeli :<\/b>\u00a048 Volt \/ 100 Amper<\/p>\n<p><b>* Enerji Miktar\u0131 :<\/b>\u00a04.8\u00a0kWh<\/p>\n<p><b>* Maksimum De\u015farj Ak\u0131m\u0131 :<\/b>\u00a0100 Amper<\/p>\n<p><b>* D\u00fc\u015f\u00fck Voltaj \u015earj Seviyesi :<\/b>\u00a042 Volt<\/p>\n<p><b>* \u00d6nerilen \u015earj Ak\u0131m\u0131 :<\/b>\u00a050 Amper<\/p>\n<p><b>* \u00d6nerilen \u015earj Voltaj\u0131 :<\/b>\u00a054 Volt<\/p>\n<p><b>* Maksimum \u015earj Ak\u0131m\u0131 :<\/b>\u00a0100 Amper<\/p>\n<p><b>* Kutu Ebatlar\u0131 :<\/b>\u00a0558 x 466 x 189h mm<\/p>\n","protected":false},"excerpt":{"rendered":"<p>\u00dcr\u00fcn Garantisi Ve \u00d6zellikleri * \u00dcr\u00fcn Garanti S\u00fcresi :\u00a05+5 Y\u0131l * Ak\u00fc \u00d6zelli\u011fi :\u00a0Lityum LifePo4 * Ak\u00fc Modeli :\u00a048 Volt<\/p>\n","protected":false},"featured_media":34040,"template":"","meta":[],"pwb-brand":[210],"product_brand":[],"product_cat":[124,2002,2003],"product_tag":[1290],"class_list":{"0":"post-33965","1":"product","2":"type-product","3":"status-publish","4":"has-post-thumbnail","6":"pwb-brand-orbus","7":"product_cat-akuler","8":"product_cat-lifepo4-lithium","9":"product_cat-lityum-akuler","10":"product_tag-8kwh-dusuk-voltajli-aku-modulu","12":"first","13":"instock","14":"shipping-taxable","15":"product-type-simple"},"jetpack_sharing_enabled":true,"brands":[{"id":210,"name":"Orbus","slug":"orbus"}],"_links":{"self":[{"href":"https:\/\/ynrsolar.shop\/index.php\/wp-json\/wp\/v2\/product\/33965","targetHints":{"allow":["GET"]}}],"collection":[{"href":"https:\/\/ynrsolar.shop\/index.php\/wp-json\/wp\/v2\/product"}],"about":[{"href":"https:\/\/ynrsolar.shop\/index.php\/wp-json\/wp\/v2\/types\/product"}],"version-history":[{"count":1,"href":"https:\/\/ynrsolar.shop\/index.php\/wp-json\/wp\/v2\/product\/33965\/revisions"}],"predecessor-version":[{"id":34041,"href":"https:\/\/ynrsolar.shop\/index.php\/wp-json\/wp\/v2\/product\/33965\/revisions\/34041"}],"wp:featuredmedia":[{"embeddable":true,"href":"https:\/\/ynrsolar.shop\/index.php\/wp-json\/wp\/v2\/media\/34040"}],"wp:attachment":[{"href":"https:\/\/ynrsolar.shop\/index.php\/wp-json\/wp\/v2\/media?parent=33965"}],"wp:term":[{"taxonomy":"pwb-brand","embeddable":true,"href":"https:\/\/ynrsolar.shop\/index.php\/wp-json\/wp\/v2\/pwb-brand?post=33965"},{"taxonomy":"product_brand","embeddable":true,"href":"https:\/\/ynrsolar.shop\/index.php\/wp-json\/wp\/v2\/product_brand?post=33965"},{"taxonomy":"product_cat","embeddable":true,"href":"https:\/\/ynrsolar.shop\/index.php\/wp-json\/wp\/v2\/product_cat?post=33965"},{"taxonomy":"product_tag","embeddable":true,"href":"https:\/\/ynrsolar.shop\/index.php\/wp-json\/wp\/v2\/product_tag?post=33965"}],"curies":[{"name":"wp","href":"https:\/\/api.w.org\/{rel}","templated":true}]}}