{"id":33964,"date":"2025-04-14T14:01:56","date_gmt":"2025-04-14T11:01:56","guid":{"rendered":"https:\/\/ynrsolar.shop\/?post_type=product&#038;p=33964"},"modified":"2025-06-09T20:49:49","modified_gmt":"2025-06-09T17:49:49","slug":"orbus-48v-50amper-24-kwh-lityum-aku-lifepo4","status":"publish","type":"product","link":"https:\/\/ynrsolar.shop\/index.php\/urun\/orbus-48v-50amper-24-kwh-lityum-aku-lifepo4\/","title":{"rendered":"ORBUS 48V 50Amper 2,4 kWh Lityum Ak\u00fc LifePo4"},"content":{"rendered":"<h2>Orbus\u00a0Lityum Ak\u00fc \u2013\u00a0LV OLS4850 2.4 kW<\/h2>\n<h3>Ak\u0131ll\u0131 \u2013 G\u00fcvenli \u2013 Mod\u00fcler Lityum Batarya Orbus LV OLS 4850<\/h3>\n<h4>Neden Ak\u0131ll\u0131?<\/h4>\n<p>OLS4850 mod\u00fclleri etkin bir \u015fekilde y\u00f6netmek i\u00e7in her pil tak\u0131m\u0131 i\u00e7in ak\u0131ll\u0131 BMS ile donat\u0131lm\u0131\u015ft\u0131r.<\/p>\n<p>Geleneksel jel ak\u00fcler ile kar\u015f\u0131la\u015ft\u0131r\u0131ld\u0131\u011f\u0131nda, OLS 4850 lityum ak\u00fcler\u00a0daha fazla kapasite salar ve d\u00f6ng\u00fc \u00f6mr\u00fcn\u00fc\u00a0\u00e7ok daha fazlad\u0131r. &gt;6000 DOD<\/p>\n<h4>Kompakt Tasar\u0131m<\/h4>\n<p>Orbus Lityum Ak\u00fc sadece 22 kg a\u011f\u0131rl\u0131\u011f\u0131ndad\u0131r.<\/p>\n<p>480*360*90mm \u00f6l\u00e7\u00fclerine sahiptir<\/p>\n<p>Pratik kurulumu sayesinde kolay kullan\u0131m sa\u011flar.<\/p>\n<h4>Uygulama<\/h4>\n<p>OLS4850 lityum mod\u00fclleri, enerji depolama ve elektrik \u00fcr\u00fcnlerinde yayg\u0131n olarak kullan\u0131lmaktad\u0131r.<\/p>\n<p>Evsel ve merkezi enerji depolama sistemlerinde uygulanabilir.<\/p>\n<p>\u015earj ve de\u015farjda kendi kendine y\u00f6netimin yan\u0131 s\u0131ra a\u015f\u0131r\u0131 de\u015farj, a\u015f\u0131r\u0131 \u015farj, a\u015f\u0131r\u0131 ak\u0131m, anormal s\u0131cakl\u0131k gibi koruma fonksiyonlar\u0131na sahiptir.<\/p>\n<p>Mod\u00fcler yap\u0131s\u0131 sayesinde seri olarak ba\u011flant\u0131 yap\u0131larak daha fazla enerjinin depolanarak ihtiya\u00e7 durumunda kullan\u0131lmas\u0131na izin verir.<\/p>\n<p>OLS4850 Orbus Lityum demir fosfat ak\u00fcler ;fazla miktarda enerji depolanmas\u0131 gereken durumlarda, kurulum yeri a\u00e7\u0131s\u0131ndan k\u0131s\u0131tl\u0131 yere ihtiya\u00e7 duyulan yerlerde ve daha uzun \u00f6m\u00fcr ve g\u00fcvenli elektrik arz\u0131 gerektiren uygulamalar i\u00e7in uygundur.<\/p>\n<table border=\"2\" width=\"557\">\n<tbody>\n<tr>\n<td width=\"187\"><strong>Model<\/strong><\/td>\n<td width=\"371\"><strong>OLS 4850<\/strong><\/td>\n<\/tr>\n<tr>\n<td width=\"187\"><strong>Batarya Tipi<\/strong><\/td>\n<td width=\"371\">LiFePO4<\/td>\n<\/tr>\n<tr>\n<td width=\"187\"><strong>Nominal Batarya G\u00fcc\u00fc<\/strong><\/td>\n<td width=\"371\">2,4 kWh<\/td>\n<\/tr>\n<tr>\n<td width=\"187\"><strong>Nominal Kapasite<\/strong><\/td>\n<td width=\"371\">50Ah<\/td>\n<\/tr>\n<tr>\n<td width=\"187\"><strong>Nominal Voltaj<\/strong><\/td>\n<td width=\"371\">48V<\/td>\n<\/tr>\n<tr>\n<td width=\"187\"><strong>\u015earj Kesme Voltaj\u0131<\/strong><\/td>\n<td width=\"371\">54V<\/td>\n<\/tr>\n<tr>\n<td width=\"187\"><strong>De\u015farjda Kesme Voltaj\u0131<\/strong><\/td>\n<td width=\"371\">42V<\/td>\n<\/tr>\n<tr>\n<td width=\"187\"><strong>\u00d6nerilen C Oran\u0131<\/strong><\/td>\n<td width=\"371\">0,5C<\/td>\n<\/tr>\n<tr>\n<td width=\"187\"><strong>Nominal C Oran\u0131<\/strong><\/td>\n<td width=\"371\">1C<\/td>\n<\/tr>\n<tr>\n<td width=\"187\"><strong>Net A\u011f\u0131rl\u0131k<\/strong><\/td>\n<td width=\"371\">22Kg<\/td>\n<\/tr>\n<tr>\n<td width=\"187\"><strong>\u00d6l\u00e7\u00fcler<\/strong><\/td>\n<td width=\"371\">480*360*90mm<\/td>\n<\/tr>\n<tr>\n<td width=\"187\"><strong>\u015earj S\u0131cakl\u0131k Aral\u0131\u011f\u0131<\/strong><\/td>\n<td width=\"371\">50\u00a0<sup>0<\/sup>C<\/td>\n<\/tr>\n<tr>\n<td width=\"187\"><strong>De\u015farj S\u0131cakl\u0131k Aral\u0131\u011f\u0131<\/strong><\/td>\n<td width=\"371\">-20 +70\u00a0<sup>0<\/sup>C<\/td>\n<\/tr>\n<tr>\n<td width=\"187\"><strong>D\u00f6ng\u00fc Say\u0131s\u0131<\/strong><\/td>\n<td width=\"371\">&gt;6000 Cycles<\/td>\n<\/tr>\n<tr>\n<td width=\"187\"><strong>Koruma S\u0131n\u0131f\u0131<\/strong><\/td>\n<td width=\"371\">IP 20<\/td>\n<\/tr>\n<tr>\n<td width=\"187\"><strong>Haberle\u015fme<\/strong><\/td>\n<td width=\"371\">CAN\/RS485\/DRY CONTACT<\/td>\n<\/tr>\n<tr>\n<td width=\"187\"><strong>Sertifikalar<\/strong><\/td>\n<td width=\"371\">TUV\/CE\/EN62619\/IEC62040\/UN38.3\/CEC Accredited<\/td>\n<\/tr>\n<tr>\n<td width=\"187\"><strong>Garanti<\/strong><\/td>\n<td width=\"371\">\u00a010 y\u0131l<\/td>\n<\/tr>\n<\/tbody>\n<\/table>\n<p>&nbsp;<\/p>\n","protected":false},"excerpt":{"rendered":"<p>Orbus\u00a0Lityum Ak\u00fc \u2013\u00a0LV OLS4850 2.4 kW Ak\u0131ll\u0131 \u2013 G\u00fcvenli \u2013 Mod\u00fcler Lityum Batarya Orbus LV OLS 4850 Neden Ak\u0131ll\u0131? OLS4850<\/p>\n","protected":false},"featured_media":34011,"template":"","meta":[],"pwb-brand":[210],"product_brand":[],"product_cat":[124,2002,2003],"product_tag":[1289],"class_list":{"0":"post-33964","1":"product","2":"type-product","3":"status-publish","4":"has-post-thumbnail","6":"pwb-brand-orbus","7":"product_cat-akuler","8":"product_cat-lifepo4-lithium","9":"product_cat-lityum-akuler","10":"product_tag-4-kwh-dusuk-voltajli-aku-modulu","12":"first","13":"instock","14":"shipping-taxable","15":"product-type-simple"},"jetpack_sharing_enabled":true,"brands":[{"id":210,"name":"Orbus","slug":"orbus"}],"_links":{"self":[{"href":"https:\/\/ynrsolar.shop\/index.php\/wp-json\/wp\/v2\/product\/33964","targetHints":{"allow":["GET"]}}],"collection":[{"href":"https:\/\/ynrsolar.shop\/index.php\/wp-json\/wp\/v2\/product"}],"about":[{"href":"https:\/\/ynrsolar.shop\/index.php\/wp-json\/wp\/v2\/types\/product"}],"version-history":[{"count":1,"href":"https:\/\/ynrsolar.shop\/index.php\/wp-json\/wp\/v2\/product\/33964\/revisions"}],"predecessor-version":[{"id":34012,"href":"https:\/\/ynrsolar.shop\/index.php\/wp-json\/wp\/v2\/product\/33964\/revisions\/34012"}],"wp:featuredmedia":[{"embeddable":true,"href":"https:\/\/ynrsolar.shop\/index.php\/wp-json\/wp\/v2\/media\/34011"}],"wp:attachment":[{"href":"https:\/\/ynrsolar.shop\/index.php\/wp-json\/wp\/v2\/media?parent=33964"}],"wp:term":[{"taxonomy":"pwb-brand","embeddable":true,"href":"https:\/\/ynrsolar.shop\/index.php\/wp-json\/wp\/v2\/pwb-brand?post=33964"},{"taxonomy":"product_brand","embeddable":true,"href":"https:\/\/ynrsolar.shop\/index.php\/wp-json\/wp\/v2\/product_brand?post=33964"},{"taxonomy":"product_cat","embeddable":true,"href":"https:\/\/ynrsolar.shop\/index.php\/wp-json\/wp\/v2\/product_cat?post=33964"},{"taxonomy":"product_tag","embeddable":true,"href":"https:\/\/ynrsolar.shop\/index.php\/wp-json\/wp\/v2\/product_tag?post=33964"}],"curies":[{"name":"wp","href":"https:\/\/api.w.org\/{rel}","templated":true}]}}