{"id":33960,"date":"2025-04-14T14:01:55","date_gmt":"2025-04-14T11:01:55","guid":{"rendered":"https:\/\/ynrsolar.shop\/?post_type=product&#038;p=33960"},"modified":"2025-06-09T20:50:59","modified_gmt":"2025-06-09T17:50:59","slug":"tommatech-lifepo4-moduler-lityum-batarya-aski-aparati","status":"publish","type":"product","link":"https:\/\/ynrsolar.shop\/index.php\/urun\/tommatech-lifepo4-moduler-lityum-batarya-aski-aparati\/","title":{"rendered":"TommaTech LiFePO4 Mod\u00fcler Lityum Batarya Ask\u0131 Aparat\u0131"},"content":{"rendered":"<p>TommaTech LiFePO4 Mod\u00fcler Lityum Batarya Ask\u0131 Aparat\u0131<\/p>\n<p>TommaTech LiFePO4 Mod\u00fcler Lityum Batarya Ask\u0131 Aparat\u0131, TommaTech 48V 50Ah LiFePO4 Mod\u00fcler Lityum Batarya ve\u00a0TommaTech 48V 100Ah LiFePO4 Mod\u00fcler Lityum Batarya ile kullan\u0131ma uygundur.<\/p>\n","protected":false},"excerpt":{"rendered":"<p>TommaTech LiFePO4 Mod\u00fcler Lityum Batarya Ask\u0131 Aparat\u0131 TommaTech LiFePO4 Mod\u00fcler Lityum Batarya Ask\u0131 Aparat\u0131, TommaTech 48V 50Ah LiFePO4 Mod\u00fcler Lityum<\/p>\n","protected":false},"featured_media":34003,"template":"","meta":[],"pwb-brand":[518],"product_brand":[],"product_cat":[2002],"product_tag":[1280],"class_list":{"0":"post-33960","1":"product","2":"type-product","3":"status-publish","4":"has-post-thumbnail","6":"pwb-brand-tommatech","7":"product_cat-lifepo4-lithium","8":"product_tag-tommatech-lifepo4-moduler-lityum-batarya-aski-aparati","10":"first","11":"instock","12":"shipping-taxable","13":"product-type-simple"},"jetpack_sharing_enabled":true,"brands":[{"id":518,"name":"Tommatech","slug":"tommatech"}],"_links":{"self":[{"href":"https:\/\/ynrsolar.shop\/index.php\/wp-json\/wp\/v2\/product\/33960","targetHints":{"allow":["GET"]}}],"collection":[{"href":"https:\/\/ynrsolar.shop\/index.php\/wp-json\/wp\/v2\/product"}],"about":[{"href":"https:\/\/ynrsolar.shop\/index.php\/wp-json\/wp\/v2\/types\/product"}],"version-history":[{"count":1,"href":"https:\/\/ynrsolar.shop\/index.php\/wp-json\/wp\/v2\/product\/33960\/revisions"}],"predecessor-version":[{"id":34004,"href":"https:\/\/ynrsolar.shop\/index.php\/wp-json\/wp\/v2\/product\/33960\/revisions\/34004"}],"wp:featuredmedia":[{"embeddable":true,"href":"https:\/\/ynrsolar.shop\/index.php\/wp-json\/wp\/v2\/media\/34003"}],"wp:attachment":[{"href":"https:\/\/ynrsolar.shop\/index.php\/wp-json\/wp\/v2\/media?parent=33960"}],"wp:term":[{"taxonomy":"pwb-brand","embeddable":true,"href":"https:\/\/ynrsolar.shop\/index.php\/wp-json\/wp\/v2\/pwb-brand?post=33960"},{"taxonomy":"product_brand","embeddable":true,"href":"https:\/\/ynrsolar.shop\/index.php\/wp-json\/wp\/v2\/product_brand?post=33960"},{"taxonomy":"product_cat","embeddable":true,"href":"https:\/\/ynrsolar.shop\/index.php\/wp-json\/wp\/v2\/product_cat?post=33960"},{"taxonomy":"product_tag","embeddable":true,"href":"https:\/\/ynrsolar.shop\/index.php\/wp-json\/wp\/v2\/product_tag?post=33960"}],"curies":[{"name":"wp","href":"https:\/\/api.w.org\/{rel}","templated":true}]}}