{"id":33959,"date":"2025-04-14T14:01:55","date_gmt":"2025-04-14T11:01:55","guid":{"rendered":"https:\/\/ynrsolar.shop\/?post_type=product&#038;p=33959"},"modified":"2025-06-09T20:50:44","modified_gmt":"2025-06-09T17:50:44","slug":"tommatech-hightech-power-3kwh-lityum-batarya","status":"publish","type":"product","link":"https:\/\/ynrsolar.shop\/index.php\/urun\/tommatech-hightech-power-3kwh-lityum-batarya\/","title":{"rendered":"TommaTech Hightech Power 3kWh Lityum Batarya"},"content":{"rendered":"<p>&#8216;- Uzaktan \u0130zleme Se\u00e7enekleri<br \/>\n&#8211; H\u0131zl\u0131 &amp; Kolay Kurulum<br \/>\n&#8211; Artt\u0131r\u0131labilir Enerji Kapasitesi<br \/>\n&#8211; TommaTech Hibrit Serisi ile Kesintisiz ve Kompakt bir Enerji Sistemi<br \/>\n&#8211; %90 De\u015farj Derinli\u011fi<br \/>\n&#8211; Yeni Nesil LFP Teknolojisi ile Verimli ve G\u00fcvenli Enerji Konsepti<br \/>\n&#8211; 10 Y\u0131l Garanti<\/p>\n","protected":false},"excerpt":{"rendered":"<p>&#8216;- Uzaktan \u0130zleme Se\u00e7enekleri &#8211; H\u0131zl\u0131 &amp; Kolay Kurulum &#8211; Artt\u0131r\u0131labilir Enerji Kapasitesi &#8211; TommaTech Hibrit Serisi ile Kesintisiz ve<\/p>\n","protected":false},"featured_media":34001,"template":"","meta":[],"pwb-brand":[518],"product_brand":[],"product_cat":[124,2002,2003],"product_tag":[1277],"class_list":{"0":"post-33959","1":"product","2":"type-product","3":"status-publish","4":"has-post-thumbnail","6":"pwb-brand-tommatech","7":"product_cat-akuler","8":"product_cat-lifepo4-lithium","9":"product_cat-lityum-akuler","10":"product_tag-tommatech-hightech-power-3kwh-lityum-batarya","12":"first","13":"instock","14":"shipping-taxable","15":"product-type-simple"},"jetpack_sharing_enabled":true,"brands":[{"id":518,"name":"Tommatech","slug":"tommatech"}],"_links":{"self":[{"href":"https:\/\/ynrsolar.shop\/index.php\/wp-json\/wp\/v2\/product\/33959","targetHints":{"allow":["GET"]}}],"collection":[{"href":"https:\/\/ynrsolar.shop\/index.php\/wp-json\/wp\/v2\/product"}],"about":[{"href":"https:\/\/ynrsolar.shop\/index.php\/wp-json\/wp\/v2\/types\/product"}],"version-history":[{"count":1,"href":"https:\/\/ynrsolar.shop\/index.php\/wp-json\/wp\/v2\/product\/33959\/revisions"}],"predecessor-version":[{"id":34002,"href":"https:\/\/ynrsolar.shop\/index.php\/wp-json\/wp\/v2\/product\/33959\/revisions\/34002"}],"wp:featuredmedia":[{"embeddable":true,"href":"https:\/\/ynrsolar.shop\/index.php\/wp-json\/wp\/v2\/media\/34001"}],"wp:attachment":[{"href":"https:\/\/ynrsolar.shop\/index.php\/wp-json\/wp\/v2\/media?parent=33959"}],"wp:term":[{"taxonomy":"pwb-brand","embeddable":true,"href":"https:\/\/ynrsolar.shop\/index.php\/wp-json\/wp\/v2\/pwb-brand?post=33959"},{"taxonomy":"product_brand","embeddable":true,"href":"https:\/\/ynrsolar.shop\/index.php\/wp-json\/wp\/v2\/product_brand?post=33959"},{"taxonomy":"product_cat","embeddable":true,"href":"https:\/\/ynrsolar.shop\/index.php\/wp-json\/wp\/v2\/product_cat?post=33959"},{"taxonomy":"product_tag","embeddable":true,"href":"https:\/\/ynrsolar.shop\/index.php\/wp-json\/wp\/v2\/product_tag?post=33959"}],"curies":[{"name":"wp","href":"https:\/\/api.w.org\/{rel}","templated":true}]}}