{"id":33947,"date":"2025-04-14T14:01:53","date_gmt":"2025-04-14T11:01:53","guid":{"rendered":"https:\/\/ynrsolar.shop\/?post_type=product&#038;p=33947"},"modified":"2025-06-09T20:52:58","modified_gmt":"2025-06-09T17:52:58","slug":"tommatech-easy-life-110w-katlanir-gunes-paneli","status":"publish","type":"product","link":"https:\/\/ynrsolar.shop\/index.php\/urun\/tommatech-easy-life-110w-katlanir-gunes-paneli\/","title":{"rendered":"TommaTech Easy Life 110w Katlan\u0131r G\u00fcne\u015f Paneli"},"content":{"rendered":"<p>Prizma Y\u00fczey<br \/>\nETFE ile M\u00fckemmel I\u015f\u0131k Ge\u00e7irgenli\u011fi<br \/>\nIBC H\u00fccre Teknolojisi<br \/>\nUltra Hafif Kullan\u0131m\u0131<\/p>\n","protected":false},"excerpt":{"rendered":"<p>Prizma Y\u00fczey ETFE ile M\u00fckemmel I\u015f\u0131k Ge\u00e7irgenli\u011fi IBC H\u00fccre Teknolojisi Ultra Hafif Kullan\u0131m\u0131<\/p>\n","protected":false},"featured_media":33980,"template":"","meta":[],"pwb-brand":[518],"product_brand":[],"product_cat":[1984,1998],"product_tag":[1257],"class_list":{"0":"post-33947","1":"product","2":"type-product","3":"status-publish","4":"has-post-thumbnail","6":"pwb-brand-tommatech","7":"product_cat-gunes-paneli","8":"product_cat-katlanir-gunes-paneli","9":"product_tag-tommatech-easy-life-katlanir-gunes-paneli","11":"first","12":"instock","13":"shipping-taxable","14":"product-type-simple"},"jetpack_sharing_enabled":true,"brands":[{"id":518,"name":"Tommatech","slug":"tommatech"}],"_links":{"self":[{"href":"https:\/\/ynrsolar.shop\/index.php\/wp-json\/wp\/v2\/product\/33947","targetHints":{"allow":["GET"]}}],"collection":[{"href":"https:\/\/ynrsolar.shop\/index.php\/wp-json\/wp\/v2\/product"}],"about":[{"href":"https:\/\/ynrsolar.shop\/index.php\/wp-json\/wp\/v2\/types\/product"}],"version-history":[{"count":1,"href":"https:\/\/ynrsolar.shop\/index.php\/wp-json\/wp\/v2\/product\/33947\/revisions"}],"predecessor-version":[{"id":33981,"href":"https:\/\/ynrsolar.shop\/index.php\/wp-json\/wp\/v2\/product\/33947\/revisions\/33981"}],"wp:featuredmedia":[{"embeddable":true,"href":"https:\/\/ynrsolar.shop\/index.php\/wp-json\/wp\/v2\/media\/33980"}],"wp:attachment":[{"href":"https:\/\/ynrsolar.shop\/index.php\/wp-json\/wp\/v2\/media?parent=33947"}],"wp:term":[{"taxonomy":"pwb-brand","embeddable":true,"href":"https:\/\/ynrsolar.shop\/index.php\/wp-json\/wp\/v2\/pwb-brand?post=33947"},{"taxonomy":"product_brand","embeddable":true,"href":"https:\/\/ynrsolar.shop\/index.php\/wp-json\/wp\/v2\/product_brand?post=33947"},{"taxonomy":"product_cat","embeddable":true,"href":"https:\/\/ynrsolar.shop\/index.php\/wp-json\/wp\/v2\/product_cat?post=33947"},{"taxonomy":"product_tag","embeddable":true,"href":"https:\/\/ynrsolar.shop\/index.php\/wp-json\/wp\/v2\/product_tag?post=33947"}],"curies":[{"name":"wp","href":"https:\/\/api.w.org\/{rel}","templated":true}]}}