{"id":33877,"date":"2025-04-14T14:01:28","date_gmt":"2025-04-14T11:01:28","guid":{"rendered":"https:\/\/ynrsolar.shop\/?post_type=product&#038;p=33877"},"modified":"2025-06-09T20:55:54","modified_gmt":"2025-06-09T17:55:54","slug":"tommatech-1500w-ups-serisi-12v-modifiye-sinus-ups-inverterler","status":"publish","type":"product","link":"https:\/\/ynrsolar.shop\/index.php\/urun\/tommatech-1500w-ups-serisi-12v-modifiye-sinus-ups-inverterler\/","title":{"rendered":"TommaTech 1500W UPS Serisi 12V Modifiye Sin\u00fcs UPS \u0130nverterler"},"content":{"rendered":"<h4>TommaTech MS-UPS1500W 12V Modifiye Sin\u00fcs \u0130nverter<\/h4>\n<p>24 ay garantili, s\u0131f\u0131r \u00fcr\u00fcn.<\/p>\n<p><strong>\u00dcr\u00fcn \u00d6zellikleri:<\/strong><\/p>\n<ul>\n<li>1200 W Modifiye Sin\u00fcs Dalgal\u0131 invert\u00f6r.<\/li>\n<li>Kaliteli enerji, kolay kullan\u0131m ve g\u00fcvenlik.<\/li>\n<li>D\u00fc\u015f\u00fck Ak\u00fc Seviyesi Alarm\u0131: Ak\u00fc 11Volt veya alt\u0131nda \u015farj oldu\u011fu takdirde uyar\u0131 sesi verme \u00f6zelli\u011fi.<\/li>\n<li>D\u00fc\u015f\u00fck Ak\u00fc Voltaj\u0131nda Korumas\u0131: Ak\u00fc voltaj\u0131 10,5Volt alt\u0131na d\u00fc\u015ft\u00fc\u011f\u00fcnde otomatik olarak kapanarak, ak\u00fcn\u00fcn tamamen de\u015farj olmas\u0131n\u0131n \u00f6n\u00fcne ge\u00e7er.<\/li>\n<li>Y\u00fcksek Ak\u00fc Voltaj\u0131 Korumas\u0131: Ak\u00fc voltaj\u0131 15V veya \u00fczerine \u00e7\u0131kt\u0131\u011f\u0131 takdirde invert\u00f6r otomatik olarak kapanarak koruma sa\u011flan\u0131r.<\/li>\n<li>A\u015f\u0131r\u0131 Y\u00fck korumas\u0131: \u0130nvert\u00f6r \u00e7\u0131k\u0131\u015f\u0131na ba\u011fl\u0131 ak\u0131mda k\u0131sa devre tespit edildi\u011finde veya invert\u00f6r\u00fcn i\u015fletim d\u00fczeyinden y\u00fcksek de\u011ferlerde g\u00fc\u00e7 tespit edildi\u011finde otomatik olarak kapanma \u00f6zelli\u011fi.<\/li>\n<li>Y\u00fcksek S\u0131cakl\u0131k Korumas\u0131: \u0130\u00e7 s\u0131cakl\u0131\u011f\u0131n kabul edilebilir d\u00fczeyin \u00fczerine \u00e7\u0131kmas\u0131 durumuda otomatik olarak kapanma \u00f6zelli\u011fi.<\/li>\n<li>Bir \u00e7ok elektronik cihaza uyumlu \u00e7al\u0131\u015fabilen modifiye sin\u00fcs dalga \u00e7\u0131k\u0131\u015f\u0131.<\/li>\n<\/ul>\n<p>Giri\u015f ve \u00c7\u0131k\u0131\u015f izolasyonu<br \/>\nUSB \u00e7\u0131k\u0131\u015f ba\u011flant\u0131 noktas\u0131<br \/>\nY\u00fcksek Dalgalanma Ak\u0131m\u0131 kapasitesi<br \/>\nYumu\u015fak Ba\u015flang\u0131\u00e7<br \/>\nSaf Sin\u00fcs Dalga Formu<br \/>\nAC \u015febeke \u00e7\u0131k\u0131\u015f\u0131 \u00e7\u0131k\u0131\u015f\u0131na benzer<br \/>\nY\u00fck ve S\u0131cakl\u0131k uygunluk kontrol\u00fc<br \/>\nD\u00fc\u015f\u00fck toplam harmonik bozulma: %3&#8217;\u00fcn alt\u0131nda<\/p>\n","protected":false},"excerpt":{"rendered":"<p>TommaTech MS-UPS1500W 12V Modifiye Sin\u00fcs \u0130nverter 24 ay garantili, s\u0131f\u0131r \u00fcr\u00fcn. \u00dcr\u00fcn \u00d6zellikleri: 1200 W Modifiye Sin\u00fcs Dalgal\u0131 invert\u00f6r. Kaliteli<\/p>\n","protected":false},"featured_media":33919,"template":"","meta":[],"pwb-brand":[518],"product_brand":[],"product_cat":[1987,1993],"product_tag":[1206,1207,1208,1209,1210],"class_list":{"0":"post-33877","1":"product","2":"type-product","3":"status-publish","4":"has-post-thumbnail","6":"pwb-brand-tommatech","7":"product_cat-inverterler","8":"product_cat-modifiye-sinus-sarjli-inverterler","9":"product_tag-invertor","10":"product_tag-sarjli","11":"product_tag-tommatech","12":"product_tag-tommatech-ups-serisi-12v-modifiye-sinus-ups-inverterler","13":"product_tag-ups","15":"first","16":"instock","17":"shipping-taxable","18":"product-type-simple"},"jetpack_sharing_enabled":true,"brands":[{"id":518,"name":"Tommatech","slug":"tommatech"}],"_links":{"self":[{"href":"https:\/\/ynrsolar.shop\/index.php\/wp-json\/wp\/v2\/product\/33877","targetHints":{"allow":["GET"]}}],"collection":[{"href":"https:\/\/ynrsolar.shop\/index.php\/wp-json\/wp\/v2\/product"}],"about":[{"href":"https:\/\/ynrsolar.shop\/index.php\/wp-json\/wp\/v2\/types\/product"}],"version-history":[{"count":1,"href":"https:\/\/ynrsolar.shop\/index.php\/wp-json\/wp\/v2\/product\/33877\/revisions"}],"predecessor-version":[{"id":33920,"href":"https:\/\/ynrsolar.shop\/index.php\/wp-json\/wp\/v2\/product\/33877\/revisions\/33920"}],"wp:featuredmedia":[{"embeddable":true,"href":"https:\/\/ynrsolar.shop\/index.php\/wp-json\/wp\/v2\/media\/33919"}],"wp:attachment":[{"href":"https:\/\/ynrsolar.shop\/index.php\/wp-json\/wp\/v2\/media?parent=33877"}],"wp:term":[{"taxonomy":"pwb-brand","embeddable":true,"href":"https:\/\/ynrsolar.shop\/index.php\/wp-json\/wp\/v2\/pwb-brand?post=33877"},{"taxonomy":"product_brand","embeddable":true,"href":"https:\/\/ynrsolar.shop\/index.php\/wp-json\/wp\/v2\/product_brand?post=33877"},{"taxonomy":"product_cat","embeddable":true,"href":"https:\/\/ynrsolar.shop\/index.php\/wp-json\/wp\/v2\/product_cat?post=33877"},{"taxonomy":"product_tag","embeddable":true,"href":"https:\/\/ynrsolar.shop\/index.php\/wp-json\/wp\/v2\/product_tag?post=33877"}],"curies":[{"name":"wp","href":"https:\/\/api.w.org\/{rel}","templated":true}]}}