{"id":33876,"date":"2025-04-14T14:01:28","date_gmt":"2025-04-14T11:01:28","guid":{"rendered":"https:\/\/ynrsolar.shop\/?post_type=product&#038;p=33876"},"modified":"2025-06-09T20:56:09","modified_gmt":"2025-06-09T17:56:09","slug":"tommatech-24v-1500w-modifiye-sinus-inverter","status":"publish","type":"product","link":"https:\/\/ynrsolar.shop\/index.php\/urun\/tommatech-24v-1500w-modifiye-sinus-inverter\/","title":{"rendered":"TommaTech 24V 1500W Modifiye Sin\u00fcs \u0130nverter"},"content":{"rendered":"<p>Dahili USB \u00e7\u0131k\u0131\u015f portu.<br \/>\nKaliteli bile\u015fenler i\u00e7eren, kullan\u0131m\u0131 kolay kompakt tasar\u0131m.<br \/>\nD\u00fc\u015f\u00fck pil alarm\u0131.<br \/>\nD\u00fc\u015f\u00fck voltaj alarm\u0131 ve kapanma.<br \/>\nA\u015f\u0131r\u0131 voltaj, a\u015f\u0131r\u0131 y\u00fck ve a\u015f\u0131r\u0131 s\u0131cakl\u0131k korumas\u0131.<br \/>\nK\u0131sa devre ve ters polarite korumas\u0131.<br \/>\nYava\u015f ba\u015flang\u0131\u00e7 \u00f6zelli\u011fi.<br \/>\nTopraklama korumas\u0131.<\/p>\n","protected":false},"excerpt":{"rendered":"<p>Dahili USB \u00e7\u0131k\u0131\u015f portu. Kaliteli bile\u015fenler i\u00e7eren, kullan\u0131m\u0131 kolay kompakt tasar\u0131m. D\u00fc\u015f\u00fck pil alarm\u0131. D\u00fc\u015f\u00fck voltaj alarm\u0131 ve kapanma. A\u015f\u0131r\u0131<\/p>\n","protected":false},"featured_media":33917,"template":"","meta":[],"pwb-brand":[518],"product_brand":[],"product_cat":[1987,1992],"product_tag":[1204],"class_list":{"0":"post-33876","1":"product","2":"type-product","3":"status-publish","4":"has-post-thumbnail","6":"pwb-brand-tommatech","7":"product_cat-inverterler","8":"product_cat-modifiye-sinus-inverterler","9":"product_tag-tommatech-ms-serisi-1500w-modifiye-sinus-inverterler","11":"first","12":"instock","13":"shipping-taxable","14":"product-type-simple"},"jetpack_sharing_enabled":true,"brands":[{"id":518,"name":"Tommatech","slug":"tommatech"}],"_links":{"self":[{"href":"https:\/\/ynrsolar.shop\/index.php\/wp-json\/wp\/v2\/product\/33876","targetHints":{"allow":["GET"]}}],"collection":[{"href":"https:\/\/ynrsolar.shop\/index.php\/wp-json\/wp\/v2\/product"}],"about":[{"href":"https:\/\/ynrsolar.shop\/index.php\/wp-json\/wp\/v2\/types\/product"}],"version-history":[{"count":1,"href":"https:\/\/ynrsolar.shop\/index.php\/wp-json\/wp\/v2\/product\/33876\/revisions"}],"predecessor-version":[{"id":33918,"href":"https:\/\/ynrsolar.shop\/index.php\/wp-json\/wp\/v2\/product\/33876\/revisions\/33918"}],"wp:featuredmedia":[{"embeddable":true,"href":"https:\/\/ynrsolar.shop\/index.php\/wp-json\/wp\/v2\/media\/33917"}],"wp:attachment":[{"href":"https:\/\/ynrsolar.shop\/index.php\/wp-json\/wp\/v2\/media?parent=33876"}],"wp:term":[{"taxonomy":"pwb-brand","embeddable":true,"href":"https:\/\/ynrsolar.shop\/index.php\/wp-json\/wp\/v2\/pwb-brand?post=33876"},{"taxonomy":"product_brand","embeddable":true,"href":"https:\/\/ynrsolar.shop\/index.php\/wp-json\/wp\/v2\/product_brand?post=33876"},{"taxonomy":"product_cat","embeddable":true,"href":"https:\/\/ynrsolar.shop\/index.php\/wp-json\/wp\/v2\/product_cat?post=33876"},{"taxonomy":"product_tag","embeddable":true,"href":"https:\/\/ynrsolar.shop\/index.php\/wp-json\/wp\/v2\/product_tag?post=33876"}],"curies":[{"name":"wp","href":"https:\/\/api.w.org\/{rel}","templated":true}]}}