{"id":33867,"date":"2025-04-14T14:01:27","date_gmt":"2025-04-14T11:01:27","guid":{"rendered":"https:\/\/ynrsolar.shop\/?post_type=product&#038;p=33867"},"modified":"2025-06-09T20:56:56","modified_gmt":"2025-06-09T17:56:56","slug":"tommatech-110watt-multibusbar-gunes-paneli","status":"publish","type":"product","link":"https:\/\/ynrsolar.shop\/index.php\/urun\/tommatech-110watt-multibusbar-gunes-paneli\/","title":{"rendered":"TommaTech 110Watt Multibusbar G\u00fcne\u015f Paneli"},"content":{"rendered":"<ul>\n<li><strong>Y\u00fcksek D\u00f6n\u00fc\u015f\u00fcm Verimlili\u011fi:\u00a0<\/strong>Y\u00fcksek Panel Verimlili\u011fi Sayesinde, Y\u00fcksek G\u00fc\u00e7 \u00c7\u0131k\u0131\u015f\u0131n\u0131 Garanti Eder.<\/li>\n<li><strong>Kendi Kendini Temizleyen ve Yans\u0131may\u0131 Azaltan Cam:<\/strong>\u00a0Cam \u00dczerindeki \u00d6zel Kaplama Y\u00fczey Tozunu Azalt\u0131r.<\/li>\n<li><strong>D\u00fc\u015f\u00fck I\u015f\u0131n\u0131mda Y\u00fcksek Verimlilik:\u00a0<\/strong>Sabah ve Bulutlu Hava Ko\u015fullar\u0131nda Dahi Y\u00fcksek Panel Verimlili\u011fi<\/li>\n<li><strong>M\u00fckemmel Dayan\u0131m Kapasitesi:<\/strong>\u00a02400 Pa R\u00fczgar Y\u00fck\u00fc, 5400 Pa Kar Y\u00fck\u00fcne Kar\u015f\u0131 Dayan\u0131m<\/li>\n<li><strong>0~+5W\u00a0Pozitif G\u00fc\u00e7 Tolerans\u0131<\/strong><\/li>\n<li><strong>Kolay Kurulum<\/strong><\/li>\n<\/ul>\n","protected":false},"excerpt":{"rendered":"<p>Y\u00fcksek D\u00f6n\u00fc\u015f\u00fcm Verimlili\u011fi:\u00a0Y\u00fcksek Panel Verimlili\u011fi Sayesinde, Y\u00fcksek G\u00fc\u00e7 \u00c7\u0131k\u0131\u015f\u0131n\u0131 Garanti Eder. Kendi Kendini Temizleyen ve Yans\u0131may\u0131 Azaltan Cam:\u00a0Cam \u00dczerindeki \u00d6zel<\/p>\n","protected":false},"featured_media":33899,"template":"","meta":[],"pwb-brand":[518],"product_brand":[],"product_cat":[1984,1986],"product_tag":[858],"class_list":{"0":"post-33867","1":"product","2":"type-product","3":"status-publish","4":"has-post-thumbnail","6":"pwb-brand-tommatech","7":"product_cat-gunes-paneli","8":"product_cat-mono-kristal-gunes-panelleri","9":"product_tag-110wp-36tn-topcon-gunes-paneli","11":"first","12":"instock","13":"shipping-taxable","14":"product-type-simple"},"jetpack_sharing_enabled":true,"brands":[{"id":518,"name":"Tommatech","slug":"tommatech"}],"_links":{"self":[{"href":"https:\/\/ynrsolar.shop\/index.php\/wp-json\/wp\/v2\/product\/33867","targetHints":{"allow":["GET"]}}],"collection":[{"href":"https:\/\/ynrsolar.shop\/index.php\/wp-json\/wp\/v2\/product"}],"about":[{"href":"https:\/\/ynrsolar.shop\/index.php\/wp-json\/wp\/v2\/types\/product"}],"version-history":[{"count":1,"href":"https:\/\/ynrsolar.shop\/index.php\/wp-json\/wp\/v2\/product\/33867\/revisions"}],"predecessor-version":[{"id":33900,"href":"https:\/\/ynrsolar.shop\/index.php\/wp-json\/wp\/v2\/product\/33867\/revisions\/33900"}],"wp:featuredmedia":[{"embeddable":true,"href":"https:\/\/ynrsolar.shop\/index.php\/wp-json\/wp\/v2\/media\/33899"}],"wp:attachment":[{"href":"https:\/\/ynrsolar.shop\/index.php\/wp-json\/wp\/v2\/media?parent=33867"}],"wp:term":[{"taxonomy":"pwb-brand","embeddable":true,"href":"https:\/\/ynrsolar.shop\/index.php\/wp-json\/wp\/v2\/pwb-brand?post=33867"},{"taxonomy":"product_brand","embeddable":true,"href":"https:\/\/ynrsolar.shop\/index.php\/wp-json\/wp\/v2\/product_brand?post=33867"},{"taxonomy":"product_cat","embeddable":true,"href":"https:\/\/ynrsolar.shop\/index.php\/wp-json\/wp\/v2\/product_cat?post=33867"},{"taxonomy":"product_tag","embeddable":true,"href":"https:\/\/ynrsolar.shop\/index.php\/wp-json\/wp\/v2\/product_tag?post=33867"}],"curies":[{"name":"wp","href":"https:\/\/api.w.org\/{rel}","templated":true}]}}